{"id":52,"date":"2013-12-16T09:31:29","date_gmt":"2013-12-16T09:31:29","guid":{"rendered":"http:\/\/grauonline.de\/cms2\/?page_id=52"},"modified":"2022-02-05T19:20:39","modified_gmt":"2022-02-05T19:20:39","slug":"about","status":"publish","type":"page","link":"https:\/\/main.grauonline.de\/de\/about\/","title":{"rendered":"Impressum \/ About Us"},"content":{"rendered":"<p>Grau GmbH is a small start-up company founded in 2013 (before, in 2006, we founded Grau GbR) and is developing unique data recovery tools for many years.<\/p>\n<p><img decoding=\"async\" src=\"https:\/\/main.grauonline.de\/wp-content\/uploads\/2013\/12\/graulogo3.gif\" alt=\"graulogo3\" width=\"161\" height=\"147\" \/>\u00a0\u00a0\u00a0\u00a0 <img decoding=\"async\" class=\"alignleft wp-image-857\" src=\"https:\/\/main.grauonline.de\/wp-content\/uploads\/2013\/12\/grau1-150x150.jpg\" alt=\"grau1\" width=\"269\" height=\"150\" srcset=\"https:\/\/main.grauonline.de\/wp-content\/uploads\/2013\/12\/grau1-300x167.jpg 300w, https:\/\/main.grauonline.de\/wp-content\/uploads\/2013\/12\/grau1.jpg 400w\" sizes=\"(max-width: 269px) 100vw, 269px\" \/><\/p>\n<p>Grau GmbH<br \/>\nHardware &amp; Software Solutions<br \/>\n\u00a9 2013-2017 Grau GmbH<\/p>\n<p><strong>Impressum \/ Address:<\/strong><\/p>\n<p>Grau GmbH<br \/>\nHardware &amp; Software Solutions<br \/>\nGottfried-B\u00fcren-Weg 25<br \/>\n33014 Bad Driburg<br \/>\nDeutschland<\/p>\n<p><i>CEO: Alexander Grau<br \/>\nAssociates: Alexander Grau, Christian Grau<br \/>\nLegal form: GmbH<br \/>\nRegistergericht: Amtsgericht Paderborn<br \/>\nRegisternummer: HRB 11012<br \/>\nSteuernummer: <\/i><i>339\/5818\/1591<\/i><i><br \/>\nVAT no.\/Umsatzsteuer-Identifikationsnummer: <\/i><i>DE815429076<br \/>\nEORI no.: DE784323642416526<\/i><\/p>\n<p><i>Phone No.: +49 (0) 5253 4030928<br \/>\nFAX1: +49 (0) 5253 9499785<br \/>\nFAX2: +49 (0) 5741 235530<br \/>\n<\/i><\/p>\n<h4>Kontakt \/ \u8054\u7edc\u7528\u82f1\u8bed\u53ea!:\u00a0 <a title=\"Kontakt\" href=\"https:\/\/main.grauonline.de\/de\/?page_id=81\">Bitte nutzen Sie das Kontaktformular!<\/a><\/h4>\n<p><strong>Verantwortlich f\u00fcr den Inhalt gem\u00e4\u00df RStV<\/strong><br \/>\nGrau GmbH<\/p>\n<p><strong>Urheberrecht<\/strong><\/p>\n<p>Die durch den Betreiber dieser Webseite erstellten Inhalte und Werke auf diesen Seiten unterliegen dem deutschen Urheberrecht. Die Vervielf\u00e4ltigung, Bearbeitung, Verbreitung und jede Art der Verwertung au\u00dferhalb der Grenzen des Urheberrechtes bed\u00fcrfen der schriftlichen Zustimmung des jeweiligen Autors bzw. Erstellers. Soweit die Inhalte auf dieser Seite nicht vom Betreiber selbst erstellt wurden, werden Urheberrechte Dritter beachtet. Insbesondere werden Inhalte Dritter als solche gekennzeichnet. Sollten Sie trotzdem auf eine Urheberrechtsverletzung aufmerksam werden, wird um einen entsprechenden Hinweis gebeten. Bei Bekanntwerden von Rechtsverletzungen wird der Betreiber derartige Inhalte umgehend entfernen.<\/p>\n<p><strong>Online-Streitbeilegung (OS-Plattform)<\/strong><br \/>\nDie EU-Kommission hat eine Internetplattform zur Online-Beilegung von Streitigkeiten betreffend vertraglicher Verpflichtungen aus Online-Vertr\u00e4gen geschaffen. Der Kunde kann die OS-Plattform unter dem folgenden Link erreichen:\u00a0<a href=\"http:\/\/ec.europa.eu\/consumers\/odr\/\">http:\/\/ec.europa.eu\/consumers\/odr\/<\/a><\/p>\n<p>Grau GmbH ist nicht bereit und nicht verpflichtet an einem Streitbeilegungsverfahren vor einer Verbraucherschlichtungsstelle teilzunehmen.<\/p>","protected":false},"excerpt":{"rendered":"<p>Grau GmbH is a small start-up company founded in 2013 (before, in 2006, we founded Grau GbR) and is developing&hellip;<\/p>","protected":false},"author":1,"featured_media":0,"parent":0,"menu_order":0,"comment_status":"closed","ping_status":"closed","template":"","meta":{"footnotes":""},"class_list":["post-52","page","type-page","status-publish","hentry"],"yoast_head":"<!-- This site is optimized with the Yoast SEO plugin v16.2 - https:\/\/yoast.com\/wordpress\/plugins\/seo\/ -->\n<title>Impressum \/ About Us - Grau GmbH Hardware &amp; Software Solutions<\/title>\n<meta name=\"robots\" content=\"index, follow, max-snippet:-1, max-image-preview:large, max-video-preview:-1\" \/>\n<link rel=\"canonical\" href=\"https:\/\/main.grauonline.de\/de\/about\/\" \/>\n<meta property=\"og:locale\" content=\"de_DE\" \/>\n<meta property=\"og:type\" content=\"article\" \/>\n<meta property=\"og:title\" content=\"Impressum \/ About Us - Grau GmbH Hardware &amp; Software Solutions\" \/>\n<meta property=\"og:description\" content=\"Grau GmbH is a small start-up company founded in 2013 (before, in 2006, we founded Grau GbR) and is developing&hellip;\" \/>\n<meta property=\"og:url\" content=\"https:\/\/main.grauonline.de\/de\/about\/\" \/>\n<meta property=\"og:site_name\" content=\"Grau GmbH Hardware &amp; Software Solutions\" \/>\n<meta property=\"article:modified_time\" content=\"2022-02-05T19:20:39+00:00\" \/>\n<meta property=\"og:image\" content=\"https:\/\/main.grauonline.de\/wp-content\/uploads\/2013\/12\/graulogo3.gif\" \/>\n<meta name=\"twitter:card\" content=\"summary\" \/>\n<meta name=\"twitter:label1\" content=\"Gesch\u00e4tzte Lesezeit\">\n\t<meta name=\"twitter:data1\" content=\"2\u00a0Minuten\">\n<script type=\"application\/ld+json\" class=\"yoast-schema-graph\">{\"@context\":\"https:\/\/schema.org\",\"@graph\":[{\"@type\":\"WebSite\",\"@id\":\"https:\/\/main.grauonline.de\/#website\",\"url\":\"https:\/\/main.grauonline.de\/\",\"name\":\"Grau GmbH Hardware &amp; Software Solutions\",\"description\":\"We make IT simple!\",\"potentialAction\":[{\"@type\":\"SearchAction\",\"target\":\"https:\/\/main.grauonline.de\/?s={search_term_string}\",\"query-input\":\"required name=search_term_string\"}],\"inLanguage\":\"de\"},{\"@type\":\"ImageObject\",\"@id\":\"https:\/\/main.grauonline.de\/about\/#primaryimage\",\"inLanguage\":\"de\",\"url\":\"https:\/\/main.grauonline.de\/wp-content\/uploads\/2013\/12\/graulogo3.gif\",\"contentUrl\":\"https:\/\/main.grauonline.de\/wp-content\/uploads\/2013\/12\/graulogo3.gif\",\"width\":161,\"height\":147},{\"@type\":\"WebPage\",\"@id\":\"https:\/\/main.grauonline.de\/about\/#webpage\",\"url\":\"https:\/\/main.grauonline.de\/about\/\",\"name\":\"Impressum \/ About Us - Grau GmbH Hardware &amp; Software Solutions\",\"isPartOf\":{\"@id\":\"https:\/\/main.grauonline.de\/#website\"},\"primaryImageOfPage\":{\"@id\":\"https:\/\/main.grauonline.de\/about\/#primaryimage\"},\"datePublished\":\"2013-12-16T09:31:29+00:00\",\"dateModified\":\"2022-02-05T19:20:39+00:00\",\"breadcrumb\":{\"@id\":\"https:\/\/main.grauonline.de\/about\/#breadcrumb\"},\"inLanguage\":\"de\",\"potentialAction\":[{\"@type\":\"ReadAction\",\"target\":[\"https:\/\/main.grauonline.de\/about\/\"]}]},{\"@type\":\"BreadcrumbList\",\"@id\":\"https:\/\/main.grauonline.de\/about\/#breadcrumb\",\"itemListElement\":[{\"@type\":\"ListItem\",\"position\":1,\"item\":{\"@id\":\"https:\/\/main.grauonline.de\/about\/#webpage\"}}]}]}<\/script>\n<!-- \/ Yoast SEO plugin. -->","_links":{"self":[{"href":"https:\/\/main.grauonline.de\/de\/wp-json\/wp\/v2\/pages\/52","targetHints":{"allow":["GET"]}}],"collection":[{"href":"https:\/\/main.grauonline.de\/de\/wp-json\/wp\/v2\/pages"}],"about":[{"href":"https:\/\/main.grauonline.de\/de\/wp-json\/wp\/v2\/types\/page"}],"author":[{"embeddable":true,"href":"https:\/\/main.grauonline.de\/de\/wp-json\/wp\/v2\/users\/1"}],"replies":[{"embeddable":true,"href":"https:\/\/main.grauonline.de\/de\/wp-json\/wp\/v2\/comments?post=52"}],"version-history":[{"count":31,"href":"https:\/\/main.grauonline.de\/de\/wp-json\/wp\/v2\/pages\/52\/revisions"}],"predecessor-version":[{"id":4346,"href":"https:\/\/main.grauonline.de\/de\/wp-json\/wp\/v2\/pages\/52\/revisions\/4346"}],"wp:attachment":[{"href":"https:\/\/main.grauonline.de\/de\/wp-json\/wp\/v2\/media?parent=52"}],"curies":[{"name":"wp","href":"https:\/\/api.w.org\/{rel}","templated":true}]}}