{"id":4331,"date":"2022-02-03T09:57:01","date_gmt":"2022-02-03T09:57:01","guid":{"rendered":"https:\/\/main.grauonline.de\/?page_id=4331"},"modified":"2023-01-12T14:13:08","modified_gmt":"2023-01-12T14:13:08","slug":"grauonline-de-it-corner","status":"publish","type":"page","link":"https:\/\/main.grauonline.de\/de\/grauonline-de-it-corner\/","title":{"rendered":"IT-Couch: Fakten, Humor und wir!"},"content":{"rendered":"<div data-elementor-type=\"wp-page\" data-elementor-id=\"4331\" class=\"elementor elementor-4331\">\n\t\t\t\t\t\t<section class=\"elementor-section elementor-top-section elementor-element elementor-element-368ab42 elementor-section-boxed elementor-section-height-default elementor-section-height-default jltma-glass-effect-no\" data-id=\"368ab42\" data-element_type=\"section\" data-e-type=\"section\">\n\t\t\t\t\t\t<div class=\"elementor-container elementor-column-gap-default\">\n\t\t\t\t\t<div class=\"elementor-column elementor-col-100 elementor-top-column elementor-element elementor-element-ab08e3a jltma-glass-effect-no\" data-id=\"ab08e3a\" data-element_type=\"column\" data-e-type=\"column\">\n\t\t\t<div class=\"elementor-widget-wrap elementor-element-populated\">\n\t\t\t\t\t\t<div class=\"elementor-element elementor-element-8ca7039 jltma-glass-effect-no elementor-widget elementor-widget-text-editor\" data-id=\"8ca7039\" data-element_type=\"widget\" data-e-type=\"widget\" data-widget_type=\"text-editor.default\">\n\t\t\t\t<div class=\"elementor-widget-container\">\n\t\t\t\t\t\t\t\t\t<p>Take a seat on our IT couch, grab a coffee, tea or beer. In our blog, we inform you about what&#8217;s new in the ever-changing IT universe. Learn more about data, automation, robotics and more topics which keep the IT world going. Naturally we don&#8217;t forget about the fun factor, either. So we regularly provide you with some fun content around our topics and business. Last and least, this blog also gives you an idea what&#8217;s coming up at Grau GmbH and our <a href=\"https:\/\/main.grauonline.de\/de\/our-partner-companies\/\">partner companies<\/a>.<\/p>\t\t\t\t\t\t\t\t<\/div>\n\t\t\t\t<\/div>\n\t\t\t\t\t<\/div>\n\t\t<\/div>\n\t\t\t\t\t<\/div>\n\t\t<\/section>\n\t\t\t\t<section class=\"elementor-section elementor-top-section elementor-element elementor-element-9727d10 elementor-section-boxed elementor-section-height-default elementor-section-height-default jltma-glass-effect-no\" data-id=\"9727d10\" data-element_type=\"section\" data-e-type=\"section\">\n\t\t\t\t\t\t<div class=\"elementor-container elementor-column-gap-default\">\n\t\t\t\t\t<div class=\"elementor-column elementor-col-100 elementor-top-column elementor-element elementor-element-539d8ea jltma-glass-effect-no\" data-id=\"539d8ea\" data-element_type=\"column\" data-e-type=\"column\">\n\t\t\t<div class=\"elementor-widget-wrap elementor-element-populated\">\n\t\t\t\t\t\t<div class=\"elementor-element elementor-element-40f4c01 jltma-glass-effect-no elementor-widget elementor-widget-image\" data-id=\"40f4c01\" data-element_type=\"widget\" data-e-type=\"widget\" data-widget_type=\"image.default\">\n\t\t\t\t<div class=\"elementor-widget-container\">\n\t\t\t\t\t\t\t\t\t\t\t\t\t\t\t<img fetchpriority=\"high\" decoding=\"async\" width=\"750\" height=\"861\" src=\"https:\/\/main.grauonline.de\/wp-content\/uploads\/2022\/02\/it-couch-768x882.png\" class=\"attachment-medium_large size-medium_large wp-image-4337\" alt=\"Meet us at our IT couch!\" srcset=\"https:\/\/main.grauonline.de\/wp-content\/uploads\/2022\/02\/it-couch-768x882.png 768w, https:\/\/main.grauonline.de\/wp-content\/uploads\/2022\/02\/it-couch-261x300.png 261w, https:\/\/main.grauonline.de\/wp-content\/uploads\/2022\/02\/it-couch-892x1024.png 892w, https:\/\/main.grauonline.de\/wp-content\/uploads\/2022\/02\/it-couch.png 1115w\" sizes=\"(max-width: 750px) 100vw, 750px\" \/>\t\t\t\t\t\t\t\t\t\t\t\t\t\t\t<\/div>\n\t\t\t\t<\/div>\n\t\t\t\t\t<\/div>\n\t\t<\/div>\n\t\t\t\t\t<\/div>\n\t\t<\/section>\n\t\t\t\t<section class=\"elementor-section elementor-top-section elementor-element elementor-element-c16d120 elementor-section-boxed elementor-section-height-default elementor-section-height-default jltma-glass-effect-no\" data-id=\"c16d120\" data-element_type=\"section\" data-e-type=\"section\">\n\t\t\t\t\t\t<div class=\"elementor-container elementor-column-gap-default\">\n\t\t\t\t\t<div class=\"elementor-column elementor-col-100 elementor-top-column elementor-element elementor-element-a1a3695 jltma-glass-effect-no\" data-id=\"a1a3695\" data-element_type=\"column\" data-e-type=\"column\">\n\t\t\t<div class=\"elementor-widget-wrap elementor-element-populated\">\n\t\t\t\t\t\t<div class=\"elementor-element elementor-element-dacd8e4 jltma-glass-effect-no elementor-widget elementor-widget-heading\" data-id=\"dacd8e4\" data-element_type=\"widget\" data-e-type=\"widget\" data-widget_type=\"heading.default\">\n\t\t\t\t<div class=\"elementor-widget-container\">\n\t\t\t\t\t<h2 class=\"elementor-heading-title elementor-size-default\">Our IT couch - read, watch and comment!<\/h2>\t\t\t\t<\/div>\n\t\t\t\t<\/div>\n\t\t\t\t\t<\/div>\n\t\t<\/div>\n\t\t\t\t\t<\/div>\n\t\t<\/section>\n\t\t\t\t<section class=\"elementor-section elementor-top-section elementor-element elementor-element-9f34dfd elementor-section-boxed elementor-section-height-default elementor-section-height-default jltma-glass-effect-no\" data-id=\"9f34dfd\" data-element_type=\"section\" data-e-type=\"section\">\n\t\t\t\t\t\t<div class=\"elementor-container elementor-column-gap-default\">\n\t\t\t\t\t<div class=\"elementor-column elementor-col-100 elementor-top-column elementor-element elementor-element-86009ea jltma-glass-effect-no\" data-id=\"86009ea\" data-element_type=\"column\" data-e-type=\"column\">\n\t\t\t<div class=\"elementor-widget-wrap elementor-element-populated\">\n\t\t\t\t\t\t<div class=\"elementor-element elementor-element-eeea149 jltma-glass-effect-no elementor-widget elementor-widget-text-editor\" data-id=\"eeea149\" data-element_type=\"widget\" data-e-type=\"widget\" data-widget_type=\"text-editor.default\">\n\t\t\t\t<div class=\"elementor-widget-container\">\n\t\t\t\t\t\t\t\t\t<p>Are you looking for some news from the information technology\u00a0 universe or just &#8220;procrastinating&#8221; a little while searching fun content? Then here we go &#8211; you&#8217;re always welcome in our IT corner!<\/p>\t\t\t\t\t\t\t\t<\/div>\n\t\t\t\t<\/div>\n\t\t\t\t\t<\/div>\n\t\t<\/div>\n\t\t\t\t\t<\/div>\n\t\t<\/section>\n\t\t\t\t<section class=\"elementor-section elementor-top-section elementor-element elementor-element-cfb38ff elementor-section-boxed elementor-section-height-default elementor-section-height-default jltma-glass-effect-no\" data-id=\"cfb38ff\" data-element_type=\"section\" data-e-type=\"section\">\n\t\t\t\t\t\t<div class=\"elementor-container elementor-column-gap-default\">\n\t\t\t\t\t<div class=\"elementor-column elementor-col-100 elementor-top-column elementor-element elementor-element-257ad93 jltma-glass-effect-no\" data-id=\"257ad93\" data-element_type=\"column\" data-e-type=\"column\">\n\t\t\t<div class=\"elementor-widget-wrap elementor-element-populated\">\n\t\t\t\t\t\t<div class=\"elementor-element elementor-element-afa0fa7 elementor-grid-1 elementor-grid-tablet-2 elementor-grid-mobile-1 elementor-posts--thumbnail-top jltma-glass-effect-no elementor-widget elementor-widget-posts\" data-id=\"afa0fa7\" data-element_type=\"widget\" data-e-type=\"widget\" data-settings=\"{&quot;classic_columns&quot;:&quot;1&quot;,&quot;pagination_type&quot;:&quot;numbers_and_prev_next&quot;,&quot;classic_columns_tablet&quot;:&quot;2&quot;,&quot;classic_columns_mobile&quot;:&quot;1&quot;,&quot;classic_row_gap&quot;:{&quot;unit&quot;:&quot;px&quot;,&quot;size&quot;:35,&quot;sizes&quot;:[]},&quot;classic_row_gap_tablet&quot;:{&quot;unit&quot;:&quot;px&quot;,&quot;size&quot;:&quot;&quot;,&quot;sizes&quot;:[]},&quot;classic_row_gap_mobile&quot;:{&quot;unit&quot;:&quot;px&quot;,&quot;size&quot;:&quot;&quot;,&quot;sizes&quot;:[]}}\" data-widget_type=\"posts.classic\">\n\t\t\t\t<div class=\"elementor-widget-container\">\n\t\t\t\t\t\t\t<div class=\"elementor-posts-container elementor-posts elementor-posts--skin-classic elementor-grid\">\n\t\t\t\t<article class=\"elementor-post elementor-grid-item post-6694 post type-post status-publish format-standard hentry category-uncategorized\">\n\t\t\t\t<div class=\"elementor-post__text\">\n\t\t\t\t<h2 class=\"elementor-post__title\">\n\t\t\t<a href=\"https:\/\/main.grauonline.de\/de\/virtualization-strategies-for-backups\/\" target=\"&quot;_blank&quot;\">\n\t\t\t\tVirtualization &#8211; a logical backup!\t\t\t<\/a>\n\t\t<\/h2>\n\t\t\t\t<div class=\"elementor-post__meta-data\">\n\t\t\t\t\t<span class=\"elementor-post-date\">\n\t\t\tApril 17, 2025\t\t<\/span>\n\t\t\t\t<span class=\"elementor-post-avatar\">\n\t\t\tKeine Kommentare\t\t<\/span>\n\t\t\t\t<\/div>\n\t\t\t\t<div class=\"elementor-post__excerpt\">\n\t\t\t<p>Let\u2019s be honest \u2013 in many cases, the IT landscapes of especially bigger companies are administrative monsters. IT virtualization then<\/p>\n\t\t<\/div>\n\t\t\t\t\t<a class=\"elementor-post__read-more\" href=\"https:\/\/main.grauonline.de\/de\/virtualization-strategies-for-backups\/\" target=\"_blank\">\n\t\t\t\tFull article\t\t\t<\/a>\n\t\t\t\t<\/div>\n\t\t\t\t<\/article>\n\t\t\t\t<article class=\"elementor-post elementor-grid-item post-6659 post type-post status-publish format-standard hentry category-uncategorized\">\n\t\t\t\t<div class=\"elementor-post__text\">\n\t\t\t\t<h2 class=\"elementor-post__title\">\n\t\t\t<a href=\"https:\/\/main.grauonline.de\/de\/usb-tools-fur-fast-alle-falle\/\" target=\"&quot;_blank&quot;\">\n\t\t\t\tUSB-Tools f\u00fcr (fast) alle F\u00e4lle\t\t\t<\/a>\n\t\t<\/h2>\n\t\t\t\t<div class=\"elementor-post__meta-data\">\n\t\t\t\t\t<span class=\"elementor-post-date\">\n\t\t\tMai 17, 2024\t\t<\/span>\n\t\t\t\t<span class=\"elementor-post-avatar\">\n\t\t\tKeine Kommentare\t\t<\/span>\n\t\t\t\t<\/div>\n\t\t\t\t<div class=\"elementor-post__excerpt\">\n\t\t\t<p>Wiederkehrende IT-Routinen mithilfe konfigurierbarer USB-Tools zu simulieren ist eine praktische M\u00f6glichkeit, Arbeitsabl\u00e4ufe zu vereinfachen. Egal ob in der Warenproduktion, bei<\/p>\n\t\t<\/div>\n\t\t\t\t\t<a class=\"elementor-post__read-more\" href=\"https:\/\/main.grauonline.de\/de\/usb-tools-fur-fast-alle-falle\/\" target=\"_blank\">\n\t\t\t\tFull article\t\t\t<\/a>\n\t\t\t\t<\/div>\n\t\t\t\t<\/article>\n\t\t\t\t<article class=\"elementor-post elementor-grid-item post-6635 post type-post status-publish format-standard hentry category-uncategorized\">\n\t\t\t\t<div class=\"elementor-post__text\">\n\t\t\t\t<h2 class=\"elementor-post__title\">\n\t\t\t<a href=\"https:\/\/main.grauonline.de\/de\/usb-tools-push-it-your-way\/\" target=\"&quot;_blank&quot;\">\n\t\t\t\tUSB tools: Push it your way!\t\t\t<\/a>\n\t\t<\/h2>\n\t\t\t\t<div class=\"elementor-post__meta-data\">\n\t\t\t\t\t<span class=\"elementor-post-date\">\n\t\t\tM\u00e4rz 16, 2024\t\t<\/span>\n\t\t\t\t<span class=\"elementor-post-avatar\">\n\t\t\tKeine Kommentare\t\t<\/span>\n\t\t\t\t<\/div>\n\t\t\t\t<div class=\"elementor-post__excerpt\">\n\t\t\t<p>Simulating repeated IT operations with the help of configurable USB tools is a practical way to simplify your entire workflow.<\/p>\n\t\t<\/div>\n\t\t\t\t\t<a class=\"elementor-post__read-more\" href=\"https:\/\/main.grauonline.de\/de\/usb-tools-push-it-your-way\/\" target=\"_blank\">\n\t\t\t\tFull article\t\t\t<\/a>\n\t\t\t\t<\/div>\n\t\t\t\t<\/article>\n\t\t\t\t<article class=\"elementor-post elementor-grid-item post-6611 post type-post status-publish format-standard hentry category-uncategorized\">\n\t\t\t\t<div class=\"elementor-post__text\">\n\t\t\t\t<h2 class=\"elementor-post__title\">\n\t\t\t<a href=\"https:\/\/main.grauonline.de\/de\/audiocodecs-als-klangerlebnis\/\" target=\"&quot;_blank&quot;\">\n\t\t\t\tAudiocodecs \u2013 gut zu h\u00f6ren!\t\t\t<\/a>\n\t\t<\/h2>\n\t\t\t\t<div class=\"elementor-post__meta-data\">\n\t\t\t\t\t<span class=\"elementor-post-date\">\n\t\t\tFebruar 26, 2024\t\t<\/span>\n\t\t\t\t<span class=\"elementor-post-avatar\">\n\t\t\tKeine Kommentare\t\t<\/span>\n\t\t\t\t<\/div>\n\t\t\t\t<div class=\"elementor-post__excerpt\">\n\t\t\t<p>\u201ePr\u00e4sentiert in Dolby Digital&#8221; oder \u201eDolby Surround&#8221; \u2013 wir alle kennen diese technischen Informationen zu Filmen aus dem Kino und<\/p>\n\t\t<\/div>\n\t\t\t\t\t<a class=\"elementor-post__read-more\" href=\"https:\/\/main.grauonline.de\/de\/audiocodecs-als-klangerlebnis\/\" target=\"_blank\">\n\t\t\t\tFull article\t\t\t<\/a>\n\t\t\t\t<\/div>\n\t\t\t\t<\/article>\n\t\t\t\t<article class=\"elementor-post elementor-grid-item post-6562 post type-post status-publish format-standard hentry category-uncategorized\">\n\t\t\t\t<div class=\"elementor-post__text\">\n\t\t\t\t<h2 class=\"elementor-post__title\">\n\t\t\t<a href=\"https:\/\/main.grauonline.de\/de\/audio-codecs-a-soundtrack-for-your-movie-files\/\" target=\"&quot;_blank&quot;\">\n\t\t\t\tAudio codecs \u2013 your soundtrack!\t\t\t<\/a>\n\t\t<\/h2>\n\t\t\t\t<div class=\"elementor-post__meta-data\">\n\t\t\t\t\t<span class=\"elementor-post-date\">\n\t\t\tJanuar 19, 2024\t\t<\/span>\n\t\t\t\t<span class=\"elementor-post-avatar\">\n\t\t\tKeine Kommentare\t\t<\/span>\n\t\t\t\t<\/div>\n\t\t\t\t<div class=\"elementor-post__excerpt\">\n\t\t\t<p>\u201cPresented in Dolby Digital\u201c or \u201cDolby Surround\u201c \u2013 we all know this technical movie information from cinemas and DVD. But<\/p>\n\t\t<\/div>\n\t\t\t\t\t<a class=\"elementor-post__read-more\" href=\"https:\/\/main.grauonline.de\/de\/audio-codecs-a-soundtrack-for-your-movie-files\/\" target=\"_blank\">\n\t\t\t\tFull article\t\t\t<\/a>\n\t\t\t\t<\/div>\n\t\t\t\t<\/article>\n\t\t\t\t<article class=\"elementor-post elementor-grid-item post-6484 post type-post status-publish format-standard hentry category-uncategorized\">\n\t\t\t\t<div class=\"elementor-post__text\">\n\t\t\t\t<h2 class=\"elementor-post__title\">\n\t\t\t<a href=\"https:\/\/main.grauonline.de\/de\/videoformat-und-codecs-als-erfolgsfaktoren\/\" target=\"&quot;_blank&quot;\">\n\t\t\t\tVideoformat und Codecs \u2013 Triebfedern f\u00fcr Videos!\t\t\t<\/a>\n\t\t<\/h2>\n\t\t\t\t<div class=\"elementor-post__meta-data\">\n\t\t\t\t\t<span class=\"elementor-post-date\">\n\t\t\tNovember 21, 2023\t\t<\/span>\n\t\t\t\t<span class=\"elementor-post-avatar\">\n\t\t\tKeine Kommentare\t\t<\/span>\n\t\t\t\t<\/div>\n\t\t\t\t<div class=\"elementor-post__excerpt\">\n\t\t\t<p>Die Arbeit mit Videodateien ver\u00e4nderst sich so rasend schnell, wie sich Trends auf sozialen Medien wie Instagram, TikTok und YouTube<\/p>\n\t\t<\/div>\n\t\t\t\t\t<a class=\"elementor-post__read-more\" href=\"https:\/\/main.grauonline.de\/de\/videoformat-und-codecs-als-erfolgsfaktoren\/\" target=\"_blank\">\n\t\t\t\tFull article\t\t\t<\/a>\n\t\t\t\t<\/div>\n\t\t\t\t<\/article>\n\t\t\t\t<article class=\"elementor-post elementor-grid-item post-6429 post type-post status-publish format-standard hentry category-uncategorized\">\n\t\t\t\t<div class=\"elementor-post__text\">\n\t\t\t\t<h2 class=\"elementor-post__title\">\n\t\t\t<a href=\"https:\/\/main.grauonline.de\/de\/video-fomat-and-codecs-the-magic-behind-the-scenes\/\" target=\"&quot;_blank&quot;\">\n\t\t\t\tVideo format and codecs \u201cbehind the scenes\u201c\t\t\t<\/a>\n\t\t<\/h2>\n\t\t\t\t<div class=\"elementor-post__meta-data\">\n\t\t\t\t\t<span class=\"elementor-post-date\">\n\t\t\tNovember 13, 2023\t\t<\/span>\n\t\t\t\t<span class=\"elementor-post-avatar\">\n\t\t\tKeine Kommentare\t\t<\/span>\n\t\t\t\t<\/div>\n\t\t\t\t<div class=\"elementor-post__excerpt\">\n\t\t\t<p>Working with video files always brings along new experience as video content changes, too. Especially with Extended Reality (XR) and<\/p>\n\t\t<\/div>\n\t\t\t\t\t<a class=\"elementor-post__read-more\" href=\"https:\/\/main.grauonline.de\/de\/video-fomat-and-codecs-the-magic-behind-the-scenes\/\" target=\"_blank\">\n\t\t\t\tFull article\t\t\t<\/a>\n\t\t\t\t<\/div>\n\t\t\t\t<\/article>\n\t\t\t\t<article class=\"elementor-post elementor-grid-item post-6371 post type-post status-publish format-standard hentry category-uncategorized\">\n\t\t\t\t<div class=\"elementor-post__text\">\n\t\t\t\t<h2 class=\"elementor-post__title\">\n\t\t\t<a href=\"https:\/\/main.grauonline.de\/de\/metadaten-haben-viel-zu-sagen\/\" target=\"&quot;_blank&quot;\">\n\t\t\t\tMetadaten haben viel zu sagen!\t\t\t<\/a>\n\t\t<\/h2>\n\t\t\t\t<div class=\"elementor-post__meta-data\">\n\t\t\t\t\t<span class=\"elementor-post-date\">\n\t\t\tOktober 31, 2023\t\t<\/span>\n\t\t\t\t<span class=\"elementor-post-avatar\">\n\t\t\tKeine Kommentare\t\t<\/span>\n\t\t\t\t<\/div>\n\t\t\t\t<div class=\"elementor-post__excerpt\">\n\t\t\t<p>Videos sind \u00fcberall. Trotzdem schauen wir normalerweise auf technischer Ebene nur genauer hin, wenn sie nicht wie gew\u00fcnscht abgespielt werden.<\/p>\n\t\t<\/div>\n\t\t\t\t\t<a class=\"elementor-post__read-more\" href=\"https:\/\/main.grauonline.de\/de\/metadaten-haben-viel-zu-sagen\/\" target=\"_blank\">\n\t\t\t\tFull article\t\t\t<\/a>\n\t\t\t\t<\/div>\n\t\t\t\t<\/article>\n\t\t\t\t<article class=\"elementor-post elementor-grid-item post-6331 post type-post status-publish format-standard hentry category-uncategorized\">\n\t\t\t\t<div class=\"elementor-post__text\">\n\t\t\t\t<h2 class=\"elementor-post__title\">\n\t\t\t<a href=\"https:\/\/main.grauonline.de\/de\/what-your-video-metadata-want-to-tell-you\/\" target=\"&quot;_blank&quot;\">\n\t\t\t\tMetadata have a lot to say!\t\t\t<\/a>\n\t\t<\/h2>\n\t\t\t\t<div class=\"elementor-post__meta-data\">\n\t\t\t\t\t<span class=\"elementor-post-date\">\n\t\t\tOktober 21, 2023\t\t<\/span>\n\t\t\t\t<span class=\"elementor-post-avatar\">\n\t\t\tKeine Kommentare\t\t<\/span>\n\t\t\t\t<\/div>\n\t\t\t\t<div class=\"elementor-post__excerpt\">\n\t\t\t<p>While videos have become omnipresent in our daily lives, we usually look beyond the surface only when they don\u2019t run<\/p>\n\t\t<\/div>\n\t\t\t\t\t<a class=\"elementor-post__read-more\" href=\"https:\/\/main.grauonline.de\/de\/what-your-video-metadata-want-to-tell-you\/\" target=\"_blank\">\n\t\t\t\tFull article\t\t\t<\/a>\n\t\t\t\t<\/div>\n\t\t\t\t<\/article>\n\t\t\t\t<article class=\"elementor-post elementor-grid-item post-6302 post type-post status-publish format-standard hentry category-uncategorized\">\n\t\t\t\t<div class=\"elementor-post__text\">\n\t\t\t\t<h2 class=\"elementor-post__title\">\n\t\t\t<a href=\"https:\/\/main.grauonline.de\/de\/disk-cloning-oder-disk-image\/\" target=\"&quot;_blank&quot;\">\n\t\t\t\tDisk-Cloning oder Disk-Image?\t\t\t<\/a>\n\t\t<\/h2>\n\t\t\t\t<div class=\"elementor-post__meta-data\">\n\t\t\t\t\t<span class=\"elementor-post-date\">\n\t\t\tOktober 11, 2023\t\t<\/span>\n\t\t\t\t<span class=\"elementor-post-avatar\">\n\t\t\tKeine Kommentare\t\t<\/span>\n\t\t\t\t<\/div>\n\t\t\t\t<div class=\"elementor-post__excerpt\">\n\t\t\t<p>Regelm\u00e4\u00dfige Backups f\u00fcr wichtige Datentr\u00e4ger sind entscheidend f\u00fcr die Datensicherheit und verhindern Datenverluste &#8211; je einfacher, desto besser! Es sollte<\/p>\n\t\t<\/div>\n\t\t\t\t\t<a class=\"elementor-post__read-more\" href=\"https:\/\/main.grauonline.de\/de\/disk-cloning-oder-disk-image\/\" target=\"_blank\">\n\t\t\t\tFull article\t\t\t<\/a>\n\t\t\t\t<\/div>\n\t\t\t\t<\/article>\n\t\t\t\t<\/div>\n\n\n\t\t\n\t\t\t\t<div class=\"e-load-more-anchor\" data-page=\"1\" data-max-page=\"5\" data-next-page=\"https:\/\/main.grauonline.de\/de\/wp-json\/wp\/v2\/pages\/4331\/page\/2\/\"><\/div>\n\t\t\t\t<nav class=\"elementor-pagination\" role=\"navigation\" aria-label=\"Seitennummerierung\">\n\t\t\t<span class=\"page-numbers prev\">&laquo; Previous<\/span>\n<span aria-current=\"page\" class=\"page-numbers current\"><span class=\"elementor-screen-only\">Seite<\/span>1<\/span>\n<a class=\"page-numbers\" href=\"https:\/\/main.grauonline.de\/de\/wp-json\/wp\/v2\/pages\/4331\/page\/2\/\"><span class=\"elementor-screen-only\">Seite<\/span>2<\/a>\n<a class=\"page-numbers\" href=\"https:\/\/main.grauonline.de\/de\/wp-json\/wp\/v2\/pages\/4331\/page\/3\/\"><span class=\"elementor-screen-only\">Seite<\/span>3<\/a>\n<a class=\"page-numbers\" href=\"https:\/\/main.grauonline.de\/de\/wp-json\/wp\/v2\/pages\/4331\/page\/4\/\"><span class=\"elementor-screen-only\">Seite<\/span>4<\/a>\n<a class=\"page-numbers\" href=\"https:\/\/main.grauonline.de\/de\/wp-json\/wp\/v2\/pages\/4331\/page\/5\/\"><span class=\"elementor-screen-only\">Seite<\/span>5<\/a>\n<a class=\"page-numbers next\" href=\"https:\/\/main.grauonline.de\/de\/wp-json\/wp\/v2\/pages\/4331\/page\/2\/\">Next &raquo;<\/a>\t\t<\/nav>\n\t\t\t\t\t\t<\/div>\n\t\t\t\t<\/div>\n\t\t\t\t\t<\/div>\n\t\t<\/div>\n\t\t\t\t\t<\/div>\n\t\t<\/section>\n\t\t\t\t<section class=\"elementor-section elementor-top-section elementor-element elementor-element-a815211 elementor-section-boxed elementor-section-height-default elementor-section-height-default jltma-glass-effect-no\" data-id=\"a815211\" data-element_type=\"section\" data-e-type=\"section\">\n\t\t\t\t\t\t<div class=\"elementor-container elementor-column-gap-default\">\n\t\t\t\t\t<div class=\"elementor-column elementor-col-100 elementor-top-column elementor-element elementor-element-4524402 jltma-glass-effect-no\" data-id=\"4524402\" data-element_type=\"column\" data-e-type=\"column\">\n\t\t\t<div class=\"elementor-widget-wrap elementor-element-populated\">\n\t\t\t\t\t\t<div class=\"elementor-element elementor-element-3047dae elementor-align-center jltma-glass-effect-no elementor-widget elementor-widget-button\" data-id=\"3047dae\" data-element_type=\"widget\" data-e-type=\"widget\" data-widget_type=\"button.default\">\n\t\t\t\t<div class=\"elementor-widget-container\">\n\t\t\t\t\t\t\t\t\t<div class=\"elementor-button-wrapper\">\n\t\t\t\t\t<a class=\"elementor-button elementor-button-link elementor-size-md\" href=\"https:\/\/main.grauonline.de\/de\/\">\n\t\t\t\t\t\t<span class=\"elementor-button-content-wrapper\">\n\t\t\t\t\t\t<span class=\"elementor-button-icon\">\n\t\t\t\t<i aria-hidden=\"true\" class=\"far fa-arrow-alt-circle-right\"><\/i>\t\t\t<\/span>\n\t\t\t\t\t\t\t\t\t<span class=\"elementor-button-text\">Go to company website!<\/span>\n\t\t\t\t\t<\/span>\n\t\t\t\t\t<\/a>\n\t\t\t\t<\/div>\n\t\t\t\t\t\t\t\t<\/div>\n\t\t\t\t<\/div>\n\t\t\t\t\t<\/div>\n\t\t<\/div>\n\t\t\t\t\t<\/div>\n\t\t<\/section>\n\t\t\t\t<\/div>","protected":false},"excerpt":{"rendered":"<p>Take a seat on our IT couch, grab a coffee, tea or beer. In our blog, we inform you about&hellip;<\/p>","protected":false},"author":3,"featured_media":0,"parent":0,"menu_order":0,"comment_status":"closed","ping_status":"closed","template":"","meta":{"footnotes":""},"class_list":["post-4331","page","type-page","status-publish","hentry"],"yoast_head":"<!-- This site is optimized with the Yoast SEO plugin v16.2 - https:\/\/yoast.com\/wordpress\/plugins\/seo\/ -->\n<title>IT corner: facts, fun, and us - Grau GmbH Hardware &amp; Software Solutions<\/title>\n<meta name=\"description\" content=\"You probably learned a lot about our products. However, business is not only customers and product development. Meet us in our IT corner!\" \/>\n<meta name=\"robots\" content=\"index, follow, max-snippet:-1, max-image-preview:large, max-video-preview:-1\" \/>\n<link rel=\"canonical\" href=\"https:\/\/main.grauonline.de\/de\/grauonline-de-it-corner\/\" \/>\n<meta property=\"og:locale\" content=\"de_DE\" \/>\n<meta property=\"og:type\" content=\"article\" \/>\n<meta property=\"og:title\" content=\"IT corner: facts, fun, and us - Grau GmbH Hardware &amp; Software Solutions\" \/>\n<meta property=\"og:description\" content=\"You probably learned a lot about our products. However, business is not only customers and product development. Meet us in our IT corner!\" \/>\n<meta property=\"og:url\" content=\"https:\/\/main.grauonline.de\/de\/grauonline-de-it-corner\/\" \/>\n<meta property=\"og:site_name\" content=\"Grau GmbH Hardware &amp; Software Solutions\" \/>\n<meta property=\"article:modified_time\" content=\"2023-01-12T14:13:08+00:00\" \/>\n<meta property=\"og:image\" content=\"https:\/\/main.grauonline.de\/wp-content\/uploads\/2022\/02\/it-couch-768x882.png\" \/>\n<meta name=\"twitter:card\" content=\"summary\" \/>\n<meta name=\"twitter:label1\" content=\"Gesch\u00e4tzte Lesezeit\">\n\t<meta name=\"twitter:data1\" content=\"3\u00a0Minuten\">\n<script type=\"application\/ld+json\" class=\"yoast-schema-graph\">{\"@context\":\"https:\/\/schema.org\",\"@graph\":[{\"@type\":\"WebSite\",\"@id\":\"https:\/\/main.grauonline.de\/#website\",\"url\":\"https:\/\/main.grauonline.de\/\",\"name\":\"Grau GmbH Hardware &amp; Software Solutions\",\"description\":\"We make IT simple!\",\"potentialAction\":[{\"@type\":\"SearchAction\",\"target\":\"https:\/\/main.grauonline.de\/?s={search_term_string}\",\"query-input\":\"required name=search_term_string\"}],\"inLanguage\":\"de\"},{\"@type\":\"ImageObject\",\"@id\":\"https:\/\/main.grauonline.de\/grauonline-de-it-corner\/#primaryimage\",\"inLanguage\":\"de\",\"url\":\"https:\/\/main.grauonline.de\/wp-content\/uploads\/2022\/02\/it-couch.png\",\"contentUrl\":\"https:\/\/main.grauonline.de\/wp-content\/uploads\/2022\/02\/it-couch.png\",\"width\":1115,\"height\":1280,\"caption\":\"Meet us at our IT couch!\"},{\"@type\":\"WebPage\",\"@id\":\"https:\/\/main.grauonline.de\/grauonline-de-it-corner\/#webpage\",\"url\":\"https:\/\/main.grauonline.de\/grauonline-de-it-corner\/\",\"name\":\"IT corner: facts, fun, and us - Grau GmbH Hardware &amp; Software Solutions\",\"isPartOf\":{\"@id\":\"https:\/\/main.grauonline.de\/#website\"},\"primaryImageOfPage\":{\"@id\":\"https:\/\/main.grauonline.de\/grauonline-de-it-corner\/#primaryimage\"},\"datePublished\":\"2022-02-03T09:57:01+00:00\",\"dateModified\":\"2023-01-12T14:13:08+00:00\",\"description\":\"You probably learned a lot about our products. However, business is not only customers and product development. Meet us in our IT corner!\",\"breadcrumb\":{\"@id\":\"https:\/\/main.grauonline.de\/grauonline-de-it-corner\/#breadcrumb\"},\"inLanguage\":\"de\",\"potentialAction\":[{\"@type\":\"ReadAction\",\"target\":[\"https:\/\/main.grauonline.de\/grauonline-de-it-corner\/\"]}]},{\"@type\":\"BreadcrumbList\",\"@id\":\"https:\/\/main.grauonline.de\/grauonline-de-it-corner\/#breadcrumb\",\"itemListElement\":[{\"@type\":\"ListItem\",\"position\":1,\"item\":{\"@id\":\"https:\/\/main.grauonline.de\/grauonline-de-it-corner\/#webpage\"}}]}]}<\/script>\n<!-- \/ Yoast SEO plugin. -->","_links":{"self":[{"href":"https:\/\/main.grauonline.de\/de\/wp-json\/wp\/v2\/pages\/4331","targetHints":{"allow":["GET"]}}],"collection":[{"href":"https:\/\/main.grauonline.de\/de\/wp-json\/wp\/v2\/pages"}],"about":[{"href":"https:\/\/main.grauonline.de\/de\/wp-json\/wp\/v2\/types\/page"}],"author":[{"embeddable":true,"href":"https:\/\/main.grauonline.de\/de\/wp-json\/wp\/v2\/users\/3"}],"replies":[{"embeddable":true,"href":"https:\/\/main.grauonline.de\/de\/wp-json\/wp\/v2\/comments?post=4331"}],"version-history":[{"count":31,"href":"https:\/\/main.grauonline.de\/de\/wp-json\/wp\/v2\/pages\/4331\/revisions"}],"predecessor-version":[{"id":5424,"href":"https:\/\/main.grauonline.de\/de\/wp-json\/wp\/v2\/pages\/4331\/revisions\/5424"}],"wp:attachment":[{"href":"https:\/\/main.grauonline.de\/de\/wp-json\/wp\/v2\/media?parent=4331"}],"curies":[{"name":"wp","href":"https:\/\/api.w.org\/{rel}","templated":true}]}}