{"id":3557,"date":"2021-06-24T13:35:37","date_gmt":"2021-06-24T13:35:37","guid":{"rendered":"https:\/\/main.grauonline.de\/?page_id=3557"},"modified":"2021-06-30T10:58:27","modified_gmt":"2021-06-30T10:58:27","slug":"ardumower-sunray-easy-mowing","status":"publish","type":"page","link":"https:\/\/main.grauonline.de\/de\/ardumower-sunray-easy-mowing\/","title":{"rendered":"Ardumower Sunray: easy mowing!"},"content":{"rendered":"<div data-elementor-type=\"wp-page\" data-elementor-id=\"3557\" class=\"elementor elementor-3557\">\n\t\t\t\t\t\t<section class=\"elementor-section elementor-top-section elementor-element elementor-element-c198184 elementor-section-boxed elementor-section-height-default elementor-section-height-default jltma-glass-effect-no\" data-id=\"c198184\" data-element_type=\"section\" data-e-type=\"section\">\n\t\t\t\t\t\t<div class=\"elementor-container elementor-column-gap-default\">\n\t\t\t\t\t<div class=\"elementor-column elementor-col-100 elementor-top-column elementor-element elementor-element-e7a914b jltma-glass-effect-no\" data-id=\"e7a914b\" data-element_type=\"column\" data-e-type=\"column\">\n\t\t\t<div class=\"elementor-widget-wrap elementor-element-populated\">\n\t\t\t\t\t\t<div class=\"elementor-element elementor-element-3fef7a0 jltma-glass-effect-no elementor-widget elementor-widget-video\" data-id=\"3fef7a0\" data-element_type=\"widget\" data-e-type=\"widget\" data-settings=\"{&quot;youtube_url&quot;:&quot;https:\\\/\\\/www.youtube.com\\\/watch?v=SOrATrJ0GVc&amp;t=309s&quot;,&quot;video_type&quot;:&quot;youtube&quot;,&quot;controls&quot;:&quot;yes&quot;}\" data-widget_type=\"video.default\">\n\t\t\t\t<div class=\"elementor-widget-container\">\n\t\t\t\t\t\t\t<div class=\"elementor-wrapper elementor-open-inline\">\n\t\t\t<div class=\"elementor-video\"><\/div>\t\t<\/div>\n\t\t\t\t\t\t<\/div>\n\t\t\t\t<\/div>\n\t\t\t\t\t<\/div>\n\t\t<\/div>\n\t\t\t\t\t<\/div>\n\t\t<\/section>\n\t\t\t\t<section class=\"elementor-section elementor-top-section elementor-element elementor-element-6f2a75f elementor-section-boxed elementor-section-height-default elementor-section-height-default jltma-glass-effect-no\" data-id=\"6f2a75f\" data-element_type=\"section\" data-e-type=\"section\">\n\t\t\t\t\t\t<div class=\"elementor-container elementor-column-gap-default\">\n\t\t\t\t\t<div class=\"elementor-column elementor-col-100 elementor-top-column elementor-element elementor-element-3bd4301 jltma-glass-effect-no\" data-id=\"3bd4301\" data-element_type=\"column\" data-e-type=\"column\">\n\t\t\t<div class=\"elementor-widget-wrap elementor-element-populated\">\n\t\t\t\t\t\t<div class=\"elementor-element elementor-element-8d0a375 jltma-glass-effect-no elementor-widget elementor-widget-heading\" data-id=\"8d0a375\" data-element_type=\"widget\" data-e-type=\"widget\" data-widget_type=\"heading.default\">\n\t\t\t\t<div class=\"elementor-widget-container\">\n\t\t\t\t\t<h2 class=\"elementor-heading-title elementor-size-default\">Use Ardumower Sunray - make mowing fun!<\/h2>\t\t\t\t<\/div>\n\t\t\t\t<\/div>\n\t\t\t\t\t<\/div>\n\t\t<\/div>\n\t\t\t\t\t<\/div>\n\t\t<\/section>\n\t\t\t\t<section class=\"elementor-section elementor-top-section elementor-element elementor-element-0feda01 elementor-section-boxed elementor-section-height-default elementor-section-height-default jltma-glass-effect-no\" data-id=\"0feda01\" data-element_type=\"section\" data-e-type=\"section\">\n\t\t\t\t\t\t<div class=\"elementor-container elementor-column-gap-default\">\n\t\t\t\t\t<div class=\"elementor-column elementor-col-100 elementor-top-column elementor-element elementor-element-9fabe78 jltma-glass-effect-no\" data-id=\"9fabe78\" data-element_type=\"column\" data-e-type=\"column\">\n\t\t\t<div class=\"elementor-widget-wrap elementor-element-populated\">\n\t\t\t\t\t\t<div class=\"elementor-element elementor-element-8441ca8 jltma-glass-effect-no elementor-widget elementor-widget-text-editor\" data-id=\"8441ca8\" data-element_type=\"widget\" data-e-type=\"widget\" data-widget_type=\"text-editor.default\">\n\t\t\t\t<div class=\"elementor-widget-container\">\n\t\t\t\t\t\t\t\t\t<p>Do you love green places, but hate mowing the lawn in your garden? Or is the little park on your company site a true oasis for your co-workers, but greenkeeping stacks up as a great expense? Then you should read on and get to know our Ardumower Sunray app together with an Ardumower mowing robot kit!<\/p>\t\t\t\t\t\t\t\t<\/div>\n\t\t\t\t<\/div>\n\t\t\t\t<div class=\"elementor-element elementor-element-3684af9 jltma-glass-effect-no elementor-widget elementor-widget-image\" data-id=\"3684af9\" data-element_type=\"widget\" data-e-type=\"widget\" data-widget_type=\"image.default\">\n\t\t\t\t<div class=\"elementor-widget-container\">\n\t\t\t\t\t\t\t\t\t\t\t\t\t\t\t<img decoding=\"async\" src=\"https:\/\/main.grauonline.de\/wp-content\/uploads\/elementor\/thumbs\/sunray_app_license-1-p9faewi7g7xoc5jxjllda20rof7sz1fddjxhohifpo.png\" title=\"sunray_app_license (1)\" alt=\"Ardumower Sunray App\" loading=\"lazy\" \/>\t\t\t\t\t\t\t\t\t\t\t\t\t\t\t<\/div>\n\t\t\t\t<\/div>\n\t\t\t\t\t<\/div>\n\t\t<\/div>\n\t\t\t\t\t<\/div>\n\t\t<\/section>\n\t\t\t\t<section class=\"elementor-section elementor-top-section elementor-element elementor-element-5a131d7 elementor-section-boxed elementor-section-height-default elementor-section-height-default jltma-glass-effect-no\" data-id=\"5a131d7\" data-element_type=\"section\" data-e-type=\"section\">\n\t\t\t\t\t\t<div class=\"elementor-container elementor-column-gap-default\">\n\t\t\t\t\t<div class=\"elementor-column elementor-col-100 elementor-top-column elementor-element elementor-element-507e3e4 jltma-glass-effect-no\" data-id=\"507e3e4\" data-element_type=\"column\" data-e-type=\"column\">\n\t\t\t<div class=\"elementor-widget-wrap elementor-element-populated\">\n\t\t\t\t\t\t<div class=\"elementor-element elementor-element-3354f1a jltma-glass-effect-no elementor-widget elementor-widget-text-editor\" data-id=\"3354f1a\" data-element_type=\"widget\" data-e-type=\"widget\" data-widget_type=\"text-editor.default\">\n\t\t\t\t<div class=\"elementor-widget-container\">\n\t\t\t\t\t\t\t\t\t<h2>Checklisten und Nutzerbeispiele<\/h2><p>The Ardumower Sunray App is available in two versions &#8211; Basic and Pro. Find out which is the best way to go for you and your greenkeeping area!<\/p><p>\u00a0<\/p><p><a href=\"https:\/\/main.grauonline.de\/wp-content\/uploads\/2019\/07\/checklist-2.png\"><img decoding=\"async\" src=\"https:\/\/main.grauonline.de\/wp-content\/uploads\/2019\/07\/checklist-2-150x150.png\" alt=\"checklist 2\" width=\"63\" height=\"64\" \/><\/a><\/p><p><span class=\"collapseomatic\" id=\"id69d715030cb4c\"  tabindex=\"0\" title=\"Zu den Checklisten\"    >Zu den Checklisten<\/span><div id=\"target-id69d715030cb4c\" class=\"collapseomatic_content\"><br \/><a href=\"https:\/\/main.grauonline.de\/de\/?page_id=2818\">Checklist for Ardumower Sunray App Basic<\/a><\/p><p><a href=\"https:\/\/main.grauonline.de\/de\/?page_id=2827\">Checklist for Ardumower Sunray App Pro<\/a><br \/><\/div><\/p><p>Various situations require various strategies. You might use your Ardumower in your private garden in order to save mowing work. It is also possible that you are planning to save greenkeeping costs on your company site. Maybe you are also a greenkeeper on a sports area and want to save your work time for different issues?\u00a0 Whatever you are going to do with your Ardumower and the Ardumower Sunray app &#8211; take a look at our fields of application first. Then check some selected user scenarios for both the Basic and the Pro version of this GPS-based mowing software.<\/p><p><a href=\"https:\/\/main.grauonline.de\/wp-content\/uploads\/2019\/07\/user-2-1.png\"><img decoding=\"async\" src=\"https:\/\/main.grauonline.de\/wp-content\/uploads\/2019\/07\/user-2-1-150x150.png\" alt=\"user 2\" width=\"63\" height=\"73\" \/><\/a><\/p><p><span class=\"collapseomatic\" id=\"id69d715030cbbc\"  tabindex=\"0\" title=\"Alle Nutzerbeispiele im \u00dcberblick\"    >Alle Nutzerbeispiele im \u00dcberblick<\/span><div id=\"target-id69d715030cbbc\" class=\"collapseomatic_content\"><\/p><p><a href=\"https:\/\/main.grauonline.de\/de\/?page_id=2837\">USB-Tools im Einsatz<\/a><br \/><a href=\"https:\/\/main.grauonline.de\/de\/?page_id=1786\">Selected scenarios for Ardumower with AMSB<\/a><\/p><p><a href=\"https:\/\/main.grauonline.de\/de\/?page_id=1902\">Selected scenarios for Ardumower with AMSP<\/a><br \/><\/div><\/p>\t\t\t\t\t\t\t\t<\/div>\n\t\t\t\t<\/div>\n\t\t\t\t\t<\/div>\n\t\t<\/div>\n\t\t\t\t\t<\/div>\n\t\t<\/section>\n\t\t\t\t<section class=\"elementor-section elementor-top-section elementor-element elementor-element-2c9a109 elementor-section-boxed elementor-section-height-default elementor-section-height-default jltma-glass-effect-no\" data-id=\"2c9a109\" data-element_type=\"section\" data-e-type=\"section\">\n\t\t\t\t\t\t<div class=\"elementor-container elementor-column-gap-default\">\n\t\t\t\t\t<div class=\"elementor-column elementor-col-100 elementor-top-column elementor-element elementor-element-3877e7f jltma-glass-effect-no\" data-id=\"3877e7f\" data-element_type=\"column\" data-e-type=\"column\">\n\t\t\t<div class=\"elementor-widget-wrap elementor-element-populated\">\n\t\t\t\t\t\t<div class=\"elementor-element elementor-element-dbdde81 jltma-glass-effect-no elementor-widget elementor-widget-text-editor\" data-id=\"dbdde81\" data-element_type=\"widget\" data-e-type=\"widget\" data-widget_type=\"text-editor.default\">\n\t\t\t\t<div class=\"elementor-widget-container\">\n\t\t\t\t\t\t\t\t\t<h2>Ardumower Sunray &#8211; features and functionality<\/h2><p>Now you know which possible scenarios you can use your Ardumower Sunray App for and which USB version is sufficient and adequate for your purpose. Our modules generally work well with all Android smartphones and tablets. You can now learn about the technical data &#8220;beyond the interface&#8221;.<\/p><p><a href=\"https:\/\/main.grauonline.de\/wp-content\/uploads\/2019\/07\/screwdriver-1294338.png\"><img decoding=\"async\" src=\"https:\/\/main.grauonline.de\/wp-content\/uploads\/2019\/07\/screwdriver-1294338-150x150.png\" alt=\"Functions and features of MaxDataGenius\" width=\"63\" height=\"65\" \/><\/a><\/p><p><span class=\"collapseomatic\" id=\"id69d715030d067\"  tabindex=\"0\" title=\"Zu den technischen Daten und Produkteigenschaften!\"    >Zu den technischen Daten und Produkteigenschaften!<\/span><div id=\"target-id69d715030d067\" class=\"collapseomatic_content\"><\/p><p><a href=\"https:\/\/main.grauonline.de\/de\/?page_id=2899\">Ardumower: product features at a glance<\/a><\/p><p><a href=\"https:\/\/main.grauonline.de\/de\/?page_id=2917\">AMSB and AMSP: technical details at a glance<\/a><\/p><p><a href=\"https:\/\/main.grauonline.de\/de\/?page_id=2940\">Technical data sheet for Ardumower<\/a><\/p><p><a href=\"https:\/\/main.grauonline.de\/de\/?page_id=2952\">Technical data sheet for Ardumower Sunray App<\/a><br \/><\/div><\/p>\t\t\t\t\t\t\t\t<\/div>\n\t\t\t\t<\/div>\n\t\t\t\t\t<\/div>\n\t\t<\/div>\n\t\t\t\t\t<\/div>\n\t\t<\/section>\n\t\t\t\t<section class=\"elementor-section elementor-top-section elementor-element elementor-element-0ee84f9 elementor-section-boxed elementor-section-height-default elementor-section-height-default jltma-glass-effect-no\" data-id=\"0ee84f9\" data-element_type=\"section\" data-e-type=\"section\">\n\t\t\t\t\t\t<div class=\"elementor-container elementor-column-gap-default\">\n\t\t\t\t\t<div class=\"elementor-column elementor-col-100 elementor-top-column elementor-element elementor-element-a2f95f8 jltma-glass-effect-no\" data-id=\"a2f95f8\" data-element_type=\"column\" data-e-type=\"column\">\n\t\t\t<div class=\"elementor-widget-wrap elementor-element-populated\">\n\t\t\t\t\t\t<div class=\"elementor-element elementor-element-8127465 jltma-glass-effect-no elementor-widget elementor-widget-text-editor\" data-id=\"8127465\" data-element_type=\"widget\" data-e-type=\"widget\" data-widget_type=\"text-editor.default\">\n\t\t\t\t<div class=\"elementor-widget-container\">\n\t\t\t\t\t\t\t\t\t<h2>Purchasing Ardumower Sunray<\/h2><p>We want our Ardumower Sunray App to simplify your processes. In consequence, a positive product experience always starts with an easy purchase. Just click on the links below to buy and download the app for your Ardumower. <\/p><p><a href=\"https:\/\/main.grauonline.de\/wp-content\/uploads\/2019\/07\/shopping-cart-2.png\"><img loading=\"lazy\" decoding=\"async\" src=\"https:\/\/main.grauonline.de\/wp-content\/uploads\/2019\/07\/shopping-cart-2-150x150.png\" alt=\"shopping cart 2\" width=\"63\" height=\"72\" \/><\/a><\/p><p><span class=\"collapseomatic\" id=\"id69d715030d4d1\"  tabindex=\"0\" title=\"Produktkauf und App-Download\"    >Produktkauf und App-Download<\/span><div id=\"target-id69d715030d4d1\" class=\"collapseomatic_content\"><br \/><a href=\"https:\/\/main.grauonline.de\/de\/?page_id=2864\">Purchasing AMSB<\/a><\/p><p><a href=\"https:\/\/main.grauonline.de\/de\/?page_id=2884\">Purchasing AMSP<\/a><br \/><\/div><\/p>\t\t\t\t\t\t\t\t<\/div>\n\t\t\t\t<\/div>\n\t\t\t\t\t<\/div>\n\t\t<\/div>\n\t\t\t\t\t<\/div>\n\t\t<\/section>\n\t\t\t\t<section class=\"elementor-section elementor-top-section elementor-element elementor-element-27eb0a9 elementor-section-boxed elementor-section-height-default elementor-section-height-default jltma-glass-effect-no\" data-id=\"27eb0a9\" data-element_type=\"section\" data-e-type=\"section\">\n\t\t\t\t\t\t<div class=\"elementor-container elementor-column-gap-default\">\n\t\t\t\t\t<div class=\"elementor-column elementor-col-100 elementor-top-column elementor-element elementor-element-c9b82cc jltma-glass-effect-no\" data-id=\"c9b82cc\" data-element_type=\"column\" data-e-type=\"column\">\n\t\t\t<div class=\"elementor-widget-wrap elementor-element-populated\">\n\t\t\t\t\t\t<div class=\"elementor-element elementor-element-dfe874e jltma-glass-effect-no elementor-widget elementor-widget-text-editor\" data-id=\"dfe874e\" data-element_type=\"widget\" data-e-type=\"widget\" data-widget_type=\"text-editor.default\">\n\t\t\t\t<div class=\"elementor-widget-container\">\n\t\t\t\t\t\t\t\t\t<h2>Handling your AMSB\/AMSP: tutorials and support<\/h2><p>Brauchen Sie bei der Programmierung und Einrichtung Ihres USB-Pushbuttons oder Ihrer USB-Pushbox Unterst\u00fctzung? Wollen Sie wissen, wie Sie die App effizient nutzen oder ohne die App Ihr USB-Tool einstellen k\u00f6nnen? Relevante Informationen dazu finden Sie in den Linksunten. Welche Nutzerinformationen Sie daf\u00fcr ben\u00f6tigen, h\u00e4ngt von der Art der Nutzung und nat\u00fcrlich von Ihrem Vorwissen ab. Bei speziellen, unbeantworteten Fragen kontaktieren Sie bitte unseren E-Mail-Support!<\/p><p><a href=\"https:\/\/main.grauonline.de\/wp-content\/uploads\/2019\/07\/manual-2.png\"><img loading=\"lazy\" decoding=\"async\" src=\"https:\/\/main.grauonline.de\/wp-content\/uploads\/2019\/07\/manual-2-150x150.png\" alt=\"manual 2\" width=\"63\" height=\"72\" \/><\/a><\/p><p><span class=\"collapseomatic\" id=\"id69d715030d932\"  tabindex=\"0\" title=\"Click here for videos, user manual and contact form!\"    >Click here for videos, user manual and contact form!<\/span><div id=\"target-id69d715030d932\" class=\"collapseomatic_content\"><\/p><p><a href=\"https:\/\/main.grauonline.de\/de\/?page_id=2509\">User manual for Ardumower Sunray App (English)<\/a><\/p><p><a href=\"https:\/\/main.grauonline.de\/wp-content\/uploads\/2020\/01\/User-manual-PBT_PBL_aktuell.pdf\">Youtube channel including tutorials (Alexander Grau)<\/a><\/p><p><a href=\"https:\/\/main.grauonline.de\/wp-content\/uploads\/2020\/01\/User-manual-PBT_PBL_aktuell.pdf\">Youtube channel including tutorials (Ardumower by Marotronics)<\/a><\/p><p><a href=\"https:\/\/main.grauonline.de\/de\/?page_id=81\">Kontaktformular f\u00fcr E-Mail-Support<\/a><br \/><\/div><\/p>\t\t\t\t\t\t\t\t<\/div>\n\t\t\t\t<\/div>\n\t\t\t\t\t<\/div>\n\t\t<\/div>\n\t\t\t\t\t<\/div>\n\t\t<\/section>\n\t\t\t\t<section class=\"elementor-section elementor-top-section elementor-element elementor-element-76736de elementor-section-boxed elementor-section-height-default elementor-section-height-default jltma-glass-effect-no\" data-id=\"76736de\" data-element_type=\"section\" data-e-type=\"section\">\n\t\t\t\t\t\t<div class=\"elementor-container elementor-column-gap-default\">\n\t\t\t\t\t<div class=\"elementor-column elementor-col-100 elementor-top-column elementor-element elementor-element-32529de jltma-glass-effect-no\" data-id=\"32529de\" data-element_type=\"column\" data-e-type=\"column\">\n\t\t\t<div class=\"elementor-widget-wrap elementor-element-populated\">\n\t\t\t\t\t\t<div class=\"elementor-element elementor-element-c02b538 elementor-align-center jltma-glass-effect-no elementor-widget elementor-widget-button\" data-id=\"c02b538\" data-element_type=\"widget\" data-e-type=\"widget\" data-widget_type=\"button.default\">\n\t\t\t\t<div class=\"elementor-widget-container\">\n\t\t\t\t\t\t\t\t\t<div class=\"elementor-button-wrapper\">\n\t\t\t\t\t<a class=\"elementor-button elementor-button-link elementor-size-md\" href=\"\">\n\t\t\t\t\t\t<span class=\"elementor-button-content-wrapper\">\n\t\t\t\t\t\t<span class=\"elementor-button-icon\">\n\t\t\t\t<i aria-hidden=\"true\" class=\"far fa-arrow-alt-circle-up\"><\/i>\t\t\t<\/span>\n\t\t\t\t\t\t\t\t\t<span class=\"elementor-button-text\">Zur\u00fcck zur Startseite!<\/span>\n\t\t\t\t\t<\/span>\n\t\t\t\t\t<\/a>\n\t\t\t\t<\/div>\n\t\t\t\t\t\t\t\t<\/div>\n\t\t\t\t<\/div>\n\t\t\t\t\t<\/div>\n\t\t<\/div>\n\t\t\t\t\t<\/div>\n\t\t<\/section>\n\t\t\t\t<\/div>","protected":false},"excerpt":{"rendered":"<p>Use Ardumower Sunray &#8211; make mowing fun! Do you love green places, but hate mowing the lawn in your garden?&hellip;<\/p>","protected":false},"author":3,"featured_media":0,"parent":0,"menu_order":0,"comment_status":"closed","ping_status":"closed","template":"","meta":{"footnotes":""},"class_list":["post-3557","page","type-page","status-publish","hentry"],"yoast_head":"<!-- This site is optimized with the Yoast SEO plugin v16.2 - https:\/\/yoast.com\/wordpress\/plugins\/seo\/ -->\n<title>Ardumower Sunray: easy mowing! - Grau GmbH Hardware &amp; Software Solutions<\/title>\n<meta name=\"robots\" content=\"index, follow, max-snippet:-1, max-image-preview:large, max-video-preview:-1\" \/>\n<link rel=\"canonical\" href=\"https:\/\/main.grauonline.de\/de\/ardumower-sunray-easy-mowing\/\" \/>\n<meta property=\"og:locale\" content=\"de_DE\" \/>\n<meta property=\"og:type\" content=\"article\" \/>\n<meta property=\"og:title\" content=\"Ardumower Sunray: easy mowing! - Grau GmbH Hardware &amp; Software Solutions\" \/>\n<meta property=\"og:description\" content=\"Use Ardumower Sunray &#8211; make mowing fun! Do you love green places, but hate mowing the lawn in your garden?&hellip;\" \/>\n<meta property=\"og:url\" content=\"https:\/\/main.grauonline.de\/de\/ardumower-sunray-easy-mowing\/\" \/>\n<meta property=\"og:site_name\" content=\"Grau GmbH Hardware &amp; Software Solutions\" \/>\n<meta property=\"article:modified_time\" content=\"2021-06-30T10:58:27+00:00\" \/>\n<meta property=\"og:image\" content=\"https:\/\/main.grauonline.de\/wp-content\/uploads\/elementor\/thumbs\/sunray_app_license-1-p9faewi7g7xoc5jxjllda20rof7sz1fddjxhohifpy.png\" \/>\n<meta name=\"twitter:card\" content=\"summary\" \/>\n<meta name=\"twitter:label1\" content=\"Gesch\u00e4tzte Lesezeit\">\n\t<meta name=\"twitter:data1\" content=\"4\u00a0Minuten\">\n<script type=\"application\/ld+json\" class=\"yoast-schema-graph\">{\"@context\":\"https:\/\/schema.org\",\"@graph\":[{\"@type\":\"WebSite\",\"@id\":\"https:\/\/main.grauonline.de\/#website\",\"url\":\"https:\/\/main.grauonline.de\/\",\"name\":\"Grau GmbH Hardware &amp; Software Solutions\",\"description\":\"We make IT simple!\",\"potentialAction\":[{\"@type\":\"SearchAction\",\"target\":\"https:\/\/main.grauonline.de\/?s={search_term_string}\",\"query-input\":\"required name=search_term_string\"}],\"inLanguage\":\"de\"},{\"@type\":\"ImageObject\",\"@id\":\"https:\/\/main.grauonline.de\/ardumower-sunray-easy-mowing\/#primaryimage\",\"inLanguage\":\"de\",\"url\":\"https:\/\/main.grauonline.de\/wp-content\/uploads\/elementor\/thumbs\/sunray_app_license-1-p9faewi7g7xoc5jxjllda20rof7sz1fddjxhohifpy.png\",\"contentUrl\":\"https:\/\/main.grauonline.de\/wp-content\/uploads\/elementor\/thumbs\/sunray_app_license-1-p9faewi7g7xoc5jxjllda20rof7sz1fddjxhohifpy.png\"},{\"@type\":\"WebPage\",\"@id\":\"https:\/\/main.grauonline.de\/ardumower-sunray-easy-mowing\/#webpage\",\"url\":\"https:\/\/main.grauonline.de\/ardumower-sunray-easy-mowing\/\",\"name\":\"Ardumower Sunray: easy mowing! - Grau GmbH Hardware &amp; Software Solutions\",\"isPartOf\":{\"@id\":\"https:\/\/main.grauonline.de\/#website\"},\"primaryImageOfPage\":{\"@id\":\"https:\/\/main.grauonline.de\/ardumower-sunray-easy-mowing\/#primaryimage\"},\"datePublished\":\"2021-06-24T13:35:37+00:00\",\"dateModified\":\"2021-06-30T10:58:27+00:00\",\"breadcrumb\":{\"@id\":\"https:\/\/main.grauonline.de\/ardumower-sunray-easy-mowing\/#breadcrumb\"},\"inLanguage\":\"de\",\"potentialAction\":[{\"@type\":\"ReadAction\",\"target\":[\"https:\/\/main.grauonline.de\/ardumower-sunray-easy-mowing\/\"]}]},{\"@type\":\"BreadcrumbList\",\"@id\":\"https:\/\/main.grauonline.de\/ardumower-sunray-easy-mowing\/#breadcrumb\",\"itemListElement\":[{\"@type\":\"ListItem\",\"position\":1,\"item\":{\"@id\":\"https:\/\/main.grauonline.de\/ardumower-sunray-easy-mowing\/#webpage\"}}]}]}<\/script>\n<!-- \/ Yoast SEO plugin. -->","_links":{"self":[{"href":"https:\/\/main.grauonline.de\/de\/wp-json\/wp\/v2\/pages\/3557","targetHints":{"allow":["GET"]}}],"collection":[{"href":"https:\/\/main.grauonline.de\/de\/wp-json\/wp\/v2\/pages"}],"about":[{"href":"https:\/\/main.grauonline.de\/de\/wp-json\/wp\/v2\/types\/page"}],"author":[{"embeddable":true,"href":"https:\/\/main.grauonline.de\/de\/wp-json\/wp\/v2\/users\/3"}],"replies":[{"embeddable":true,"href":"https:\/\/main.grauonline.de\/de\/wp-json\/wp\/v2\/comments?post=3557"}],"version-history":[{"count":68,"href":"https:\/\/main.grauonline.de\/de\/wp-json\/wp\/v2\/pages\/3557\/revisions"}],"predecessor-version":[{"id":4321,"href":"https:\/\/main.grauonline.de\/de\/wp-json\/wp\/v2\/pages\/3557\/revisions\/4321"}],"wp:attachment":[{"href":"https:\/\/main.grauonline.de\/de\/wp-json\/wp\/v2\/media?parent=3557"}],"curies":[{"name":"wp","href":"https:\/\/api.w.org\/{rel}","templated":true}]}}