{"id":3021,"date":"2020-03-09T22:23:28","date_gmt":"2020-03-09T22:23:28","guid":{"rendered":"http:\/\/grauonline.de\/cms2\/?page_id=3021"},"modified":"2021-05-29T12:51:20","modified_gmt":"2021-05-29T12:51:20","slug":"grau-gmbh-us","status":"publish","type":"page","link":"https:\/\/main.grauonline.de\/de\/grau-gmbh-us\/","title":{"rendered":"Grau GmbH - Das sind wir!"},"content":{"rendered":"<div data-elementor-type=\"wp-page\" data-elementor-id=\"3021\" class=\"elementor elementor-3021\">\n\t\t\t\t\t\t<section class=\"elementor-section elementor-top-section elementor-element elementor-element-5e5aff6b elementor-section-boxed elementor-section-height-default elementor-section-height-default jltma-glass-effect-no\" data-id=\"5e5aff6b\" data-element_type=\"section\" data-e-type=\"section\">\n\t\t\t\t\t\t<div class=\"elementor-container elementor-column-gap-default\">\n\t\t\t\t\t<div class=\"elementor-column elementor-col-100 elementor-top-column elementor-element elementor-element-3755107a jltma-glass-effect-no\" data-id=\"3755107a\" data-element_type=\"column\" data-e-type=\"column\">\n\t\t\t<div class=\"elementor-widget-wrap elementor-element-populated\">\n\t\t\t\t\t\t<div class=\"elementor-element elementor-element-1b18d1ef jltma-glass-effect-no elementor-widget elementor-widget-text-editor\" data-id=\"1b18d1ef\" data-element_type=\"widget\" data-e-type=\"widget\" data-widget_type=\"text-editor.default\">\n\t\t\t\t<div class=\"elementor-widget-container\">\n\t\t\t\t\t\t\t\t\t<h1>Willkommen bei Grau GmbH Hardware &amp; Software Solutions!<\/h1><p>Grau GmbH Hardware &amp; Software Solutions wurde 2006 als Startup unter dem Namen Grau GbR gegr\u00fcndet und 2013 in die Rechtsform einer GmbH umgewandelt. Wir entwickeln bereits seit 20 Jahren zuverl\u00e4ssig und in sehr guter Qualit\u00e4t Hardware- und Softwareprodukte und vertreiben diese weltweit.\u00a0 Zu unseren Produkten geh\u00f6ren unser anderem Datenrettungssoftware, Software zur Videoreparatur, vielseitig verwendbare und programmierbare USB Module, eine praktische App im Bereich der Elektromobilit\u00e4t und L\u00f6sungen f\u00fcr selbstfahrende M\u00e4hroboter.<\/p><div id=\"attachment_3038\" style=\"width: 410px\" class=\"wp-caption aligncenter\"><a href=\"https:\/\/main.grauonline.de\/wp-content\/uploads\/2020\/03\/computer-1015304.jpg\"><img fetchpriority=\"high\" decoding=\"async\" aria-describedby=\"caption-attachment-3038\" class=\"wp-image-3038\" src=\"https:\/\/main.grauonline.de\/wp-content\/uploads\/2020\/03\/computer-1015304-1024x1024.jpg\" alt=\"Hi there! Nice to meet you at our Grau GmbH company profile.\" width=\"400\" height=\"400\" srcset=\"https:\/\/main.grauonline.de\/wp-content\/uploads\/2020\/03\/computer-1015304-1024x1024.jpg 1024w, https:\/\/main.grauonline.de\/wp-content\/uploads\/2020\/03\/computer-1015304-150x150.jpg 150w, https:\/\/main.grauonline.de\/wp-content\/uploads\/2020\/03\/computer-1015304-300x300.jpg 300w, https:\/\/main.grauonline.de\/wp-content\/uploads\/2020\/03\/computer-1015304-768x768.jpg 768w\" sizes=\"(max-width: 400px) 100vw, 400px\" \/><\/a><p id=\"caption-attachment-3038\" class=\"wp-caption-text\">Hallo da drau\u00dfen! Sch\u00f6n, Sie auf der Grau GmbH-Website zu treffen!<\/p><\/div><h2>\u00a0<\/h2><h2>\"We make IT easy\" - einfache L\u00f6sungen, die ankommen<\/h2><p>IT muss hilfreich und praktisch sein, nicht etwa noch Zeit und Nerven kosten. Deshalb sind alle Hardware- und Softwareprodukte der Grau GmbH vielseitig und einfach einsetzbar.\u00a0 Kurz gesagt: Sie l\u00f6sen technische Probleme, mit denen die meisten Nutzerinnen und Nutzer schon oft k\u00e4mpfen mussten.<\/p><div id=\"attachment_3054\" style=\"width: 410px\" class=\"wp-caption aligncenter\"><a href=\"https:\/\/main.grauonline.de\/wp-content\/uploads\/2020\/03\/meeting-1019875.jpg\"><img decoding=\"async\" aria-describedby=\"caption-attachment-3054\" class=\"wp-image-3054\" src=\"https:\/\/main.grauonline.de\/wp-content\/uploads\/2020\/03\/meeting-1019875-1024x731.jpg\" alt=\"Let's talk about ... helpful IT solutions!\" width=\"400\" height=\"286\" srcset=\"https:\/\/main.grauonline.de\/wp-content\/uploads\/2020\/03\/meeting-1019875-1024x731.jpg 1024w, https:\/\/main.grauonline.de\/wp-content\/uploads\/2020\/03\/meeting-1019875-300x214.jpg 300w, https:\/\/main.grauonline.de\/wp-content\/uploads\/2020\/03\/meeting-1019875-768x549.jpg 768w\" sizes=\"(max-width: 400px) 100vw, 400px\" \/><\/a><p id=\"caption-attachment-3054\" class=\"wp-caption-text\">Reden wir doch einmal \u00fcber ... sinnvolle IT-L\u00f6sungen!<\/p><\/div><p><strong>Haben Sie private oder berufliche Daten verloren und m\u00fcssen sie wiederherstellen?\u00a0<\/strong><\/p><p>Lassen Sie <a href=\"https:\/\/main.grauonline.de\/de\/?page_id=2604\">MaxDataGenius<\/a> diese nervige Aufgabe \u00fcbernehmen!<\/p><p><strong>Sind auf Ihrer Kamera wichtige Videos, die sich nicht oder schlecht abspielen lassen?<\/strong><\/p><p>W\u00e4hlen Sie als Referenz einfach eine funktionierende Videodatei auf der gleichen Kamera aus und reparieren Sie Ihre defekten Videos mit dem <a href=\"https:\/\/main.grauonline.de\/de\/?page_id=2654\">VideoRepairTool<\/a>.<\/p><p><strong>Gehen Ihnen manche Tastenk\u00fcrzel oder Mausklicks nach vielen Wiederholungen auf die Nerven?<\/strong><\/p><p>Haben Sie sich dabei vielleicht schon oft vertippt oder verklickt? Haben Sie oft Angst, dass Ihre Hardware zu Schaden kommt? Unsere robusten und frei programmierbaren <a href=\"https:\/\/main.grauonline.de\/de\/?page_id=2769\">USB-Produkte<\/a> halten auch in schwierigen Arbeitsumgebungen f\u00fcr Sie die Stellung. Sie und Ihre Mitarbeiter gewinnen so wertvolle Zeit f\u00fcr alles au\u00dfer wiederkehrenden Klicks und Tastenanschl\u00e4gen.<\/p><p><strong>M\u00f6chten Sie langfristig Zeit und Kosten f\u00fcr die Gel\u00e4ndepflege sparen?<\/strong><\/p><p>Dann werfen Sie einen Blick auf unsere automatisierten <a href=\"https:\/\/main.grauonline.de\/de\/?page_id=153\">L\u00f6sungen f\u00fcr M\u00e4hroboter<\/a>.<\/p><p><strong>Suchen Sie Projekt- oder Kooperationspartner, die Ihnen bei der Entwicklung passender IT-L\u00f6sungen helfen?<\/strong><\/p><p>Grau GmbH freut sich auf Ihre Produkt- und Gesch\u00e4ftsideen.<\/p><p><strong>Vertreiben Sie Hardware und Software und suchen Sie laufend nach Produkten, die einfach zuverl\u00e4ssig funktionieren?\u00a0<\/strong><\/p><p>Dann \u00fcberlegen Sie, ob MaxDataGenius, VideoRepairTool und unsere USB-Module den Nerv Ihrer Kunden treffen.<\/p><h2>Unsere Prinzipien bei Grau GmbH - Ihr Vorteil<\/h2><p>Die Bed\u00fcrfnisse unserer Kunden stehen an erster Stelle. Unsere Arbeit folgt daher bekannten und praktischen Prinzipien der IT-Branche.\u00a0 Zusammengefasst sind diese: KISS, UX, WYSIWYG, Produktlebenszyklus und Agile Methoden.<\/p><div id=\"attachment_3058\" style=\"width: 410px\" class=\"wp-caption aligncenter\"><a href=\"https:\/\/main.grauonline.de\/wp-content\/uploads\/2020\/03\/cloud-1835333_1920.png\"><img decoding=\"async\" aria-describedby=\"caption-attachment-3058\" class=\"wp-image-3058\" src=\"https:\/\/main.grauonline.de\/wp-content\/uploads\/2020\/03\/cloud-1835333_1920-1024x890.png\" alt=\"You use IT - we code it!\" width=\"400\" height=\"348\" srcset=\"https:\/\/main.grauonline.de\/wp-content\/uploads\/2020\/03\/cloud-1835333_1920-1024x890.png 1024w, https:\/\/main.grauonline.de\/wp-content\/uploads\/2020\/03\/cloud-1835333_1920-300x261.png 300w, https:\/\/main.grauonline.de\/wp-content\/uploads\/2020\/03\/cloud-1835333_1920-768x668.png 768w, https:\/\/main.grauonline.de\/wp-content\/uploads\/2020\/03\/cloud-1835333_1920.png 1920w\" sizes=\"(max-width: 400px) 100vw, 400px\" \/><\/a><p id=\"caption-attachment-3058\" class=\"wp-caption-text\">Ganz einfach: Sie nutzen IT-Tools- wir programmieren Sie!<\/p><\/div><h3>Arbeiten nach \"Naturgesetzen\" der IT<\/h3><p><span class=\"collapseomatic\" id=\"id69d4baea52b99\"  tabindex=\"0\" title=\"KISS - &quot;Keep it short and simple!&quot;\"    >KISS &#8211; Keep it short and simple!<\/span><div id=\"target-id69d4baea52b99\" class=\"collapseomatic_content\"><\/p><p>Grunds\u00e4tzlich lassen sich all unsere Hardware- und Softwareprodukte einfach bedienen - unabh\u00e4ngig vom Vorwissen unserer Kund*innen. Zu jedem Produkt stellen wir Nutzerhandb\u00fccher f\u00fcr jeden Bedarf bereit. Das Informationsangebot reicht von der Kurzanleitung auf der Website bis zum ausf\u00fchrlichen PDF-Manual. Wir verzichten bei unserer Software auf verwirrende Funktionen und \u00fcberfl\u00fcssige spielerische Elemente. Dies gilt auch f\u00fcr die Programmierhilfe zu unseren USB-Modulen. Nicht lange suchen, sondern einfach anfangen!<br \/><\/div><\/p><p>\u00a0<\/p><p><span class=\"collapseomatic\" id=\"id69d4baea52c28\"  tabindex=\"0\" title=\"&quot;UX (user experience) \u2013 Ihre Kundenerfahrung z\u00e4hlt!&quot;\"    >\"UX (user experience) \u2013 Ihre Kundenerfahrung z\u00e4hlt!\"<\/span><div id=\"target-id69d4baea52c28\" class=\"collapseomatic_content\"><\/p><p>Um die Nutzerfreundlichkeit optimal zu gestalten, testen wir unsere Hardware- und Softwareprodukte nach technischen Standards und ber\u00fccksichtigen das Feedback unserer Kund*innen. Wie in der Softwarebranche \u00fcblich, gilt das Prinzip: \"Erst testen, dann kaufen!\". Anhand unserer Demo-Versionen\u00a0 k\u00f6nnen Sie also gleich ausprobieren, ob Datenrettung oder Videoreparaturen funktionieren. Anschlie\u00dfend bezahlen Sie Ihr ausgew\u00e4hltes Produkt in Echtzeit via Paypal. So k\u00f6nnen Sie mit Software sofort starten und erhalten auch Hardware innerhalb weniger Arbeitstage.<br \/><\/div><\/p><p>\u00a0<\/p><p><span class=\"collapseomatic\" id=\"id69d4baea52c5c\"  tabindex=\"0\" title=\"WYSIWYG - What you see is what you get!\"    >WYSIWYG - \"What you see is what you get!\"<\/span><div id=\"target-id69d4baea52c5c\" class=\"collapseomatic_content\"><\/p><p>Grau GmbH entwirft und vertreibt immer Produkte f\u00fcr jeden Nutzer - unabh\u00e4ngig vom vorhandenen IT-Fachwissen. Deshalb erhalten Sie als wenig oder durchschnittlich erfahrener Nutzer nur die Informationen, die Sie wirklich brauchen. Keine komplizierten technischen Erkl\u00e4rungen, sondern auf dem direkten Weg zu n\u00fctzlichen Informationen und Funktionen. IT-Experten und professionelle Nutzer*innen k\u00f6nnen unterdessen zus\u00e4tzlich zur \"WYSIWYG\"-Bedienung ein paar Schritte weitergehen. In unseren Manualen und auf unserer Website finden Sie immer Hintergrundinformationen und technische Spezifikationen.<br \/><\/div><\/p><h3>\u00a0<\/h3><h3>Produktlebenszyklus und Agile Methoden<\/h3><p><span class=\"collapseomatic\" id=\"id69d4baea52c8b\"  tabindex=\"0\" title=\"Produktlebenszyklus und Agile Methoden\"    >Produktlebenszyklus und Agile Methoden<\/span><div id=\"target-id69d4baea52c8b\" class=\"collapseomatic_content\"><br \/>Der gesamte Lebenszyklus unserer Produkte spielt sich \"unter einem Dach\" ab - von der ersten Programmierzeile bis zum E-Mail-Support nach dem Kauf. Dementsprechend gewinnen wir schnell einen \u00dcberblick \u00fcber h\u00e4ufig auftretende Fehler im Umgang mit unseren Produkten und k\u00f6nnen einfache L\u00f6sungen anbieten. Als Kund*in profitieren Sie au\u00dferdem von unserer IT-Expertise \"aus erster Hand\" ohne ein kompliziertes Verkaufsnetzwerk.<br \/><\/div><\/p><p><span class=\"collapseomatic\" id=\"id69d4baea52cb2\"  tabindex=\"0\" title=\"Agile Methoden \u2013 schnell und flexibel zur erfolgreichen Anwendung!\"    >Agile Methoden \u2013 schnell und flexibel zur erfolgreichen Anwendung!<\/span><div id=\"target-id69d4baea52cb2\" class=\"collapseomatic_content\"><\/p><p>Als kleines Startup-Unternehmen verlassen wir uns auf Agile Methoden, wenn wir Hardware und Software entwickeln oder optimieren. Dank eines agilen Entwicklungsumfelds k\u00f6nnen wir schnell auf die Anforderungen unserer Kunden reagieren und uns an Marktver\u00e4nderungen anpassen.<br \/><\/div><\/p><div id=\"attachment_3042\" style=\"width: 510px\" class=\"wp-caption aligncenter\"><a href=\"https:\/\/main.grauonline.de\/wp-content\/uploads\/2020\/03\/networks-3017398.jpg\"><img loading=\"lazy\" decoding=\"async\" aria-describedby=\"caption-attachment-3042\" class=\"wp-image-3042\" src=\"https:\/\/main.grauonline.de\/wp-content\/uploads\/2020\/03\/networks-3017398-1024x683.jpg\" alt=\"Ideas grow where people connect with each other! Are you in? \" width=\"500\" height=\"333\" srcset=\"https:\/\/main.grauonline.de\/wp-content\/uploads\/2020\/03\/networks-3017398-1024x683.jpg 1024w, https:\/\/main.grauonline.de\/wp-content\/uploads\/2020\/03\/networks-3017398-300x200.jpg 300w, https:\/\/main.grauonline.de\/wp-content\/uploads\/2020\/03\/networks-3017398-768x512.jpg 768w\" sizes=\"(max-width: 500px) 100vw, 500px\" \/><\/a><p id=\"caption-attachment-3042\" class=\"wp-caption-text\">Wo Menschen sich verbinden, wachsen Ideen. Sind Sie dabei?<\/p><\/div><h2>Grau GmbH: Anf\u00e4nge und laufende Projekte<\/h2><p>Die Geschichte von Grau GmbH begann in den fr\u00fchen 2000er Jahren mit einigen defekten Videodateien. Nach tagelanger Suche nach einer passenden Software zur Videoreparatur machte Gr\u00fcnder und Gesch\u00e4ftsf\u00fchrer Alexander Grau die Not zur Tugend. Aus eigenem Bedarf heraus entwickelte er VideoRepairTool und gr\u00fcndete die Firma Grau GbR. Eine kurze Zeit sp\u00e4ter stieg auch der zweite Gesch\u00e4ftsf\u00fchrer Christian Grau ins Gesch\u00e4ft und entwickelte das zweite grundlegende Softwareprodukt der Firma, MaxDataGenius. Nach einer Zusammenarbeit mit einem amerikanischen Lizenzpartner wagten die beiden Gr\u00fcnder den Sprung in den Eigenvertrieb. Gemeinsam mit einem zuverl\u00e4ssigen Netzwerk externer Programmierer entwickelten sie weitere Produkte. 2013 folgte schlie\u00dflich die Umwandlung der Grau GbR in eine GmbH. Zus\u00e4tzlich zum eigenen Produktangebot arbeitet die Grau GmbH mit weiteren Projektpartnern zusammen. Solche Kooperationen gibt es zum Beispiel in den Bereichen der E-Mobilit\u00e4t und der selbstfahrenden Rasenm\u00e4her.<\/p><p>Interessieren auch Sie sich f\u00fcr eine Vertriebspartnerschaft oder f\u00fcr ein gemeinsames Projekt? Dann <a href=\"https:\/\/main.grauonline.de\/de\/?page_id=81\">kontaktieren Sie uns<\/a> f\u00fcr weitere Details!<\/p><div id=\"attachment_3056\" style=\"width: 410px\" class=\"wp-caption aligncenter\"><a href=\"https:\/\/main.grauonline.de\/wp-content\/uploads\/2020\/03\/contact-us-1908762_1920.png\"><img loading=\"lazy\" decoding=\"async\" aria-describedby=\"caption-attachment-3056\" class=\"wp-image-3056\" src=\"https:\/\/main.grauonline.de\/wp-content\/uploads\/2020\/03\/contact-us-1908762_1920-1024x359.png\" alt=\"The Grau GmbH team is looking forward to your call or e-mail!\" width=\"400\" height=\"140\" srcset=\"https:\/\/main.grauonline.de\/wp-content\/uploads\/2020\/03\/contact-us-1908762_1920-1024x359.png 1024w, https:\/\/main.grauonline.de\/wp-content\/uploads\/2020\/03\/contact-us-1908762_1920-300x105.png 300w, https:\/\/main.grauonline.de\/wp-content\/uploads\/2020\/03\/contact-us-1908762_1920-768x269.png 768w, https:\/\/main.grauonline.de\/wp-content\/uploads\/2020\/03\/contact-us-1908762_1920.png 1920w\" sizes=\"(max-width: 400px) 100vw, 400px\" \/><\/a><p id=\"caption-attachment-3056\" class=\"wp-caption-text\">Das Team der Grau GmbH freut sich auf Ihren Anruf oder Ihre E-Mail!<\/p><\/div>\t\t\t\t\t\t\t\t<\/div>\n\t\t\t\t<\/div>\n\t\t\t\t\t<\/div>\n\t\t<\/div>\n\t\t\t\t\t<\/div>\n\t\t<\/section>\n\t\t\t\t<section class=\"elementor-section elementor-top-section elementor-element elementor-element-c608d7e elementor-section-boxed elementor-section-height-default elementor-section-height-default jltma-glass-effect-no\" data-id=\"c608d7e\" data-element_type=\"section\" data-e-type=\"section\">\n\t\t\t\t\t\t<div class=\"elementor-container elementor-column-gap-default\">\n\t\t\t\t\t<div class=\"elementor-column elementor-col-100 elementor-top-column elementor-element elementor-element-e7976dd jltma-glass-effect-no\" data-id=\"e7976dd\" data-element_type=\"column\" data-e-type=\"column\">\n\t\t\t<div class=\"elementor-widget-wrap elementor-element-populated\">\n\t\t\t\t\t\t<div class=\"elementor-element elementor-element-1176eaa elementor-align-center jltma-glass-effect-no elementor-widget elementor-widget-button\" data-id=\"1176eaa\" data-element_type=\"widget\" data-e-type=\"widget\" data-widget_type=\"button.default\">\n\t\t\t\t<div class=\"elementor-widget-container\">\n\t\t\t\t\t\t\t\t\t<div class=\"elementor-button-wrapper\">\n\t\t\t\t\t<a class=\"elementor-button elementor-button-link elementor-size-md\" href=\"https:\/\/main.grauonline.de\/de\/\">\n\t\t\t\t\t\t<span class=\"elementor-button-content-wrapper\">\n\t\t\t\t\t\t<span class=\"elementor-button-icon\">\n\t\t\t\t<i aria-hidden=\"true\" class=\"far fa-arrow-alt-circle-up\"><\/i>\t\t\t<\/span>\n\t\t\t\t\t\t\t\t\t<span class=\"elementor-button-text\">Zur\u00fcck zur Startseite!<\/span>\n\t\t\t\t\t<\/span>\n\t\t\t\t\t<\/a>\n\t\t\t\t<\/div>\n\t\t\t\t\t\t\t\t<\/div>\n\t\t\t\t<\/div>\n\t\t\t\t\t<\/div>\n\t\t<\/div>\n\t\t\t\t\t<\/div>\n\t\t<\/section>\n\t\t\t\t<\/div>","protected":false},"excerpt":{"rendered":"<p>Meet Grau GmbH Hardware &amp; Software Solutions! Grau GmbH Hardware &amp; Software solutions is a start-up company founded in 2013&hellip;<\/p>","protected":false},"author":3,"featured_media":0,"parent":0,"menu_order":0,"comment_status":"closed","ping_status":"closed","template":"","meta":{"footnotes":""},"class_list":["post-3021","page","type-page","status-publish","hentry"],"yoast_head":"<!-- This site is optimized with the Yoast SEO plugin v16.2 - https:\/\/yoast.com\/wordpress\/plugins\/seo\/ -->\n<title>Grau GmbH - This is us! - Grau GmbH Hardware &amp; Software Solutions<\/title>\n<meta name=\"description\" content=\"Grau GmbH is a German hardware and software company. Meet us and find out more about our solutions, story and working principles!\" \/>\n<meta name=\"robots\" content=\"index, follow, max-snippet:-1, max-image-preview:large, max-video-preview:-1\" \/>\n<link rel=\"canonical\" href=\"https:\/\/main.grauonline.de\/de\/grau-gmbh-us\/\" \/>\n<meta property=\"og:locale\" content=\"de_DE\" \/>\n<meta property=\"og:type\" content=\"article\" \/>\n<meta property=\"og:title\" content=\"Grau GmbH - This is us! - Grau GmbH Hardware &amp; Software Solutions\" \/>\n<meta property=\"og:description\" content=\"Grau GmbH is a German hardware and software company. Meet us and find out more about our solutions, story and working principles!\" \/>\n<meta property=\"og:url\" content=\"https:\/\/main.grauonline.de\/de\/grau-gmbh-us\/\" \/>\n<meta property=\"og:site_name\" content=\"Grau GmbH Hardware &amp; Software Solutions\" \/>\n<meta property=\"article:modified_time\" content=\"2021-05-29T12:51:20+00:00\" \/>\n<meta property=\"og:image\" content=\"https:\/\/main.grauonline.de\/wp-content\/uploads\/2020\/03\/computer-1015304-1024x1024.jpg\" \/>\n<meta name=\"twitter:card\" content=\"summary\" \/>\n<meta name=\"twitter:label1\" content=\"Gesch\u00e4tzte Lesezeit\">\n\t<meta name=\"twitter:data1\" content=\"6\u00a0Minuten\">\n<script type=\"application\/ld+json\" class=\"yoast-schema-graph\">{\"@context\":\"https:\/\/schema.org\",\"@graph\":[{\"@type\":\"WebSite\",\"@id\":\"https:\/\/main.grauonline.de\/#website\",\"url\":\"https:\/\/main.grauonline.de\/\",\"name\":\"Grau GmbH Hardware &amp; Software Solutions\",\"description\":\"We make IT simple!\",\"potentialAction\":[{\"@type\":\"SearchAction\",\"target\":\"https:\/\/main.grauonline.de\/?s={search_term_string}\",\"query-input\":\"required name=search_term_string\"}],\"inLanguage\":\"de\"},{\"@type\":\"ImageObject\",\"@id\":\"https:\/\/main.grauonline.de\/grau-gmbh-us\/#primaryimage\",\"inLanguage\":\"de\",\"url\":\"https:\/\/main.grauonline.de\/wp-content\/uploads\/2020\/03\/computer-1015304.jpg\",\"contentUrl\":\"https:\/\/main.grauonline.de\/wp-content\/uploads\/2020\/03\/computer-1015304.jpg\",\"width\":8000,\"height\":8000,\"caption\":\"Hi there! We are Grau GmbH.\"},{\"@type\":\"WebPage\",\"@id\":\"https:\/\/main.grauonline.de\/grau-gmbh-us\/#webpage\",\"url\":\"https:\/\/main.grauonline.de\/grau-gmbh-us\/\",\"name\":\"Grau GmbH - This is us! - Grau GmbH Hardware &amp; Software Solutions\",\"isPartOf\":{\"@id\":\"https:\/\/main.grauonline.de\/#website\"},\"primaryImageOfPage\":{\"@id\":\"https:\/\/main.grauonline.de\/grau-gmbh-us\/#primaryimage\"},\"datePublished\":\"2020-03-09T22:23:28+00:00\",\"dateModified\":\"2021-05-29T12:51:20+00:00\",\"description\":\"Grau GmbH is a German hardware and software company. Meet us and find out more about our solutions, story and working principles!\",\"breadcrumb\":{\"@id\":\"https:\/\/main.grauonline.de\/grau-gmbh-us\/#breadcrumb\"},\"inLanguage\":\"de\",\"potentialAction\":[{\"@type\":\"ReadAction\",\"target\":[\"https:\/\/main.grauonline.de\/grau-gmbh-us\/\"]}]},{\"@type\":\"BreadcrumbList\",\"@id\":\"https:\/\/main.grauonline.de\/grau-gmbh-us\/#breadcrumb\",\"itemListElement\":[{\"@type\":\"ListItem\",\"position\":1,\"item\":{\"@id\":\"https:\/\/main.grauonline.de\/grau-gmbh-us\/#webpage\"}}]}]}<\/script>\n<!-- \/ Yoast SEO plugin. -->","_links":{"self":[{"href":"https:\/\/main.grauonline.de\/de\/wp-json\/wp\/v2\/pages\/3021","targetHints":{"allow":["GET"]}}],"collection":[{"href":"https:\/\/main.grauonline.de\/de\/wp-json\/wp\/v2\/pages"}],"about":[{"href":"https:\/\/main.grauonline.de\/de\/wp-json\/wp\/v2\/types\/page"}],"author":[{"embeddable":true,"href":"https:\/\/main.grauonline.de\/de\/wp-json\/wp\/v2\/users\/3"}],"replies":[{"embeddable":true,"href":"https:\/\/main.grauonline.de\/de\/wp-json\/wp\/v2\/comments?post=3021"}],"version-history":[{"count":47,"href":"https:\/\/main.grauonline.de\/de\/wp-json\/wp\/v2\/pages\/3021\/revisions"}],"predecessor-version":[{"id":3517,"href":"https:\/\/main.grauonline.de\/de\/wp-json\/wp\/v2\/pages\/3021\/revisions\/3517"}],"wp:attachment":[{"href":"https:\/\/main.grauonline.de\/de\/wp-json\/wp\/v2\/media?parent=3021"}],"curies":[{"name":"wp","href":"https:\/\/api.w.org\/{rel}","templated":true}]}}