{"id":2769,"date":"2020-01-13T13:52:27","date_gmt":"2020-01-13T13:52:27","guid":{"rendered":"http:\/\/grauonline.de\/cms2\/?page_id=2769"},"modified":"2023-03-06T10:49:37","modified_gmt":"2023-03-06T10:49:37","slug":"usb-modules-practical-easy-programmable","status":"publish","type":"page","link":"https:\/\/main.grauonline.de\/de\/usb-modules-practical-easy-programmable\/","title":{"rendered":"USB-Tools: praktisch, einfach, programmierbar!"},"content":{"rendered":"<div data-elementor-type=\"wp-page\" data-elementor-id=\"2769\" class=\"elementor elementor-2769\">\n\t\t\t\t\t\t<section class=\"elementor-section elementor-top-section elementor-element elementor-element-1afe85ff elementor-section-boxed elementor-section-height-default elementor-section-height-default jltma-glass-effect-no\" data-id=\"1afe85ff\" data-element_type=\"section\" data-e-type=\"section\">\n\t\t\t\t\t\t<div class=\"elementor-container elementor-column-gap-default\">\n\t\t\t\t\t<div class=\"elementor-column elementor-col-100 elementor-top-column elementor-element elementor-element-6e52eaef jltma-glass-effect-no\" data-id=\"6e52eaef\" data-element_type=\"column\" data-e-type=\"column\">\n\t\t\t<div class=\"elementor-widget-wrap elementor-element-populated\">\n\t\t\t\t\t\t<section class=\"elementor-section elementor-inner-section elementor-element elementor-element-95d9105 elementor-section-boxed elementor-section-height-default elementor-section-height-default jltma-glass-effect-no\" data-id=\"95d9105\" data-element_type=\"section\" data-e-type=\"section\">\n\t\t\t\t\t\t<div class=\"elementor-container elementor-column-gap-default\">\n\t\t\t\t\t<div class=\"elementor-column elementor-col-100 elementor-inner-column elementor-element elementor-element-5ca1aab jltma-glass-effect-no\" data-id=\"5ca1aab\" data-element_type=\"column\" data-e-type=\"column\">\n\t\t\t<div class=\"elementor-widget-wrap elementor-element-populated\">\n\t\t\t\t\t\t<div class=\"elementor-element elementor-element-60fdaa8 jltma-glass-effect-no elementor-widget elementor-widget-video\" data-id=\"60fdaa8\" data-element_type=\"widget\" data-e-type=\"widget\" data-settings=\"{&quot;youtube_url&quot;:&quot;https:\\\/\\\/www.youtube.com\\\/watch?v=fJDzEWFTzQc&quot;,&quot;video_type&quot;:&quot;youtube&quot;,&quot;controls&quot;:&quot;yes&quot;}\" data-widget_type=\"video.default\">\n\t\t\t\t<div class=\"elementor-widget-container\">\n\t\t\t\t\t\t\t<div class=\"elementor-wrapper elementor-open-inline\">\n\t\t\t<div class=\"elementor-video\"><\/div>\t\t<\/div>\n\t\t\t\t\t\t<\/div>\n\t\t\t\t<\/div>\n\t\t\t\t\t<\/div>\n\t\t<\/div>\n\t\t\t\t\t<\/div>\n\t\t<\/section>\n\t\t\t\t<div class=\"elementor-element elementor-element-9712ff0 jltma-glass-effect-no elementor-widget elementor-widget-text-editor\" data-id=\"9712ff0\" data-element_type=\"widget\" data-e-type=\"widget\" data-widget_type=\"text-editor.default\">\n\t\t\t\t<div class=\"elementor-widget-container\">\n\t\t\t\t\t\t\t\t\t<p>Haben Sie endg\u00fcltig genug von st\u00e4ndigen Mausklicks und Tastenk\u00fcrzeln? W\u00fcnschen Sie sich stattdessen eine einfache L\u00f6sung f\u00fcr wiederkehrende Kommandos, die \"auf Knopfdruck\" funktioniert? Dann lernen Sie unsere frei programmierbaren USB-Tools in zwei Varianten kennen. Entweder w\u00e4hlen Sie einen Buzzer mit einem einzelnen, gro\u00dfen Taster. Oder aber Sie entscheiden sich f\u00fcr eine USB-Pushbox mit mehreren unterschiedlichen kleinen Tastern.<\/p><div id=\"attachment_2791\" style=\"width: 360px\" class=\"wp-caption aligncenter\"><a href=\"https:\/\/main.grauonline.de\/wp-content\/uploads\/2020\/01\/pushbutton_gruen_500x500.jpg\"><img fetchpriority=\"high\" decoding=\"async\" aria-describedby=\"caption-attachment-2791\" src=\"https:\/\/main.grauonline.de\/wp-content\/uploads\/2020\/01\/pushbutton_gruen_500x500.jpg\" alt=\"Give yourself a push for easier IT operations!\" width=\"350\" height=\"374\" \/><\/a><p id=\"caption-attachment-2791\" class=\"wp-caption-text\">Schaffen Sie sich einfachere IT-Routinen!<\/p><\/div><p>Um mehr \u00fcber unsere programmierbaren USB-Tools zu erfahren, schauen Sie sich zuerst die Checklisen an. Finden Sie dann unterschiedliche  Nutzerbeispiele f\u00fcr den USB-Buzzer und die USB-Pushbox. Weiterhin verraten wir Ihnen mehr \u00fcber wichtige technische Daten sowie die Kompatibilit\u00e4t mit Ihrem Betriebssysten. Bei Interesse k\u00f6nnen Sie schlie\u00dflich Ihren ersten USB-Buzzer oder Ihre erste USB-Pushbox mit ein paar Klicks erwerben - App-Download inklusive. Unsere Nutzerinformationen geben Ihnen zus\u00e4tzlich Antworten auf typische Nutzerfragen.<\/p><h1>USB-Tools: einfache IT-Routinen per Knopfdruck!<\/h1><p>Es gibt einen praktischen Pushbutton f\u00fcr viele Situationen. Es spielt keine Rolle, ob Sie Ihre Produktionsprozesse vereinfachen wollen, Ihren Messestand aufpeppen oder Ihr Gaming-Event noch interessanter gestalten wollen. Unsere USB-Tools wurden f\u00fcr eine Vielzahl von Einsatzm\u00f6glichkeiten entwickelt. Welche Variante  kommt Ihrem Bedarf am n\u00e4chsten - USB.Buzzer oder Pushbox? Finden Sie es heraus!<\/p><h2>Checklisten und Nutzerbeispiele<\/h2><p><a href=\"https:\/\/main.grauonline.de\/wp-content\/uploads\/2019\/07\/checklist-2.png\"><img decoding=\"async\" src=\"https:\/\/main.grauonline.de\/wp-content\/uploads\/2019\/07\/checklist-2-150x150.png\" alt=\"checklist 2\" width=\"63\" height=\"64\" \/><\/a><\/p><p><span class=\"collapseomatic\" id=\"id69d9d90ad48f1\"  tabindex=\"0\" title=\"Zu den Checklisten\"    >Zu den Checklisten<\/span><div id=\"target-id69d9d90ad48f1\" class=\"collapseomatic_content\"><\/p><p><a href=\"https:\/\/main.grauonline.de\/de\/?page_id=2818\">Checkliste f\u00fcr den USB-Pushbutton<\/a><\/p><p><a href=\"https:\/\/main.grauonline.de\/de\/?page_id=2827\">Checkliste f\u00fcr die USB-Pushbox<\/a><br \/><\/div><\/p><p>Unterschiedliche Situationen erfordern andere L\u00f6sungen. Vielleicht wollen Sie mit den USB-Tools Ihre Produktion optimieren. M\u00f6glicherweise m\u00f6chten Sie Pushbuttons in eine Fotobox oder in Ihre Studioausr\u00fcstung integrieren. Oder Sie m\u00f6chten als DJ w\u00e4hrend Ihrer Performance \u00dcberraschungseffekte einbauen. Was auch immer Sie vorhaben - schauen Sie sich zun\u00e4chst unsere ausgew\u00e4hlten Nutzerbeispiele an.<\/p><p><a href=\"https:\/\/main.grauonline.de\/wp-content\/uploads\/2019\/07\/user-2-1.png\"><img decoding=\"async\" src=\"https:\/\/main.grauonline.de\/wp-content\/uploads\/2019\/07\/user-2-1-150x150.png\" alt=\"user 2\" width=\"63\" height=\"73\" \/><\/a><\/p><p><span class=\"collapseomatic\" id=\"id69d9d90ad4968\"  tabindex=\"0\" title=\"Alle Nutzerbeispiele im \u00dcberblick\"    >Alle Nutzerbeispiele im \u00dcberblick<\/span><div id=\"target-id69d9d90ad4968\" class=\"collapseomatic_content\"><\/p><p><a href=\"https:\/\/main.grauonline.de\/de\/?page_id=2837\">USB-Tools im Einsatz<\/a><br \/><a href=\"https:\/\/main.grauonline.de\/de\/?page_id=1786\">Einsatzbereiche f\u00fcr den USB-Pushbutton<\/a><\/p><p><a href=\"https:\/\/main.grauonline.de\/de\/?page_id=1902\">Einsatzbereiche f\u00fcr die USB-Pushbox<\/a><br \/><\/div><\/p><h2>USB-Tools - so funktionieren sie!<\/h2><p>Jetzt wissen Sie, wof\u00fcr Sie Ihre USB-Tools verwenden k\u00f6nnen und welche Variante zu Ihren Zielen passt. Generell sind unsere USB-Tools mit allen g\u00e4ngigen Betriebssystemen kompatibel. Finden Sie zun\u00e4chst Ihre ideale Tool-Variante und werfen Sie einen Blick auf die technischen Daten und Eigenschaften. Sie k\u00f6nnen sich auch die Produktflyer herunterladen.<\/p><p><a href=\"https:\/\/main.grauonline.de\/wp-content\/uploads\/2019\/07\/screwdriver-1294338.png\"><img loading=\"lazy\" decoding=\"async\" src=\"https:\/\/main.grauonline.de\/wp-content\/uploads\/2019\/07\/screwdriver-1294338-150x150.png\" alt=\"Functions and features of MaxDataGenius\" width=\"63\" height=\"65\" \/><\/a><\/p><p><span class=\"collapseomatic\" id=\"id69d9d90ad4991\"  tabindex=\"0\" title=\"Zu den technischen Daten und Produkteigenschaften!\"    >Zu den technischen Daten und Produkteigenschaften!<\/span><div id=\"target-id69d9d90ad4991\" class=\"collapseomatic_content\"><\/p><p><a href=\"https:\/\/main.grauonline.de\/de\/?page_id=2899\">USB-Pushbutton: technische Eigenschaften auf einen Blick (mit Flyer zum Download)<\/a><\/p><p><a href=\"https:\/\/main.grauonline.de\/de\/?page_id=2917\">USB-Pushbox: technische Produkeigenschaften auf einen Blick<\/a><\/p><p><a href=\"https:\/\/main.grauonline.de\/de\/?page_id=2940\">Technisches Datenblatt f\u00fcr den USB-Pushbutton<\/a><\/p><p><a href=\"https:\/\/main.grauonline.de\/de\/?page_id=2952\">Technisches Datenblatt f\u00fcr die USB-Pushbox<\/a><br \/><\/div><\/p><h2>USB-Tools einfach kaufen<\/h2><p>Unsere programmierbaren USB-Tools vereifachen Ihre t\u00e4glichen Routinen. Deshalb beginnt eine positive Produkterfahrung mit einem einfachen Einkauf. Die Hardware kaufen und die App herunterladen funktioniert mit wenigen Klicks unten.<\/p><p><a href=\"https:\/\/main.grauonline.de\/wp-content\/uploads\/2019\/07\/shopping-cart-2.png\"><img loading=\"lazy\" decoding=\"async\" src=\"https:\/\/main.grauonline.de\/wp-content\/uploads\/2019\/07\/shopping-cart-2-150x150.png\" alt=\"shopping cart 2\" width=\"63\" height=\"72\" \/><\/a><\/p><p><span class=\"collapseomatic\" id=\"id69d9d90ad49b5\"  tabindex=\"0\" title=\"Produktkauf und App-Download\"    >Produktkauf und App-Download<\/span><div id=\"target-id69d9d90ad49b5\" class=\"collapseomatic_content\"><br \/><span style=\"color: #ffcc00;\"><a style=\"color: #ffcc00;\" href=\"https:\/\/main.grauonline.de\/de\/mushroom-buzzerusb-pushbutton-purchase-app-download\/\">USB-Pushbutton kaufen (mit App-Download)<\/a>)<\/span><\/p><p><a href=\"https:\/\/main.grauonline.de\/de\/?page_id=2884\">USB-Pushbox kaufen (mit App-Download)<\/a><br \/><\/div><\/p><h2>USB-Tools bedienen: Nutzerinformationen und E-Mail-Support<\/h2><p>Brauchen Sie bei der Programmierung und Einrichtung Ihres USB-Pushbuttons oder Ihrer USB-Pushbox Unterst\u00fctzung? Wollen Sie wissen, wie Sie die App effizient nutzen oder ohne die App Ihr USB-Tool einstellen k\u00f6nnen? Relevante Informationen dazu finden Sie in den Linksunten. Welche Nutzerinformationen Sie daf\u00fcr ben\u00f6tigen, h\u00e4ngt von der Art der Nutzung und nat\u00fcrlich von Ihrem Vorwissen ab. Bei speziellen, unbeantworteten Fragen kontaktieren Sie bitte unseren E-Mail-Support!<\/p><p><a href=\"https:\/\/main.grauonline.de\/wp-content\/uploads\/2019\/07\/manual-2.png\"><img loading=\"lazy\" decoding=\"async\" src=\"https:\/\/main.grauonline.de\/wp-content\/uploads\/2019\/07\/manual-2-150x150.png\" alt=\"manual 2\" width=\"63\" height=\"72\" \/><\/a><\/p><p><span class=\"collapseomatic\" id=\"id69d9d90ad49d8\"  tabindex=\"0\" title=\"Zum Quickstart, zu den Nutzerinformation und zum Kontaktformular!\"    >Zum Quickstart, zu den Nutzerinformation und zum Kontaktformular!<\/span><div id=\"target-id69d9d90ad49d8\" class=\"collapseomatic_content\"><\/p><p><a href=\"https:\/\/main.grauonline.de\/de\/?page_id=2509\">Quickstart f\u00fcr die App (Englisch)<\/a><\/p><p><a href=\"https:\/\/main.grauonline.de\/de\/?page_id=2710\">Erste Schritte mit der Programmierhilfe (Deutsch)<\/a><\/p><p><a href=\"https:\/\/main.grauonline.de\/de\/?page_id=1415\">USB-Tools ohne App- <\/a><a href=\"https:\/\/main.grauonline.de\/de\/?page_id=1415\">Unterst\u00fctzung manuell einrichten (mit Vorwissen)<\/a><\/p><p><a href=\"https:\/\/main.grauonline.de\/de\/?page_id=1683\">Onlinehandbuch: USB-Module ohne App-Unterst\u00fctzung programmieren (mit Quickstart)<\/a><\/p><p><a href=\"https:\/\/main.grauonline.de\/de\/?page_id=2378\">Online-Handbuch: USB-Tools mit App-Unterst\u00fctzung verbinden und programmieren (kein Vorwissen n\u00f6tig)<\/a><\/p><p><a href=\"https:\/\/main.grauonline.de\/wp-content\/uploads\/2020\/01\/User-manual-PBT_PBL_aktuell.pdf\">Vollst\u00e4ndiges Nutzerhandbuch zum Herunterladen und Ausdrucken (PDF)<\/a><\/p><p><a href=\"https:\/\/main.grauonline.de\/de\/?page_id=81\">Kontaktformular f\u00fcr E-Mail-Support<\/a><br \/><\/div><\/p><div id=\"attachment_2793\" style=\"width: 360px\" class=\"wp-caption aligncenter\"><a href=\"https:\/\/main.grauonline.de\/wp-content\/uploads\/2020\/01\/pbl4_4.jpg\"><img loading=\"lazy\" decoding=\"async\" aria-describedby=\"caption-attachment-2793\" src=\"https:\/\/main.grauonline.de\/wp-content\/uploads\/2020\/01\/pbl4_4-1024x945.jpg\" alt=\"For more commands: USB modules with several buttons\" width=\"350\" height=\"323\" \/><\/a><p id=\"caption-attachment-2793\" class=\"wp-caption-text\">USB-Pushboxen k\u00f6nnen verschiedene Befehle gleichzeitig simulieren<\/p><\/div><p><a role=\"button\" href=\"#\">\u00a0<\/a><\/p>\t\t\t\t\t\t\t\t<\/div>\n\t\t\t\t<\/div>\n\t\t\t\t\t<\/div>\n\t\t<\/div>\n\t\t\t\t\t<\/div>\n\t\t<\/section>\n\t\t\t\t<section class=\"elementor-section elementor-top-section elementor-element elementor-element-89785fd elementor-section-boxed elementor-section-height-default elementor-section-height-default jltma-glass-effect-no\" data-id=\"89785fd\" data-element_type=\"section\" data-e-type=\"section\">\n\t\t\t\t\t\t<div class=\"elementor-container elementor-column-gap-default\">\n\t\t\t\t\t<div class=\"elementor-column elementor-col-100 elementor-top-column elementor-element elementor-element-9dc8128 jltma-glass-effect-no\" data-id=\"9dc8128\" data-element_type=\"column\" data-e-type=\"column\">\n\t\t\t<div class=\"elementor-widget-wrap elementor-element-populated\">\n\t\t\t\t\t\t<div class=\"elementor-element elementor-element-ed608e3 elementor-align-center jltma-glass-effect-no elementor-widget elementor-widget-button\" data-id=\"ed608e3\" data-element_type=\"widget\" data-e-type=\"widget\" data-widget_type=\"button.default\">\n\t\t\t\t<div class=\"elementor-widget-container\">\n\t\t\t\t\t\t\t\t\t<div class=\"elementor-button-wrapper\">\n\t\t\t\t\t<a class=\"elementor-button elementor-button-link elementor-size-md\" href=\"https:\/\/main.grauonline.de\/de\/\">\n\t\t\t\t\t\t<span class=\"elementor-button-content-wrapper\">\n\t\t\t\t\t\t<span class=\"elementor-button-icon\">\n\t\t\t\t<i aria-hidden=\"true\" class=\"far fa-arrow-alt-circle-up\"><\/i>\t\t\t<\/span>\n\t\t\t\t\t\t\t\t\t<span class=\"elementor-button-text\">Zur\u00fcck zur Startseite!<\/span>\n\t\t\t\t\t<\/span>\n\t\t\t\t\t<\/a>\n\t\t\t\t<\/div>\n\t\t\t\t\t\t\t\t<\/div>\n\t\t\t\t<\/div>\n\t\t\t\t\t<\/div>\n\t\t<\/div>\n\t\t\t\t\t<\/div>\n\t\t<\/section>\n\t\t\t\t<\/div>","protected":false},"excerpt":{"rendered":"<p>https:\/\/www.youtube.com\/watch?v=fJDzEWFTzQc Are you tired of clicking yourself through mouse operations and of knotting your fingers while entering hotkeys? Would you&hellip;<\/p>","protected":false},"author":3,"featured_media":0,"parent":0,"menu_order":0,"comment_status":"closed","ping_status":"closed","template":"","meta":{"footnotes":""},"class_list":["post-2769","page","type-page","status-publish","hentry"],"yoast_head":"<!-- This site is optimized with the Yoast SEO plugin v16.2 - https:\/\/yoast.com\/wordpress\/plugins\/seo\/ -->\n<title>USB modules: practical, easy, programmable - Grau GmbH Hardware &amp; Software Solutions<\/title>\n<meta name=\"description\" content=\"Do you want to make your business life easier without many mouse clicks and hotkeys? Then our programmable USB modules can help you out.\" \/>\n<meta name=\"robots\" content=\"index, follow, max-snippet:-1, max-image-preview:large, max-video-preview:-1\" \/>\n<link rel=\"canonical\" href=\"https:\/\/main.grauonline.de\/de\/usb-modules-practical-easy-programmable\/\" \/>\n<meta property=\"og:locale\" content=\"de_DE\" \/>\n<meta property=\"og:type\" content=\"article\" \/>\n<meta property=\"og:title\" content=\"USB modules: practical, easy, programmable - Grau GmbH Hardware &amp; Software Solutions\" \/>\n<meta property=\"og:description\" content=\"Do you want to make your business life easier without many mouse clicks and hotkeys? Then our programmable USB modules can help you out.\" \/>\n<meta property=\"og:url\" content=\"https:\/\/main.grauonline.de\/de\/usb-modules-practical-easy-programmable\/\" \/>\n<meta property=\"og:site_name\" content=\"Grau GmbH Hardware &amp; Software Solutions\" \/>\n<meta property=\"article:modified_time\" content=\"2023-03-06T10:49:37+00:00\" \/>\n<meta property=\"og:image\" content=\"https:\/\/main.grauonline.de\/wp-content\/uploads\/2020\/01\/pushbutton_gruen_500x500.jpg\" \/>\n<meta name=\"twitter:card\" content=\"summary\" \/>\n<meta name=\"twitter:label1\" content=\"Gesch\u00e4tzte Lesezeit\">\n\t<meta name=\"twitter:data1\" content=\"5\u00a0Minuten\">\n<script type=\"application\/ld+json\" class=\"yoast-schema-graph\">{\"@context\":\"https:\/\/schema.org\",\"@graph\":[{\"@type\":\"WebSite\",\"@id\":\"https:\/\/main.grauonline.de\/#website\",\"url\":\"https:\/\/main.grauonline.de\/\",\"name\":\"Grau GmbH Hardware &amp; Software Solutions\",\"description\":\"We make IT simple!\",\"potentialAction\":[{\"@type\":\"SearchAction\",\"target\":\"https:\/\/main.grauonline.de\/?s={search_term_string}\",\"query-input\":\"required name=search_term_string\"}],\"inLanguage\":\"de\"},{\"@type\":\"ImageObject\",\"@id\":\"https:\/\/main.grauonline.de\/usb-modules-practical-easy-programmable\/#primaryimage\",\"inLanguage\":\"de\",\"url\":\"https:\/\/main.grauonline.de\/wp-content\/uploads\/2020\/01\/pushbutton_gruen_500x500.jpg\",\"contentUrl\":\"https:\/\/main.grauonline.de\/wp-content\/uploads\/2020\/01\/pushbutton_gruen_500x500.jpg\",\"width\":550,\"height\":588,\"caption\":\"Give yourself a push for easier IT operations!\"},{\"@type\":\"WebPage\",\"@id\":\"https:\/\/main.grauonline.de\/usb-modules-practical-easy-programmable\/#webpage\",\"url\":\"https:\/\/main.grauonline.de\/usb-modules-practical-easy-programmable\/\",\"name\":\"USB modules: practical, easy, programmable - Grau GmbH Hardware &amp; Software Solutions\",\"isPartOf\":{\"@id\":\"https:\/\/main.grauonline.de\/#website\"},\"primaryImageOfPage\":{\"@id\":\"https:\/\/main.grauonline.de\/usb-modules-practical-easy-programmable\/#primaryimage\"},\"datePublished\":\"2020-01-13T13:52:27+00:00\",\"dateModified\":\"2023-03-06T10:49:37+00:00\",\"description\":\"Do you want to make your business life easier without many mouse clicks and hotkeys? Then our programmable USB modules can help you out.\",\"breadcrumb\":{\"@id\":\"https:\/\/main.grauonline.de\/usb-modules-practical-easy-programmable\/#breadcrumb\"},\"inLanguage\":\"de\",\"potentialAction\":[{\"@type\":\"ReadAction\",\"target\":[\"https:\/\/main.grauonline.de\/usb-modules-practical-easy-programmable\/\"]}]},{\"@type\":\"BreadcrumbList\",\"@id\":\"https:\/\/main.grauonline.de\/usb-modules-practical-easy-programmable\/#breadcrumb\",\"itemListElement\":[{\"@type\":\"ListItem\",\"position\":1,\"item\":{\"@id\":\"https:\/\/main.grauonline.de\/usb-modules-practical-easy-programmable\/#webpage\"}}]}]}<\/script>\n<!-- \/ Yoast SEO plugin. -->","_links":{"self":[{"href":"https:\/\/main.grauonline.de\/de\/wp-json\/wp\/v2\/pages\/2769","targetHints":{"allow":["GET"]}}],"collection":[{"href":"https:\/\/main.grauonline.de\/de\/wp-json\/wp\/v2\/pages"}],"about":[{"href":"https:\/\/main.grauonline.de\/de\/wp-json\/wp\/v2\/types\/page"}],"author":[{"embeddable":true,"href":"https:\/\/main.grauonline.de\/de\/wp-json\/wp\/v2\/users\/3"}],"replies":[{"embeddable":true,"href":"https:\/\/main.grauonline.de\/de\/wp-json\/wp\/v2\/comments?post=2769"}],"version-history":[{"count":92,"href":"https:\/\/main.grauonline.de\/de\/wp-json\/wp\/v2\/pages\/2769\/revisions"}],"predecessor-version":[{"id":5635,"href":"https:\/\/main.grauonline.de\/de\/wp-json\/wp\/v2\/pages\/2769\/revisions\/5635"}],"wp:attachment":[{"href":"https:\/\/main.grauonline.de\/de\/wp-json\/wp\/v2\/media?parent=2769"}],"curies":[{"name":"wp","href":"https:\/\/api.w.org\/{rel}","templated":true}]}}