{"id":2710,"date":"2020-01-03T12:28:24","date_gmt":"2020-01-03T12:28:24","guid":{"rendered":"http:\/\/grauonline.de\/cms2\/?page_id=2710"},"modified":"2021-12-22T09:56:10","modified_gmt":"2021-12-22T09:56:10","slug":"quickstart-app-fur-usb-pushbutton-und-usb-pushbox-deutsch","status":"publish","type":"page","link":"https:\/\/main.grauonline.de\/de\/quickstart-app-fur-usb-pushbutton-und-usb-pushbox-deutsch\/","title":{"rendered":"Quickstart: App f\u00fcr USB-Pushbutton und USB-Pushbox (deutsch)"},"content":{"rendered":"<div data-elementor-type=\"wp-page\" data-elementor-id=\"2710\" class=\"elementor elementor-2710\">\n\t\t\t\t\t\t<section class=\"elementor-section elementor-top-section elementor-element elementor-element-35749985 elementor-section-boxed elementor-section-height-default elementor-section-height-default jltma-glass-effect-no\" data-id=\"35749985\" data-element_type=\"section\" data-e-type=\"section\">\n\t\t\t\t\t\t<div class=\"elementor-container elementor-column-gap-default\">\n\t\t\t\t\t<div class=\"elementor-column elementor-col-100 elementor-top-column elementor-element elementor-element-36bec50a jltma-glass-effect-no\" data-id=\"36bec50a\" data-element_type=\"column\" data-e-type=\"column\">\n\t\t\t<div class=\"elementor-widget-wrap elementor-element-populated\">\n\t\t\t\t\t\t<div class=\"elementor-element elementor-element-5494fbad jltma-glass-effect-no elementor-widget elementor-widget-text-editor\" data-id=\"5494fbad\" data-element_type=\"widget\" data-e-type=\"widget\" data-widget_type=\"text-editor.default\">\n\t\t\t\t<div class=\"elementor-widget-container\">\n\t\t\t\t\t\t\t\t\tUnsere App macht das Programmieren auf Ihrem USB-Pushbutton oder Ihrer USB-Pushbox viel einfacher. Die folgenden einfachen Schritte f\u00fchren Sie durch Download und Installation der App, die Verbindung zwischen App und USB-Modul und die Programmierung der Tastenkombination &#8220;Windows-Logout&#8221; (Windows+L) als Programmierbeispiel .\r\n<h1>App-Unterst\u00fctzung f\u00fcr USB-Pushbutton und USB-Pushbox &#8211; erfolgreiche Programmierung in 10 Schritten<\/h1>\r\n<ol>\r\n \t<li>Downloaden und installieren Sie die\u00a0 &#8220;Pushbutton Pushbox configuration App&#8221;. Die App ist sowohl auf der Produktseite als auch auf der mitgelieferten Mini-CD verf\u00fcgbar.<\/li>\r\n \t<li>Kontrollieren Sie die erfolgreiche Installation des Hardwaretreibers \u00fcber &#8220;Systemsteuerung -&gt;Ger\u00e4temanager&#8221;, wenn Sie sich nicht sicher sind, ob der Hardwaretreiber korrekt installiert wurde. Die Treiberinstallation ist vollst\u00e4ndig, wenn Sie im Ger\u00e4temanager im Bereich &#8220;Ports&#8221; das Item &#8220;Arduino Leonardo&#8221; ohne Ausrufezeichen. Andernfalls m\u00fcssen Sie Arduino IDE herunterladen und installieren.<\/li>\r\n \t<li>\u00d6ffnen Sie die App auf Ihrem Computer, stecken Sie den USB-Pushbutton oder die USB-Pushbox ein und verbinden Sie das USB-Modul mit der App. <a href=\"https:\/\/main.grauonline.de\/wp-content\/uploads\/2019\/11\/PBT_PBL-configuration-connecting-USB-modules.jpg\"><img fetchpriority=\"high\" decoding=\"async\" class=\"aligncenter wp-image-2510\" src=\"https:\/\/main.grauonline.de\/wp-content\/uploads\/2019\/11\/PBT_PBL-configuration-connecting-USB-modules.jpg\" alt=\"Connecting the USB pushbutton or pushbox with the app\" width=\"500\" height=\"302\" srcset=\"https:\/\/main.grauonline.de\/wp-content\/uploads\/2019\/11\/PBT_PBL-configuration-connecting-USB-modules.jpg 770w, https:\/\/main.grauonline.de\/wp-content\/uploads\/2019\/11\/PBT_PBL-configuration-connecting-USB-modules-300x181.jpg 300w, https:\/\/main.grauonline.de\/wp-content\/uploads\/2019\/11\/PBT_PBL-configuration-connecting-USB-modules-768x464.jpg 768w\" sizes=\"(max-width: 500px) 100vw, 500px\" \/><\/a><\/li>\r\n \t<li>Leeren Sie, falls notwendig, alle Kommandolisten im Hautdialog der App, bevor Sie mit der Programmierung beginnen. W\u00e4hlen Sie zun\u00e4chst Kommandoliste 1 und Kommandozeile &#8220;idx=0&#8221; aus.<\/li>\r\n \t<li>W\u00e4hlen Sie &#8220;Key Probing and Tables&#8221; aus und wechseln Sie dann in das Dialogfenster, das sich neu \u00f6ffnet.<\/li>\r\n<\/ol>\r\n<h2>\u00a0&#8220;Windows + L&#8221; auf USB-Pushbutton oder USB-Pushbox programmieren<\/h2>\r\n<ol start=\"6\">\r\n \t<li>Tippen Sie die Tastenkombination &#8220;Windows + L&#8221; in das obige Eingabefeld ein. Dann klicken Sie auf\u00a0 <em><strong>^Copy keys to main window.<\/strong><\/em><a href=\"https:\/\/main.grauonline.de\/wp-content\/uploads\/2019\/11\/Quick-Start_programming-Windows-L.jpg\"><img decoding=\"async\" class=\"aligncenter wp-image-2511\" src=\"https:\/\/main.grauonline.de\/wp-content\/uploads\/2019\/11\/Quick-Start_programming-Windows-L-1024x578.jpg\" alt=\"Programming Windows L on the USB pushbutton or pushbox\" width=\"500\" height=\"282\" srcset=\"https:\/\/main.grauonline.de\/wp-content\/uploads\/2019\/11\/Quick-Start_programming-Windows-L-1024x578.jpg 1024w, https:\/\/main.grauonline.de\/wp-content\/uploads\/2019\/11\/Quick-Start_programming-Windows-L-300x169.jpg 300w, https:\/\/main.grauonline.de\/wp-content\/uploads\/2019\/11\/Quick-Start_programming-Windows-L-768x434.jpg 768w, https:\/\/main.grauonline.de\/wp-content\/uploads\/2019\/11\/Quick-Start_programming-Windows-L.jpg 1032w\" sizes=\"(max-width: 500px) 100vw, 500px\" \/><\/a><\/li>\r\n \t<li>Wechseln Sie in den Hauptdialog und \u00fcberpr\u00fcfen Sie die Ergebnisse im Feld <em><strong>Interpretation<\/strong><\/em>. Die Interpretation der App muss zu Ihren Enitr\u00e4gen passen.<\/li>\r\n \t<li>Wenn die Interpretation durch die App korrekt ist, speichern Sie die Einstellungen testweise \u00fcber <em><strong>Save to btn mem\/test<\/strong><\/em>.<a href=\"https:\/\/main.grauonline.de\/wp-content\/uploads\/2019\/11\/Quick-Start-programming-Windows-L_interpretation.jpg\"><img decoding=\"async\" class=\"aligncenter wp-image-2512\" src=\"https:\/\/main.grauonline.de\/wp-content\/uploads\/2019\/11\/Quick-Start-programming-Windows-L_interpretation-1024x588.jpg\" alt=\"Programming &quot;Windows+L&quot; with the app - interpretation check \" width=\"500\" height=\"287\" srcset=\"https:\/\/main.grauonline.de\/wp-content\/uploads\/2019\/11\/Quick-Start-programming-Windows-L_interpretation-1024x588.jpg 1024w, https:\/\/main.grauonline.de\/wp-content\/uploads\/2019\/11\/Quick-Start-programming-Windows-L_interpretation-300x172.jpg 300w, https:\/\/main.grauonline.de\/wp-content\/uploads\/2019\/11\/Quick-Start-programming-Windows-L_interpretation-768x441.jpg 768w, https:\/\/main.grauonline.de\/wp-content\/uploads\/2019\/11\/Quick-Start-programming-Windows-L_interpretation.jpg 1048w\" sizes=\"(max-width: 500px) 100vw, 500px\" \/><\/a><\/li>\r\n \t<li>Bet\u00e4tigen Sie einen oder mehrere Taster Ihres USB-Modus. War die Programmierung korrekt, loggt Ihr Windows-Betriebssystem Sie nun aus.<\/li>\r\n \t<li>Loggen Sie sich wieder ein, dann speichern Sie die Einstellungen dauerhaft im Flash-Speicher des USB-Moduls \u00fcber <em><strong>Save to btn mem\/flash.<\/strong><\/em><\/li>\r\n<\/ol>\r\n<strong>Herzlichen Gluckw\u00fcnsch!<\/strong> Sie haben gerade erfolgreich Ihren USB-Pushbutton oder Ihre USB-Pushbox programmiert. Ganz sch\u00f6n einfach, oder <strong>\ud83d\ude42<\/strong>?\r\n\r\nLesen Sie f\u00fcr mehr Unterst\u00fctzung und Programmierbeispiele f\u00fcr Ihr USB-Pushbutton oder Ihre Pushbox das <a href=\"https:\/\/main.grauonline.de\/de\/?page_id=2378\">Web-Handbuch<\/a>. F\u00fcr detaillierte Informationen \u00fcber Anwendungsfelder, Grenzen und Optionen von App und USB-Modul, downloaden und lesen Sie das ausf\u00fchrliche PDF-Handbuch.\t\t\t\t\t\t\t\t<\/div>\n\t\t\t\t<\/div>\n\t\t\t\t\t<\/div>\n\t\t<\/div>\n\t\t\t\t\t<\/div>\n\t\t<\/section>\n\t\t\t\t<section class=\"elementor-section elementor-top-section elementor-element elementor-element-4d7318b elementor-section-boxed elementor-section-height-default elementor-section-height-default jltma-glass-effect-no\" data-id=\"4d7318b\" data-element_type=\"section\" data-e-type=\"section\">\n\t\t\t\t\t\t<div class=\"elementor-container elementor-column-gap-default\">\n\t\t\t\t\t<div class=\"elementor-column elementor-col-100 elementor-top-column elementor-element elementor-element-e02e738 jltma-glass-effect-no\" data-id=\"e02e738\" data-element_type=\"column\" data-e-type=\"column\">\n\t\t\t<div class=\"elementor-widget-wrap elementor-element-populated\">\n\t\t\t\t\t\t<section class=\"elementor-section elementor-inner-section elementor-element elementor-element-7775942 elementor-section-boxed elementor-section-height-default elementor-section-height-default jltma-glass-effect-no\" data-id=\"7775942\" data-element_type=\"section\" data-e-type=\"section\">\n\t\t\t\t\t\t<div class=\"elementor-container elementor-column-gap-default\">\n\t\t\t\t\t<div class=\"elementor-column elementor-col-50 elementor-inner-column elementor-element elementor-element-e36caca jltma-glass-effect-no\" data-id=\"e36caca\" data-element_type=\"column\" data-e-type=\"column\">\n\t\t\t<div class=\"elementor-widget-wrap elementor-element-populated\">\n\t\t\t\t\t\t<div class=\"elementor-element elementor-element-7efe1e4 elementor-align-center jltma-glass-effect-no elementor-widget elementor-widget-button\" data-id=\"7efe1e4\" data-element_type=\"widget\" data-e-type=\"widget\" data-widget_type=\"button.default\">\n\t\t\t\t<div class=\"elementor-widget-container\">\n\t\t\t\t\t\t\t\t\t<div class=\"elementor-button-wrapper\">\n\t\t\t\t\t<a class=\"elementor-button elementor-button-link elementor-size-md\" href=\"https:\/\/main.grauonline.de\/de\/?page_id=2769\">\n\t\t\t\t\t\t<span class=\"elementor-button-content-wrapper\">\n\t\t\t\t\t\t<span class=\"elementor-button-icon\">\n\t\t\t\t<i aria-hidden=\"true\" class=\"far fa-arrow-alt-circle-left\"><\/i>\t\t\t<\/span>\n\t\t\t\t\t\t\t\t\t<span class=\"elementor-button-text\">Zur\u00fcck zur Produktseite!<\/span>\n\t\t\t\t\t<\/span>\n\t\t\t\t\t<\/a>\n\t\t\t\t<\/div>\n\t\t\t\t\t\t\t\t<\/div>\n\t\t\t\t<\/div>\n\t\t\t\t\t<\/div>\n\t\t<\/div>\n\t\t\t\t<div class=\"elementor-column elementor-col-50 elementor-inner-column elementor-element elementor-element-5d6771d jltma-glass-effect-no\" data-id=\"5d6771d\" data-element_type=\"column\" data-e-type=\"column\">\n\t\t\t<div class=\"elementor-widget-wrap elementor-element-populated\">\n\t\t\t\t\t\t<div class=\"elementor-element elementor-element-8601c10 elementor-align-center jltma-glass-effect-no elementor-widget elementor-widget-button\" data-id=\"8601c10\" data-element_type=\"widget\" data-e-type=\"widget\" data-widget_type=\"button.default\">\n\t\t\t\t<div class=\"elementor-widget-container\">\n\t\t\t\t\t\t\t\t\t<div class=\"elementor-button-wrapper\">\n\t\t\t\t\t<a class=\"elementor-button elementor-button-link elementor-size-md\" href=\"https:\/\/main.grauonline.de\/de\/\">\n\t\t\t\t\t\t<span class=\"elementor-button-content-wrapper\">\n\t\t\t\t\t\t<span class=\"elementor-button-icon\">\n\t\t\t\t<i aria-hidden=\"true\" class=\"far fa-arrow-alt-circle-up\"><\/i>\t\t\t<\/span>\n\t\t\t\t\t\t\t\t\t<span class=\"elementor-button-text\">Zur\u00fcck zur Startseite!<\/span>\n\t\t\t\t\t<\/span>\n\t\t\t\t\t<\/a>\n\t\t\t\t<\/div>\n\t\t\t\t\t\t\t\t<\/div>\n\t\t\t\t<\/div>\n\t\t\t\t\t<\/div>\n\t\t<\/div>\n\t\t\t\t\t<\/div>\n\t\t<\/section>\n\t\t\t\t\t<\/div>\n\t\t<\/div>\n\t\t\t\t\t<\/div>\n\t\t<\/section>\n\t\t\t\t<\/div>","protected":false},"excerpt":{"rendered":"<p>Unsere App macht das Programmieren auf Ihrem USB-Pushbutton oder Ihrer USB-Pushbox viel einfacher. Die folgenden einfachen Schritte f\u00fchren Sie durch&hellip;<\/p>","protected":false},"author":3,"featured_media":0,"parent":0,"menu_order":0,"comment_status":"closed","ping_status":"closed","template":"","meta":{"footnotes":""},"class_list":["post-2710","page","type-page","status-publish","hentry"],"yoast_head":"<!-- This site is optimized with the Yoast SEO plugin v16.2 - https:\/\/yoast.com\/wordpress\/plugins\/seo\/ -->\n<title>Quickstart: App f\u00fcr USB-Pushbutton und USB-Pushbox (deutsch) - Grau GmbH Hardware &amp; Software Solutions<\/title>\n<meta name=\"description\" content=\"Einen USB-Pushbutton oder eine USB-Pushbox programmieren ist mit unserer App einfach. Mit unserem Quickstart in 10 Schritten kommen Sie schnell zum Ziel!\" \/>\n<meta name=\"robots\" content=\"index, follow, max-snippet:-1, max-image-preview:large, max-video-preview:-1\" \/>\n<link rel=\"canonical\" href=\"https:\/\/main.grauonline.de\/de\/quickstart-app-fur-usb-pushbutton-und-usb-pushbox-deutsch\/\" \/>\n<meta property=\"og:locale\" content=\"de_DE\" \/>\n<meta property=\"og:type\" content=\"article\" \/>\n<meta property=\"og:title\" content=\"Quickstart: App f\u00fcr USB-Pushbutton und USB-Pushbox (deutsch) - Grau GmbH Hardware &amp; Software Solutions\" \/>\n<meta property=\"og:description\" content=\"Einen USB-Pushbutton oder eine USB-Pushbox programmieren ist mit unserer App einfach. Mit unserem Quickstart in 10 Schritten kommen Sie schnell zum Ziel!\" \/>\n<meta property=\"og:url\" content=\"https:\/\/main.grauonline.de\/de\/quickstart-app-fur-usb-pushbutton-und-usb-pushbox-deutsch\/\" \/>\n<meta property=\"og:site_name\" content=\"Grau GmbH Hardware &amp; Software Solutions\" \/>\n<meta property=\"article:modified_time\" content=\"2021-12-22T09:56:10+00:00\" \/>\n<meta property=\"og:image\" content=\"https:\/\/main.grauonline.de\/wp-content\/uploads\/2019\/11\/PBT_PBL-configuration-connecting-USB-modules.jpg\" \/>\n<meta name=\"twitter:card\" content=\"summary\" \/>\n<meta name=\"twitter:label1\" content=\"Gesch\u00e4tzte Lesezeit\">\n\t<meta name=\"twitter:data1\" content=\"3\u00a0Minuten\">\n<script type=\"application\/ld+json\" class=\"yoast-schema-graph\">{\"@context\":\"https:\/\/schema.org\",\"@graph\":[{\"@type\":\"WebSite\",\"@id\":\"https:\/\/main.grauonline.de\/#website\",\"url\":\"https:\/\/main.grauonline.de\/\",\"name\":\"Grau GmbH Hardware &amp; Software Solutions\",\"description\":\"We make IT simple!\",\"potentialAction\":[{\"@type\":\"SearchAction\",\"target\":\"https:\/\/main.grauonline.de\/?s={search_term_string}\",\"query-input\":\"required name=search_term_string\"}],\"inLanguage\":\"de\"},{\"@type\":\"ImageObject\",\"@id\":\"https:\/\/main.grauonline.de\/quickstart-app-fur-usb-pushbutton-und-usb-pushbox-deutsch\/#primaryimage\",\"inLanguage\":\"de\",\"url\":\"https:\/\/main.grauonline.de\/wp-content\/uploads\/2019\/11\/PBT_PBL-configuration-connecting-USB-modules.jpg\",\"contentUrl\":\"https:\/\/main.grauonline.de\/wp-content\/uploads\/2019\/11\/PBT_PBL-configuration-connecting-USB-modules.jpg\",\"width\":770,\"height\":465,\"caption\":\"Connecting the USB pushbutton or pushbox with the app\"},{\"@type\":\"WebPage\",\"@id\":\"https:\/\/main.grauonline.de\/quickstart-app-fur-usb-pushbutton-und-usb-pushbox-deutsch\/#webpage\",\"url\":\"https:\/\/main.grauonline.de\/quickstart-app-fur-usb-pushbutton-und-usb-pushbox-deutsch\/\",\"name\":\"Quickstart: App f\\u00fcr USB-Pushbutton und USB-Pushbox (deutsch) - Grau GmbH Hardware &amp; Software Solutions\",\"isPartOf\":{\"@id\":\"https:\/\/main.grauonline.de\/#website\"},\"primaryImageOfPage\":{\"@id\":\"https:\/\/main.grauonline.de\/quickstart-app-fur-usb-pushbutton-und-usb-pushbox-deutsch\/#primaryimage\"},\"datePublished\":\"2020-01-03T12:28:24+00:00\",\"dateModified\":\"2021-12-22T09:56:10+00:00\",\"description\":\"Einen USB-Pushbutton oder eine USB-Pushbox programmieren ist mit unserer App einfach. Mit unserem Quickstart in 10 Schritten kommen Sie schnell zum Ziel!\",\"breadcrumb\":{\"@id\":\"https:\/\/main.grauonline.de\/quickstart-app-fur-usb-pushbutton-und-usb-pushbox-deutsch\/#breadcrumb\"},\"inLanguage\":\"de\",\"potentialAction\":[{\"@type\":\"ReadAction\",\"target\":[\"https:\/\/main.grauonline.de\/quickstart-app-fur-usb-pushbutton-und-usb-pushbox-deutsch\/\"]}]},{\"@type\":\"BreadcrumbList\",\"@id\":\"https:\/\/main.grauonline.de\/quickstart-app-fur-usb-pushbutton-und-usb-pushbox-deutsch\/#breadcrumb\",\"itemListElement\":[{\"@type\":\"ListItem\",\"position\":1,\"item\":{\"@id\":\"https:\/\/main.grauonline.de\/quickstart-app-fur-usb-pushbutton-und-usb-pushbox-deutsch\/#webpage\"}}]}]}<\/script>\n<!-- \/ Yoast SEO plugin. -->","_links":{"self":[{"href":"https:\/\/main.grauonline.de\/de\/wp-json\/wp\/v2\/pages\/2710","targetHints":{"allow":["GET"]}}],"collection":[{"href":"https:\/\/main.grauonline.de\/de\/wp-json\/wp\/v2\/pages"}],"about":[{"href":"https:\/\/main.grauonline.de\/de\/wp-json\/wp\/v2\/types\/page"}],"author":[{"embeddable":true,"href":"https:\/\/main.grauonline.de\/de\/wp-json\/wp\/v2\/users\/3"}],"replies":[{"embeddable":true,"href":"https:\/\/main.grauonline.de\/de\/wp-json\/wp\/v2\/comments?post=2710"}],"version-history":[{"count":15,"href":"https:\/\/main.grauonline.de\/de\/wp-json\/wp\/v2\/pages\/2710\/revisions"}],"predecessor-version":[{"id":4076,"href":"https:\/\/main.grauonline.de\/de\/wp-json\/wp\/v2\/pages\/2710\/revisions\/4076"}],"wp:attachment":[{"href":"https:\/\/main.grauonline.de\/de\/wp-json\/wp\/v2\/media?parent=2710"}],"curies":[{"name":"wp","href":"https:\/\/api.w.org\/{rel}","templated":true}]}}