{"id":2654,"date":"2019-12-12T11:02:40","date_gmt":"2019-12-12T11:02:40","guid":{"rendered":"http:\/\/grauonline.de\/cms2\/?page_id=2654"},"modified":"2023-01-24T10:21:14","modified_gmt":"2023-01-24T10:21:14","slug":"video-repair-beginners-experts","status":"publish","type":"page","link":"https:\/\/main.grauonline.de\/de\/video-repair-beginners-experts\/","title":{"rendered":"Videoreparatur f\u00fcr alle Lebenslagen"},"content":{"rendered":"<div data-elementor-type=\"wp-page\" data-elementor-id=\"2654\" class=\"elementor elementor-2654\">\n\t\t\t\t\t\t<section class=\"elementor-section elementor-top-section elementor-element elementor-element-3337f606 elementor-section-boxed elementor-section-height-default elementor-section-height-default jltma-glass-effect-no\" data-id=\"3337f606\" data-element_type=\"section\" data-e-type=\"section\">\n\t\t\t\t\t\t<div class=\"elementor-container elementor-column-gap-default\">\n\t\t\t\t\t<div class=\"elementor-column elementor-col-100 elementor-top-column elementor-element elementor-element-2e9a7405 jltma-glass-effect-no\" data-id=\"2e9a7405\" data-element_type=\"column\" data-e-type=\"column\">\n\t\t\t<div class=\"elementor-widget-wrap elementor-element-populated\">\n\t\t\t\t\t\t<div class=\"elementor-element elementor-element-91ac25f jltma-glass-effect-no elementor-widget elementor-widget-text-editor\" data-id=\"91ac25f\" data-element_type=\"widget\" data-e-type=\"widget\" data-widget_type=\"text-editor.default\">\n\t\t\t\t<div class=\"elementor-widget-container\">\n\t\t\t\t\t\t\t\t\t<p>Haben Sie schon einmal Videodateien verloren, die Ihnen wichtig waren? Das kann sowohl im beruflichen wie im privaten Umfeld geschehen. Brauchen Sie aktuell eine zuverl\u00e4ssige und einfache Videoreparatur? Dann versuchen Sie es mit VRT!<\/p>\t\t\t\t\t\t\t\t<\/div>\n\t\t\t\t<\/div>\n\t\t\t\t<section class=\"elementor-section elementor-inner-section elementor-element elementor-element-ee6cabf elementor-section-boxed elementor-section-height-default elementor-section-height-default jltma-glass-effect-no\" data-id=\"ee6cabf\" data-element_type=\"section\" data-e-type=\"section\">\n\t\t\t\t\t\t<div class=\"elementor-container elementor-column-gap-default\">\n\t\t\t\t\t<div class=\"elementor-column elementor-col-100 elementor-inner-column elementor-element elementor-element-39738b9 jltma-glass-effect-no\" data-id=\"39738b9\" data-element_type=\"column\" data-e-type=\"column\">\n\t\t\t<div class=\"elementor-widget-wrap elementor-element-populated\">\n\t\t\t\t\t\t<div class=\"elementor-element elementor-element-428cd71 jltma-glass-effect-no elementor-widget elementor-widget-video\" data-id=\"428cd71\" data-element_type=\"widget\" data-e-type=\"widget\" data-settings=\"{&quot;youtube_url&quot;:&quot;https:\\\/\\\/www.youtube.com\\\/watch?v=wJtumKESxR4&quot;,&quot;video_type&quot;:&quot;youtube&quot;,&quot;controls&quot;:&quot;yes&quot;}\" data-widget_type=\"video.default\">\n\t\t\t\t<div class=\"elementor-widget-container\">\n\t\t\t\t\t\t\t<div class=\"elementor-wrapper elementor-open-inline\">\n\t\t\t<div class=\"elementor-video\"><\/div>\t\t<\/div>\n\t\t\t\t\t\t<\/div>\n\t\t\t\t<\/div>\n\t\t\t\t\t<\/div>\n\t\t<\/div>\n\t\t\t\t\t<\/div>\n\t\t<\/section>\n\t\t\t\t<div class=\"elementor-element elementor-element-50be2cfe jltma-glass-effect-no elementor-widget elementor-widget-text-editor\" data-id=\"50be2cfe\" data-element_type=\"widget\" data-e-type=\"widget\" data-widget_type=\"text-editor.default\">\n\t\t\t\t<div class=\"elementor-widget-container\">\n\t\t\t\t\t\t\t\t\t<p>\"Ein Bild sagt mehr als tausend Worte.\" So \u00fcberrascht es nicht, dass Videos das Nummer-Eins-Medium unserer Zeit sind. Manchmal lassen sich Videdateien jedoch nicht oder nur verz\u00f6gert abspielen. Dies liegt an defekten inneren Dateistrukturen. Mit dem \"Video Repair Tool\" (VRT) gelingt es im Handumdrehen, audiovisuelle Erinnerungen frisch zu halten.<\/p>\n<table style=\"border: none;\">\n<tbody>\n<tr>\n<td style=\"border: none;\"><a href=\"https:\/\/main.grauonline.de\/wp-content\/uploads\/2018\/09\/graugmbh_videorepair_box.png\"><img fetchpriority=\"high\" decoding=\"async\" class=\"alignleft size-full wp-image-1289\" src=\"https:\/\/main.grauonline.de\/wp-content\/uploads\/2018\/09\/graugmbh_videorepair_box.png\" alt=\"graugmbh_videorepair_box\" width=\"224\" height=\"280\" \/><\/a><\/td>\n<td style=\"border: none;\">\"Wir haben zwei Tage lang nach einer L\u00f6sung gegoogelt, weil wir einige .MP4-Dateien retten wollten. Wir fanden keine, also begannen wir, unsere eigene zu schaffen.\"<\/td>\n<td style=\"border: none;\">\n<div><img decoding=\"async\" src=\"https:\/\/main.grauonline.de\/wp-content\/uploads\/2013\/12\/freerepair.png\" alt=\"freerepair\" width=\"100\" height=\"100\" \/><\/div>\n<\/td>\n<\/tr>\n<\/tbody>\n<\/table>\n<h2>Ein Videoreparatur-Tool f\u00fcr viele defekte Dateien<\/h2>\n<p>In den folgenden Abschnitten finden Sie mehr \u00fcber die beiden Softwareversionen VRT and VRT5. Weiterhin k\u00f6nnen Sie einige typische Nutzerszenarien f\u00fcr unsere Software nachlesen. Dann k\u00f6nnen Sie in der Liste der getesteten Kameratypen nach Ihrem Kameramodell suchen und gegebenenfalls hinzuf\u00fcgen. Wenn Sie sich f\u00fcr technische Details \"unter der  Oberfl\u00e4che\" interessieren, k\u00f6nnen Sie dies ebenso herausfinden. Im n\u00e4chsten Schritt bieten wir Ihnen die Demoversionen zum Download und die Vollversionen zum Kauf an. Unser Quickstart f\u00fchrt Sie weiterhin durch Download, Installation und ein Reparaturbeispiel. F\u00fcr detaillierte Instruktionen empfehlen wir Ihnen, das PDF-Handbuch aus dem Downloadbereich zu lesen. Unsere FAQ geben Antworten auf h\u00e4ufig gestellte Fragen. F\u00fcr individuelle Fragen nutzen Sie bitte unser Kontaktformular.<\/p>\n<h3>Die richtige Softwareversion f\u00fcr Ihre Videoreparatur<\/h3>\n<p>M\u00fcssen Sie eine oder mehrere Videodateien reparieren? Wollen Sie daf\u00fcr VRT verwenden, m\u00fcssen aber noch die passende Version f\u00fcr Ihr Szenariio ausw\u00e4hlen? Unsere Checklisten helfen  Ihnen dabei.<\/p>\n<p>\u00a0<\/p>\n<p><a href=\"https:\/\/main.grauonline.de\/wp-content\/uploads\/2019\/07\/checklist-2-e1622295507991.png\"><img decoding=\"async\" class=\"size-full wp-image-2582 alignleft\" src=\"https:\/\/main.grauonline.de\/wp-content\/uploads\/2019\/07\/checklist-2-e1622295507991.png\" alt=\"\" width=\"90\" height=\"90\" \/><\/a><\/p>\n<p>\u00a0<\/p>\n<p>\u00a0<\/p>\n<p>\u00a0<\/p>\n<p><span class=\"collapseomatic\" id=\"id6a06eee019a4d\"  tabindex=\"0\" title=\"Zu den Checklisten\"    >Zu den Checklisten<\/span><div id=\"target-id6a06eee019a4d\" class=\"collapseomatic_content\"><\/p>\n<p><a href=\"https:\/\/main.grauonline.de\/de\/?page_id=2725\">Checkliste f\u00fcr VRT<\/a><\/p>\n<p><a href=\"https:\/\/main.grauonline.de\/de\/?page_id=2737\">Checkliste f\u00fcr VRT5<\/a><br \/><\/div><\/p>\n<p>In vielen Situationen ist man auf Videos angeweisen. Beispielsweise sollten der Marketingtrailer Ihrer Firma oder das Gratulationsvideo zu Ehren eines runden Geburtstages Ihrer Mutter fehlerfrei laufen. Sie tun es aber nicht? Vielleicht sind Sie auch Regisseur oder Dokumentarfilmer und manche Szenen sind entweder sehr teuer oder unersetzlich in der Nachproduktion. Wof\u00fcr Sie Ihre speziellen Videodateien auch brauchen, hilft VRT bereits seit mehr als 10 Jahren. Weitere Nutzerbeispiele finden Sie hier.<\/p>\n<p>\u00a0<\/p>\n<p><a href=\"https:\/\/main.grauonline.de\/wp-content\/uploads\/2019\/07\/user-2-1.png\"><img loading=\"lazy\" decoding=\"async\" class=\"alignleft wp-image-2588\" src=\"https:\/\/main.grauonline.de\/wp-content\/uploads\/2019\/07\/user-2-1-150x150.png\" alt=\"user 2\" width=\"63\" height=\"73\" \/><\/a><\/p>\n<p>\u00a0<\/p>\n<p>\u00a0<\/p>\n<p>\u00a0<\/p>\n<p><span class=\"collapseomatic\" id=\"id6a06eee019b15\"  tabindex=\"0\" title=\"Zu den Nutzerbeispielen!\"    >Zu den Nutzerbeispielen!<\/span><div id=\"target-id6a06eee019b15\" class=\"collapseomatic_content\"><\/p>\n<p><a href=\"https:\/\/main.grauonline.de\/de\/?page_id=1943\">H\u00e4ufige Einsatzbereiche f\u00fcr VRT und VRT5<\/a><br \/><\/div><\/p>\n<p>\u00a0<\/p>\n<h3>Video Repair Tool - wie es funktioniert<\/h3>\n<p>Sie wissen bereits, in welchen Situationen Sie VRT einsetzen k\u00f6nnen und welche Softwareversion Ihren Zielen am n\u00e4chsten kommt. VRT ist mit allen \u00fcblichen Dateisystemen und mit den meisten Kameramodellen kompatibel. Hier finden Sie heraus, warum sich Videos mit VRT einfach reparieren lassen, wenngleich sich Videospeicherung und -verarbeitung von Kamera zu Kamera leicht unterscheiden.<\/p>\n<p>\u00a0<\/p>\n<p><a href=\"https:\/\/main.grauonline.de\/wp-content\/uploads\/2019\/07\/screwdriver-1294338.png\"><img loading=\"lazy\" decoding=\"async\" class=\"alignleft wp-image-2561\" src=\"https:\/\/main.grauonline.de\/wp-content\/uploads\/2019\/07\/screwdriver-1294338-150x150.png\" alt=\"Functions and features of MaxDataGenius\" width=\"63\" height=\"65\" \/><\/a><\/p>\n<p>\u00a0<\/p>\n<p>\u00a0<\/p>\n<p>\u00a0<\/p>\n<p><span class=\"collapseomatic\" id=\"id6a06eee019b54\"  tabindex=\"0\" title=\"Zu den technischen Hintergr\u00fcnden und zur Kameraliste!\"    >Zu den technischen Hintergr\u00fcnden und zur Kameraliste!<\/span><div id=\"target-id6a06eee019b54\" class=\"collapseomatic_content\"><\/p>\n<p><a href=\"https:\/\/main.grauonline.de\/de\/?page_id=2756\">Video Repair Tool \"unter der Oberfl\u00e4che\"<\/a><\/p>\n<p><a href=\"https:\/\/main.grauonline.de\/de\/?page_id=2695\">Liste getesteter, kompatibler Kameras (erweiterbar)<\/a><\/p>\n<p><\/div><\/p>\n<p>\u00a0<\/p>\n<h3>Demo-Download und Lizenzkauf<\/h3>\n<p>Our customers&#8217; video repair cases are in our focus &#8211; so we do not want you to &#8220;buy a pig in a poke&#8221;. This means: Always download the demo versions of VRT and VRT5 and test them with your data before you click on &#8220;Purchase&#8221;. By testing the software first, you can anticipate if it repairs your video files correctly.<\/p>\n<p>\u00a0<\/p>\n<p><a href=\"https:\/\/main.grauonline.de\/wp-content\/uploads\/2019\/07\/shopping-cart-2.png\"><img loading=\"lazy\" decoding=\"async\" class=\"alignleft wp-image-2585\" src=\"https:\/\/main.grauonline.de\/wp-content\/uploads\/2019\/07\/shopping-cart-2-150x150.png\" alt=\"shopping cart 2\" width=\"63\" height=\"72\" \/><\/a><\/p>\n<p>\u00a0<\/p>\n<p>\u00a0<\/p>\n<p>\u00a0<\/p>\n<p><span class=\"collapseomatic\" id=\"id6a06eee019b8c\"  tabindex=\"0\" title=\"Zur Demoversion und zum Lizenzkauf\"    >Zur Demoversion und zum Lizenzkauf<\/span><div id=\"target-id6a06eee019b8c\" class=\"collapseomatic_content\"><\/p>\n<p><a href=\"https:\/\/main.grauonline.de\/de\/?page_id=2746\">VRT und VRT5 herunterladen<\/a><\/p>\n<p><a href=\"https:\/\/main.grauonline.de\/de\/?page_id=2749\">Lizenz f\u00fcr VRT und VRT5 kaufen<\/a><br \/><\/div><\/p>\n<p>\u00a0<\/p>\n<h3>Videoreparatur noch einfacher: Nutzerinformationen und Support<\/h3>\n<p>Do you need any assistance because you do not know how VRT functions? Then check our user manuals. After following the instructions in our quick start manual, you can download and read a full PDF manual in the download section. You also find further information on video recovery in our FAQ. For special and complicated cases, contact our e-mail support.<\/p>\n<p>\u00a0<\/p>\n<p><a href=\"https:\/\/main.grauonline.de\/wp-content\/uploads\/2019\/07\/manual-2.png\"><img loading=\"lazy\" decoding=\"async\" class=\"alignleft wp-image-2587\" src=\"https:\/\/main.grauonline.de\/wp-content\/uploads\/2019\/07\/manual-2-150x150.png\" alt=\"manual 2\" width=\"63\" height=\"72\" \/><\/a><\/p>\n<p>\u00a0<\/p>\n<p>\u00a0<\/p>\n<p>\u00a0<\/p>\n<p><span class=\"collapseomatic\" id=\"id6a06eee019bc2\"  tabindex=\"0\" title=\"Zu den Nutzerinformationen, den FAQ und zum Kontaktformular!\"    >Zu den Nutzerinformationen, den FAQ und zum Kontaktformular!<\/span><div id=\"target-id6a06eee019bc2\" class=\"collapseomatic_content\"><\/p>\n<p><a href=\"https:\/\/main.grauonline.de\/de\/?page_id=2700\">Quickstart-Anleitung f\u00fcr VRT und VRT5<\/a><\/p>\n<p><a href=\"https:\/\/main.grauonline.de\/wp-content\/uploads\/2020\/01\/User-manual-VRT-mit-Kolumne_EN_ohne-Kontakt.pdf\">Vollst\u00e4ndiges Nutzerhandbuch zum Herunterladen und Ausdrucken (PDF)<\/a><\/p>\n<p><a href=\"https:\/\/main.grauonline.de\/de\/?page_id=2753\">FAQ: H\u00e4ufige Probleme und L\u00f6sungen<\/a><\/p>\n<p><a href=\"https:\/\/main.grauonline.de\/de\/?page_id=81\">Kontaktformular f\u00fcr E-Mail-Support<\/a><br \/><\/div><\/p>\n<p>\u00a0<\/p>\n\n<p>\u00a0<\/p>\n\t\t\t\t\t\t\t\t<\/div>\n\t\t\t\t<\/div>\n\t\t\t\t\t<\/div>\n\t\t<\/div>\n\t\t\t\t\t<\/div>\n\t\t<\/section>\n\t\t\t\t<section class=\"elementor-section elementor-top-section elementor-element elementor-element-0351551 elementor-section-boxed elementor-section-height-default elementor-section-height-default jltma-glass-effect-no\" data-id=\"0351551\" data-element_type=\"section\" data-e-type=\"section\">\n\t\t\t\t\t\t<div class=\"elementor-container elementor-column-gap-default\">\n\t\t\t\t\t<div class=\"elementor-column elementor-col-100 elementor-top-column elementor-element elementor-element-d69d4a9 jltma-glass-effect-no\" data-id=\"d69d4a9\" data-element_type=\"column\" data-e-type=\"column\">\n\t\t\t<div class=\"elementor-widget-wrap elementor-element-populated\">\n\t\t\t\t\t\t<div class=\"elementor-element elementor-element-4476699 elementor-align-center jltma-glass-effect-no elementor-widget elementor-widget-button\" data-id=\"4476699\" data-element_type=\"widget\" data-e-type=\"widget\" data-widget_type=\"button.default\">\n\t\t\t\t<div class=\"elementor-widget-container\">\n\t\t\t\t\t\t\t\t\t<div class=\"elementor-button-wrapper\">\n\t\t\t\t\t<a class=\"elementor-button elementor-button-link elementor-size-md\" href=\"https:\/\/main.grauonline.de\/de\/\">\n\t\t\t\t\t\t<span class=\"elementor-button-content-wrapper\">\n\t\t\t\t\t\t<span class=\"elementor-button-icon\">\n\t\t\t\t<i aria-hidden=\"true\" class=\"far fa-arrow-alt-circle-up\"><\/i>\t\t\t<\/span>\n\t\t\t\t\t\t\t\t\t<span class=\"elementor-button-text\">Zur\u00fcck zur Startseite!<\/span>\n\t\t\t\t\t<\/span>\n\t\t\t\t\t<\/a>\n\t\t\t\t<\/div>\n\t\t\t\t\t\t\t\t<\/div>\n\t\t\t\t<\/div>\n\t\t\t\t\t<\/div>\n\t\t<\/div>\n\t\t\t\t\t<\/div>\n\t\t<\/section>\n\t\t\t\t<\/div>","protected":false},"excerpt":{"rendered":"<p>Have you ever lost any video files which were important for you? This can happen both in private life and&hellip;<\/p>","protected":false},"author":3,"featured_media":0,"parent":0,"menu_order":0,"comment_status":"closed","ping_status":"closed","template":"","meta":{"footnotes":""},"class_list":["post-2654","page","type-page","status-publish","hentry"],"yoast_head":"<!-- This site is optimized with the Yoast SEO plugin v16.2 - https:\/\/yoast.com\/wordpress\/plugins\/seo\/ -->\n<title>Video repair for beginners and experts - Grau GmbH Hardware &amp; Software Solutions<\/title>\n<meta name=\"description\" content=\"Video files are the most popular media these days. If your video does not run or is damaged, video repair is the way to go for you.\" \/>\n<meta name=\"robots\" content=\"index, follow, max-snippet:-1, max-image-preview:large, max-video-preview:-1\" \/>\n<link rel=\"canonical\" href=\"https:\/\/main.grauonline.de\/de\/video-repair-beginners-experts\/\" \/>\n<meta property=\"og:locale\" content=\"de_DE\" \/>\n<meta property=\"og:type\" content=\"article\" \/>\n<meta property=\"og:title\" content=\"Video repair for beginners and experts - Grau GmbH Hardware &amp; Software Solutions\" \/>\n<meta property=\"og:description\" content=\"Video files are the most popular media these days. If your video does not run or is damaged, video repair is the way to go for you.\" \/>\n<meta property=\"og:url\" content=\"https:\/\/main.grauonline.de\/de\/video-repair-beginners-experts\/\" \/>\n<meta property=\"og:site_name\" content=\"Grau GmbH Hardware &amp; Software Solutions\" \/>\n<meta property=\"article:modified_time\" content=\"2023-01-24T10:21:14+00:00\" \/>\n<meta property=\"og:image\" content=\"https:\/\/main.grauonline.de\/wp-content\/uploads\/2018\/09\/graugmbh_videorepair_box.png\" \/>\n<meta name=\"twitter:card\" content=\"summary\" \/>\n<meta name=\"twitter:label1\" content=\"Gesch\u00e4tzte Lesezeit\">\n\t<meta name=\"twitter:data1\" content=\"5\u00a0Minuten\">\n<script type=\"application\/ld+json\" class=\"yoast-schema-graph\">{\"@context\":\"https:\/\/schema.org\",\"@graph\":[{\"@type\":\"WebSite\",\"@id\":\"https:\/\/main.grauonline.de\/#website\",\"url\":\"https:\/\/main.grauonline.de\/\",\"name\":\"Grau GmbH Hardware &amp; Software Solutions\",\"description\":\"We make IT simple!\",\"potentialAction\":[{\"@type\":\"SearchAction\",\"target\":\"https:\/\/main.grauonline.de\/?s={search_term_string}\",\"query-input\":\"required name=search_term_string\"}],\"inLanguage\":\"de\"},{\"@type\":\"ImageObject\",\"@id\":\"https:\/\/main.grauonline.de\/video-repair-beginners-experts\/#primaryimage\",\"inLanguage\":\"de\",\"url\":\"https:\/\/main.grauonline.de\/wp-content\/uploads\/2018\/09\/graugmbh_videorepair_box.png\",\"contentUrl\":\"https:\/\/main.grauonline.de\/wp-content\/uploads\/2018\/09\/graugmbh_videorepair_box.png\",\"width\":224,\"height\":280},{\"@type\":\"WebPage\",\"@id\":\"https:\/\/main.grauonline.de\/video-repair-beginners-experts\/#webpage\",\"url\":\"https:\/\/main.grauonline.de\/video-repair-beginners-experts\/\",\"name\":\"Video repair for beginners and experts - Grau GmbH Hardware &amp; Software Solutions\",\"isPartOf\":{\"@id\":\"https:\/\/main.grauonline.de\/#website\"},\"primaryImageOfPage\":{\"@id\":\"https:\/\/main.grauonline.de\/video-repair-beginners-experts\/#primaryimage\"},\"datePublished\":\"2019-12-12T11:02:40+00:00\",\"dateModified\":\"2023-01-24T10:21:14+00:00\",\"description\":\"Video files are the most popular media these days. If your video does not run or is damaged, video repair is the way to go for you.\",\"breadcrumb\":{\"@id\":\"https:\/\/main.grauonline.de\/video-repair-beginners-experts\/#breadcrumb\"},\"inLanguage\":\"de\",\"potentialAction\":[{\"@type\":\"ReadAction\",\"target\":[\"https:\/\/main.grauonline.de\/video-repair-beginners-experts\/\"]}]},{\"@type\":\"BreadcrumbList\",\"@id\":\"https:\/\/main.grauonline.de\/video-repair-beginners-experts\/#breadcrumb\",\"itemListElement\":[{\"@type\":\"ListItem\",\"position\":1,\"item\":{\"@id\":\"https:\/\/main.grauonline.de\/video-repair-beginners-experts\/#webpage\"}}]}]}<\/script>\n<!-- \/ Yoast SEO plugin. -->","_links":{"self":[{"href":"https:\/\/main.grauonline.de\/de\/wp-json\/wp\/v2\/pages\/2654","targetHints":{"allow":["GET"]}}],"collection":[{"href":"https:\/\/main.grauonline.de\/de\/wp-json\/wp\/v2\/pages"}],"about":[{"href":"https:\/\/main.grauonline.de\/de\/wp-json\/wp\/v2\/types\/page"}],"author":[{"embeddable":true,"href":"https:\/\/main.grauonline.de\/de\/wp-json\/wp\/v2\/users\/3"}],"replies":[{"embeddable":true,"href":"https:\/\/main.grauonline.de\/de\/wp-json\/wp\/v2\/comments?post=2654"}],"version-history":[{"count":66,"href":"https:\/\/main.grauonline.de\/de\/wp-json\/wp\/v2\/pages\/2654\/revisions"}],"predecessor-version":[{"id":5473,"href":"https:\/\/main.grauonline.de\/de\/wp-json\/wp\/v2\/pages\/2654\/revisions\/5473"}],"wp:attachment":[{"href":"https:\/\/main.grauonline.de\/de\/wp-json\/wp\/v2\/media?parent=2654"}],"curies":[{"name":"wp","href":"https:\/\/api.w.org\/{rel}","templated":true}]}}