{"id":2604,"date":"2019-12-04T10:27:09","date_gmt":"2019-12-04T10:27:09","guid":{"rendered":"http:\/\/grauonline.de\/cms2\/?page_id=2604"},"modified":"2021-10-16T10:26:59","modified_gmt":"2021-10-16T10:26:59","slug":"data-recovery-maxdatagenius","status":"publish","type":"page","link":"https:\/\/main.grauonline.de\/de\/data-recovery-maxdatagenius\/","title":{"rendered":"Wirksame Datenrettung mit MaxDataGenius"},"content":{"rendered":"<div data-elementor-type=\"wp-page\" data-elementor-id=\"2604\" class=\"elementor elementor-2604\">\n\t\t\t\t\t\t<section class=\"elementor-section elementor-top-section elementor-element elementor-element-6d9c4d7d elementor-section-boxed elementor-section-height-default elementor-section-height-default jltma-glass-effect-no\" data-id=\"6d9c4d7d\" data-element_type=\"section\" data-e-type=\"section\">\n\t\t\t\t\t\t<div class=\"elementor-container elementor-column-gap-default\">\n\t\t\t\t\t<div class=\"elementor-column elementor-col-100 elementor-top-column elementor-element elementor-element-720e302a jltma-glass-effect-no\" data-id=\"720e302a\" data-element_type=\"column\" data-e-type=\"column\">\n\t\t\t<div class=\"elementor-widget-wrap elementor-element-populated\">\n\t\t\t\t\t\t<div class=\"elementor-element elementor-element-52290ef jltma-glass-effect-no elementor-widget elementor-widget-text-editor\" data-id=\"52290ef\" data-element_type=\"widget\" data-e-type=\"widget\" data-widget_type=\"text-editor.default\">\n\t\t\t\t<div class=\"elementor-widget-container\">\n\t\t\t\t\t\t\t\t\t<p>Haben Sie wichtige Dateien verloren oder m\u00fcssen Sie Ihre Festplatte aktualisieren? Dann kann MaxDataGenius Ihnen bei der Datenwiederherstellung oder Disk-Optimierung helfen!<\/p>\t\t\t\t\t\t\t\t<\/div>\n\t\t\t\t<\/div>\n\t\t\t\t<div class=\"elementor-element elementor-element-562a52c0 jltma-glass-effect-no elementor-widget elementor-widget-text-editor\" data-id=\"562a52c0\" data-element_type=\"widget\" data-e-type=\"widget\" data-widget_type=\"text-editor.default\">\n\t\t\t\t<div class=\"elementor-widget-container\">\n\t\t\t\t\t\t\t\t\t<p><iframe title=\"MaxDataGenius auf einen Blick\" width=\"1140\" height=\"641\" src=\"https:\/\/www.youtube.com\/embed\/G-q3cnK5A-g?feature=oembed\" frameborder=\"0\" allow=\"accelerometer; autoplay; clipboard-write; encrypted-media; gyroscope; picture-in-picture\" allowfullscreen><\/iframe><\/p><h2>Schwierige Datenrettung? Ganz einfach!<\/h2><p><strong>MaxDataGenius<\/strong> setzt dort an, <strong>wo viele andere Produkte aufgeben.<\/strong> Das ist kein reines Werbeversprechen. !5 Jahre Produktentwicklung brachten eine Software hervor, <strong>sorgf\u00e4ltig programmiert,<\/strong> die zuverl\u00e4ssige Ergebnisse in hoher Datenqualit\u00e4t liefert.<\/p><p>Mit MaxDataGenius erwerben Sie auch ein Produkt f\u00fcr Datenexperten. Speziell f\u00fcr IT-affine Kunden, <strong>also auch Techniker, Admins und Datenforensiker, erstellten wir die Pro-Version.<\/strong>Hier spielt die M\u00f6glichkeit, Logs einzusehen, eine gro\u00dfe Rolle. Auf diesem Weg k\u00f6nnen Sie durch im Logfile jede Datenstruktur und Operation herausfiltern und identifizieren. Weiterhin lassen sich auch manuell Ergebnisse ins Logfile eintragen. Nat\u00fcrlich haben wir auch \"Durchschnittsnutzer\" mit weniger Datenerfahrung im Blick - f\u00fcr diese eignet sich speziell die Basic-Variante. Die Basic-Version ist kleiner und \u00fcbersichtlicher angelegt und fokussiert sich  auf g\u00e4ngige Datenrettungsf\u00e4lle.<\/p><p><img decoding=\"async\" src=\"https:\/\/main.grauonline.de\/wp-content\/uploads\/2013\/12\/data_protection-150x150.png\" alt=\"data_protection\" width=\"150\" height=\"150\" \/><\/p><p>Was auch passiert, Ihre Daten haben Vorrang. Um Datenschutz zu gew\u00e4hrleisten, entspricht unsere Software den DSGVO-Richtlinien. <a href=\"https:\/\/www.gesetze-im-internet.de\/englisch_bdsg\/\">German federal data protection act<\/a>So verlassen pers\u00f6nliche Daten auf Ihrer Festplatte das Quell- und Zielmedium weder \"offen\" noch verschl\u00fcsselt. Es gibt auf dem Softwaremarkt durchaus Anbieter, f\u00fcr die Datenschutzverordnungen wie die DSGVO weniger Priorit\u00e4t haben. Dies betrifft vor allem jene Anbieter, die in Regionen ohne eine staatliche Datenschutzverordnung angesiedelt sind.<br \/>Bilden Sie sich  selbst eine Meinung und <strong>wagen Sie den Vergleich<\/strong> mit \u00e4hnlichen Tools!<\/p><div id=\"attachment_885\" style=\"width: 569px\" class=\"wp-caption aligncenter\"><img fetchpriority=\"high\" decoding=\"async\" aria-describedby=\"caption-attachment-885\" src=\"https:\/\/main.grauonline.de\/wp-content\/uploads\/2013\/12\/mdg3.png\" alt=\"MaxDataGenius was created to easily solve complex data recovery cases\" width=\"559\" height=\"402\" \/><p id=\"caption-attachment-885\" class=\"wp-caption-text\">MaxDataGenius dient dazu, Datenrettung einfacher zu machen!<\/p><\/div><p>Weiterhin bietet die Software viele Szenarien f\u00fcr <strong>Datenrettung und <\/strong>Datenauffindung, <strong>die Erstellung und \u00dcbertragung von Disk-Images,<\/strong> RAID-Wiederherstellung, <strong>RAID-Wiederherstellung,<\/strong>, <strong>sicheres L\u00f6schen,<\/strong>die Durchsuchung <strong>von Windows-Servern<\/strong> und vieles mehr.<\/p><h2>Die beste Version f\u00fcr Ihre Datenrettung<\/h2><p>MaxDataGenius bietet zwei M\u00f6glichkeiten, n\u00e4mlich MaxDataGenius Basic und MaxDataGenius Pro. Beide Versionen sind auf unterschiedliche Nutzerszenarien zugeschnitten und enthalten daher auch teilweise unterschiedliche Funktionen. Finden Sie jetzt heraus, welche Version am besten zu Ihnen passt!<\/p><p><a href=\"https:\/\/main.grauonline.de\/wp-content\/uploads\/2019\/07\/checklist-2.png\"><img decoding=\"async\" src=\"https:\/\/main.grauonline.de\/wp-content\/uploads\/2019\/07\/checklist-2-150x150.png\" alt=\"checklist 2\" width=\"63\" height=\"64\" \/><\/a><\/p><p><span class=\"collapseomatic\" id=\"id69d7f198be468\"  tabindex=\"0\" title=\"Zu den Checklisten\"    >Zu den Checklisten<\/span><div id=\"target-id69d7f198be468\" class=\"collapseomatic_content\"><br \/><a href=\"https:\/\/main.grauonline.de\/de\/?page_id=2068\">Checkliste f\u00fcr die Basic-Version<\/a><br \/><a href=\"https:\/\/main.grauonline.de\/de\/?page_id=2550\">Checkliste f\u00fcr die Pro-Version<\/a><br \/><\/div><\/p><p>Verschiedene Situationen erfordern andere L\u00f6sungen. M\u00f6glicherweise m\u00fcssen Sie die Fotos von einer privaten Feier, Ihre Excel-Tabellen oder aber das Imagevideo Ihrer Firma wiederherstellen. Manchmal wollen Sie den Dingen vielleicht tiefer auf den Grund gehen, Speichermedien analysieren oder auf den neuesten Stand bringen. Welche Softwareversion brauchen Se daf\u00fcr? Finden Sie dazu Anregungen in unseren Nutzerbeispielen.<\/p><p><a href=\"https:\/\/main.grauonline.de\/wp-content\/uploads\/2019\/07\/user-2-1.png\"><img loading=\"lazy\" decoding=\"async\" src=\"https:\/\/main.grauonline.de\/wp-content\/uploads\/2019\/07\/user-2-1-150x150.png\" alt=\"user 2\" width=\"63\" height=\"73\" \/><\/a><\/p><p><span class=\"collapseomatic\" id=\"id69d7f198be4dd\"  tabindex=\"0\" title=\"Entdecken Sie Datenrettungsszenarien!\"    >Entdecken Sie Datenrettungsszenarien!<\/span><div id=\"target-id69d7f198be4dd\" class=\"collapseomatic_content\"><br \/><a href=\"https:\/\/main.grauonline.de\/de\/?page_id=1829\">Beispiele f\u00fcr die Basic-Version (privater Gebrauch)<\/a><br \/><a href=\"https:\/\/main.grauonline.de\/de\/?page_id=1852\">Gesch\u00e4ftliche Beispiele f\u00fcr die Basis-Version<\/a><br \/><a href=\"https:\/\/main.grauonline.de\/de\/post=1852\/\">Beispiele f\u00fcr die Pro-Version<\/a><br \/><\/div><\/p><h2>MaxDataGenius - wie es funktioniert<\/h2><p>Jetzt kennen Sie bereits die wichtigsten Einsatzbereiche f\u00fcr MaxDataGenius und die unterschiedlichen Softwareversionen. MaxDataGenius ist mit zahlreichen Betriebssystemen und Speichermedien kompatibel. Finden Sie Ihr Medium, erfahren Sie  mehr \u00fcber die Ursachen von Datenverlust und die technischen Eigenschaften beider Versionen.<\/p><p><a href=\"https:\/\/main.grauonline.de\/wp-content\/uploads\/2019\/07\/screwdriver-1294338.png\"><img loading=\"lazy\" decoding=\"async\" src=\"https:\/\/main.grauonline.de\/wp-content\/uploads\/2019\/07\/screwdriver-1294338-150x150.png\" alt=\"Functions and features of MaxDataGenius\" width=\"63\" height=\"65\" \/><\/a><\/p><p><span class=\"collapseomatic\" id=\"id69d7f198be504\"  tabindex=\"0\" title=\"Kompatible Betriebssysteme und besondere Features der Programme\"    >Kompatible Betriebssysteme und besondere Features der Programme<\/span><div id=\"target-id69d7f198be504\" class=\"collapseomatic_content\"><br \/><a href=\"https:\/\/main.grauonline.de\/de\/?page_id=2048\">H\u00e4ufige Ursachen von Datenverlust<\/a><br \/><a href=\"https:\/\/main.grauonline.de\/de\/?page_id=2054\">Betriebssysteme und Speichermedien<\/a><br \/><a href=\"https:\/\/main.grauonline.de\/de\/?page_id=2063\">\"\u00dcber Datenrettung hinaus\": die erweiterte Pro-Version<\/a><br \/><\/div><\/p><h2>Demo-Download und Lizenzkauf<\/h2><p>Zufriedene Kunden stehen f\u00fcr uns im Vordergrund, deshalb sollen Sie bei uns nicht \"die Katze im Sack kaufen\". Konkret bedeutet dies: Laden Sie vor dem Kauf zuerst die Demoversion von VRT und VRT5 herunter. So k\u00f6nnen Sie den Produktnutzen f\u00fcr Ihren Fall besser absch\u00e4tzen.<\/p><p><a href=\"https:\/\/main.grauonline.de\/wp-content\/uploads\/2019\/07\/shopping-cart-2.png\"><img loading=\"lazy\" decoding=\"async\" src=\"https:\/\/main.grauonline.de\/wp-content\/uploads\/2019\/07\/shopping-cart-2-150x150.png\" alt=\"shopping cart 2\" width=\"63\" height=\"72\" \/><\/a><\/p><p><span class=\"collapseomatic\" id=\"id69d7f198be528\"  tabindex=\"0\" title=\"Zur Demoversion und zum Lizenzkauf\"    >Zur Demoversion und zum Lizenzkauf<\/span><div id=\"target-id69d7f198be528\" class=\"collapseomatic_content\"><br \/><a href=\"https:\/\/main.grauonline.de\/de\/?page_id=2573\">MaxDataGenius Basic und Pro herunerladen<\/a><br \/><a href=\"https:\/\/main.grauonline.de\/de\/?page_id=2575\">MaxDataGenius Basic und Pro kaufen<\/a><br \/><\/div><\/p><h2>Datenrettung noch einfacher: Nutzerinformationen und Support<\/h2><p>Brauchen Sie bei der Bedienung von MaxDataGenius Unterst\u00fctzung? Unsere Nutzerhandb\u00fccher beantworten hoffentlich all Ihre Fragen!  Folgen Sie einfach den Anweisungen im Quickstart und lesen Sie das vollst\u00e4ndige PDF-Handbuch aus dem Downloadbereich. Auch in den FAQ finden Sie weitere Informationen zum Thema Datenrettung. F\u00fcr besonders kompizierte F\u00e4lle k\u00f6nnen Sie unseren E-Mail-Support kontaktieren.<br \/><a href=\"https:\/\/main.grauonline.de\/wp-content\/uploads\/2019\/07\/manual-2.png\"><img loading=\"lazy\" decoding=\"async\" src=\"https:\/\/main.grauonline.de\/wp-content\/uploads\/2019\/07\/manual-2-150x150.png\" alt=\"manual 2\" width=\"63\" height=\"72\" \/><\/a><\/p><p><span class=\"collapseomatic\" id=\"id69d7f198be54b\"  tabindex=\"0\" title=\"Zu den Nutzerinformationen, den FAQ und zum Kontaktformular!\"    >Zu den Nutzerinformationen, den FAQ und zum Kontaktformular!<\/span><div id=\"target-id69d7f198be54b\" class=\"collapseomatic_content\"><br \/><a href=\"https:\/\/main.grauonline.de\/de\/?page_id=126\">Quickstart-Handbuch f\u00fcr MaxDataGenius<\/a><br \/><a href=\"https:\/\/main.grauonline.de\/wp-content\/uploads\/2020\/01\/User-Manual_MaxDataGenius_EN_without-contact.pdf\">Vollst\u00e4ndiges Nutzerhandbuch zum Herunterladen und Ausdrucken (PDF)<\/a><br \/><a href=\"https:\/\/main.grauonline.de\/wp-content\/uploads\/2020\/01\/Handbuch_MaxDataGenius_DACH_ohne-Kontakt.pdf\">Nutzerhandbuch zum Herunterladen und Ausdrucken (PDF)<\/a><br \/><a href=\"https:\/\/main.grauonline.de\/de\/?page_id=280\">Verlorene Videodateien wiederherstellen<\/a><br \/><a href=\"https:\/\/main.grauonline.de\/de\/?page_id=134\">FAQ \u00fcber Datenrettung mit MaxDataGenius<\/a><br \/><a href=\"https:\/\/main.grauonline.de\/de\/?page_id=81\">Kontaktformular f\u00fcr E-Mail-Support<\/a><br \/><\/div><\/p>\t\t\t\t\t\t\t\t<\/div>\n\t\t\t\t<\/div>\n\t\t\t\t\t<\/div>\n\t\t<\/div>\n\t\t\t\t\t<\/div>\n\t\t<\/section>\n\t\t\t\t<section class=\"elementor-section elementor-top-section elementor-element elementor-element-148d5cd elementor-section-boxed elementor-section-height-default elementor-section-height-default jltma-glass-effect-no\" data-id=\"148d5cd\" data-element_type=\"section\" data-e-type=\"section\">\n\t\t\t\t\t\t<div class=\"elementor-container elementor-column-gap-default\">\n\t\t\t\t\t<div class=\"elementor-column elementor-col-100 elementor-top-column elementor-element elementor-element-b8bf554 jltma-glass-effect-no\" data-id=\"b8bf554\" data-element_type=\"column\" data-e-type=\"column\">\n\t\t\t<div class=\"elementor-widget-wrap elementor-element-populated\">\n\t\t\t\t\t\t<div class=\"elementor-element elementor-element-a930c6c elementor-align-center jltma-glass-effect-no elementor-widget elementor-widget-button\" data-id=\"a930c6c\" data-element_type=\"widget\" data-e-type=\"widget\" data-widget_type=\"button.default\">\n\t\t\t\t<div class=\"elementor-widget-container\">\n\t\t\t\t\t\t\t\t\t<div class=\"elementor-button-wrapper\">\n\t\t\t\t\t<a class=\"elementor-button elementor-button-link elementor-size-md\" href=\"https:\/\/main.grauonline.de\/de\/\">\n\t\t\t\t\t\t<span class=\"elementor-button-content-wrapper\">\n\t\t\t\t\t\t<span class=\"elementor-button-icon\">\n\t\t\t\t<i aria-hidden=\"true\" class=\"far fa-arrow-alt-circle-up\"><\/i>\t\t\t<\/span>\n\t\t\t\t\t\t\t\t\t<span class=\"elementor-button-text\">Zur\u00fcck zur Startseite!<\/span>\n\t\t\t\t\t<\/span>\n\t\t\t\t\t<\/a>\n\t\t\t\t<\/div>\n\t\t\t\t\t\t\t\t<\/div>\n\t\t\t\t<\/div>\n\t\t\t\t\t<\/div>\n\t\t<\/div>\n\t\t\t\t\t<\/div>\n\t\t<\/section>\n\t\t\t\t<\/div>","protected":false},"excerpt":{"rendered":"<p>Have you lost your files or do you need to refresh your harddisk? Then meet MaxDataGenius, your new versatile helper&hellip;<\/p>","protected":false},"author":3,"featured_media":0,"parent":0,"menu_order":0,"comment_status":"closed","ping_status":"closed","template":"","meta":{"footnotes":""},"class_list":["post-2604","page","type-page","status-publish","hentry"],"yoast_head":"<!-- This site is optimized with the Yoast SEO plugin v16.2 - https:\/\/yoast.com\/wordpress\/plugins\/seo\/ -->\n<title>High quality data recovery with MaxDataGenius - Grau GmbH Hardware &amp; Software Solutions<\/title>\n<meta name=\"description\" content=\"Do you need a data recovery software which is easy-to-use and solves your problems with lost or deleted files? Try out MaxData Genius Basic and Pro!\" \/>\n<meta name=\"robots\" content=\"index, follow, max-snippet:-1, max-image-preview:large, max-video-preview:-1\" \/>\n<link rel=\"canonical\" href=\"https:\/\/main.grauonline.de\/de\/data-recovery-maxdatagenius\/\" \/>\n<meta property=\"og:locale\" content=\"de_DE\" \/>\n<meta property=\"og:type\" content=\"article\" \/>\n<meta property=\"og:title\" content=\"High quality data recovery with MaxDataGenius - Grau GmbH Hardware &amp; Software Solutions\" \/>\n<meta property=\"og:description\" content=\"Do you need a data recovery software which is easy-to-use and solves your problems with lost or deleted files? Try out MaxData Genius Basic and Pro!\" \/>\n<meta property=\"og:url\" content=\"https:\/\/main.grauonline.de\/de\/data-recovery-maxdatagenius\/\" \/>\n<meta property=\"og:site_name\" content=\"Grau GmbH Hardware &amp; Software Solutions\" \/>\n<meta property=\"article:modified_time\" content=\"2021-10-16T10:26:59+00:00\" \/>\n<meta property=\"og:image\" content=\"https:\/\/main.grauonline.de\/wp-content\/uploads\/2013\/12\/data_protection-150x150.png\" \/>\n<meta name=\"twitter:card\" content=\"summary\" \/>\n<meta name=\"twitter:label1\" content=\"Gesch\u00e4tzte Lesezeit\">\n\t<meta name=\"twitter:data1\" content=\"5\u00a0Minuten\">\n<script type=\"application\/ld+json\" class=\"yoast-schema-graph\">{\"@context\":\"https:\/\/schema.org\",\"@graph\":[{\"@type\":\"WebSite\",\"@id\":\"https:\/\/main.grauonline.de\/#website\",\"url\":\"https:\/\/main.grauonline.de\/\",\"name\":\"Grau GmbH Hardware &amp; Software Solutions\",\"description\":\"We make IT simple!\",\"potentialAction\":[{\"@type\":\"SearchAction\",\"target\":\"https:\/\/main.grauonline.de\/?s={search_term_string}\",\"query-input\":\"required name=search_term_string\"}],\"inLanguage\":\"de\"},{\"@type\":\"ImageObject\",\"@id\":\"https:\/\/main.grauonline.de\/data-recovery-maxdatagenius\/#primaryimage\",\"inLanguage\":\"de\",\"url\":\"https:\/\/main.grauonline.de\/wp-content\/uploads\/2013\/12\/data_protection.png\",\"contentUrl\":\"https:\/\/main.grauonline.de\/wp-content\/uploads\/2013\/12\/data_protection.png\",\"width\":256,\"height\":256},{\"@type\":\"WebPage\",\"@id\":\"https:\/\/main.grauonline.de\/data-recovery-maxdatagenius\/#webpage\",\"url\":\"https:\/\/main.grauonline.de\/data-recovery-maxdatagenius\/\",\"name\":\"High quality data recovery with MaxDataGenius - Grau GmbH Hardware &amp; Software Solutions\",\"isPartOf\":{\"@id\":\"https:\/\/main.grauonline.de\/#website\"},\"primaryImageOfPage\":{\"@id\":\"https:\/\/main.grauonline.de\/data-recovery-maxdatagenius\/#primaryimage\"},\"datePublished\":\"2019-12-04T10:27:09+00:00\",\"dateModified\":\"2021-10-16T10:26:59+00:00\",\"description\":\"Do you need a data recovery software which is easy-to-use and solves your problems with lost or deleted files? Try out MaxData Genius Basic and Pro!\",\"breadcrumb\":{\"@id\":\"https:\/\/main.grauonline.de\/data-recovery-maxdatagenius\/#breadcrumb\"},\"inLanguage\":\"de\",\"potentialAction\":[{\"@type\":\"ReadAction\",\"target\":[\"https:\/\/main.grauonline.de\/data-recovery-maxdatagenius\/\"]}]},{\"@type\":\"BreadcrumbList\",\"@id\":\"https:\/\/main.grauonline.de\/data-recovery-maxdatagenius\/#breadcrumb\",\"itemListElement\":[{\"@type\":\"ListItem\",\"position\":1,\"item\":{\"@id\":\"https:\/\/main.grauonline.de\/data-recovery-maxdatagenius\/#webpage\"}}]}]}<\/script>\n<!-- \/ Yoast SEO plugin. -->","_links":{"self":[{"href":"https:\/\/main.grauonline.de\/de\/wp-json\/wp\/v2\/pages\/2604","targetHints":{"allow":["GET"]}}],"collection":[{"href":"https:\/\/main.grauonline.de\/de\/wp-json\/wp\/v2\/pages"}],"about":[{"href":"https:\/\/main.grauonline.de\/de\/wp-json\/wp\/v2\/types\/page"}],"author":[{"embeddable":true,"href":"https:\/\/main.grauonline.de\/de\/wp-json\/wp\/v2\/users\/3"}],"replies":[{"embeddable":true,"href":"https:\/\/main.grauonline.de\/de\/wp-json\/wp\/v2\/comments?post=2604"}],"version-history":[{"count":77,"href":"https:\/\/main.grauonline.de\/de\/wp-json\/wp\/v2\/pages\/2604\/revisions"}],"predecessor-version":[{"id":3931,"href":"https:\/\/main.grauonline.de\/de\/wp-json\/wp\/v2\/pages\/2604\/revisions\/3931"}],"wp:attachment":[{"href":"https:\/\/main.grauonline.de\/de\/wp-json\/wp\/v2\/media?parent=2604"}],"curies":[{"name":"wp","href":"https:\/\/api.w.org\/{rel}","templated":true}]}}