{"id":2068,"date":"2019-11-12T10:11:09","date_gmt":"2019-11-12T10:11:09","guid":{"rendered":"http:\/\/grauonline.de\/cms2\/?page_id=2068"},"modified":"2023-08-25T10:19:58","modified_gmt":"2023-08-25T10:19:58","slug":"file-recovery-maxdatagenius-basic-mdgb-nutshell","status":"publish","type":"page","link":"https:\/\/main.grauonline.de\/de\/file-recovery-maxdatagenius-basic-mdgb-nutshell\/","title":{"rendered":"\u00dcberblick: Datenrettung mit MaxDataGenius Basic (MDGB)"},"content":{"rendered":"<div data-elementor-type=\"wp-page\" data-elementor-id=\"2068\" class=\"elementor elementor-2068\">\n\t\t\t\t\t\t<section class=\"elementor-section elementor-top-section elementor-element elementor-element-645f7a48 elementor-section-boxed elementor-section-height-default elementor-section-height-default jltma-glass-effect-no\" data-id=\"645f7a48\" data-element_type=\"section\" data-e-type=\"section\">\n\t\t\t\t\t\t<div class=\"elementor-container elementor-column-gap-default\">\n\t\t\t\t\t<div class=\"elementor-column elementor-col-100 elementor-top-column elementor-element elementor-element-29a7bd97 jltma-glass-effect-no\" data-id=\"29a7bd97\" data-element_type=\"column\" data-e-type=\"column\">\n\t\t\t<div class=\"elementor-widget-wrap elementor-element-populated\">\n\t\t\t\t\t\t<div class=\"elementor-element elementor-element-4f3afd5c jltma-glass-effect-no elementor-widget elementor-widget-text-editor\" data-id=\"4f3afd5c\" data-element_type=\"widget\" data-e-type=\"widget\" data-widget_type=\"text-editor.default\">\n\t\t\t\t<div class=\"elementor-widget-container\">\n\t\t\t\t\t\t\t\t\t<h2>Dateien  mit ein paar Klicks wiederherstellen<\/h2><p>Sie suchen eine zuverl\u00e4ssige Datenrettungssoftware und haben MaxDataGenius Basic (MDGB)? Allerdings sind Sie sich noch nicht sicher, ob Sie die richtige Wahl getroffen haben? Unsere Checkliste beantwortet Ihnen kurz und kpmpakt die wichtigsten Fragen. Wollen Sie mehr dar\u00fcber wissen, wann Sie die Software einsetzen k\u00f6nnen? Lesen Sie unsere Nutzerbeispiele f\u00fcr <a href=\"https:\/\/main.grauonline.de\/de\/?page_id=1829\">MDGB im Allgemeinen<\/a> und MDGB im <a href=\"https:\/\/main.grauonline.de\/de\/?page_id=1873\">Gesch\u00e4ftsleben<\/a>.<\/p><div id=\"attachment_2532\" style=\"width: 310px\" class=\"wp-caption aligncenter\"><a href=\"https:\/\/main.grauonline.de\/wp-content\/uploads\/2019\/11\/question-2309040.jpg\"><img fetchpriority=\"high\" decoding=\"async\" aria-describedby=\"caption-attachment-2532\" class=\"wp-image-2532\" src=\"https:\/\/main.grauonline.de\/wp-content\/uploads\/2019\/11\/question-2309040-1024x1024.jpg\" alt=\"Let us answer some common questions about file recovery with MDGB!\" width=\"300\" height=\"300\" srcset=\"https:\/\/main.grauonline.de\/wp-content\/uploads\/2019\/11\/question-2309040-1024x1024.jpg 1024w, https:\/\/main.grauonline.de\/wp-content\/uploads\/2019\/11\/question-2309040-150x150.jpg 150w, https:\/\/main.grauonline.de\/wp-content\/uploads\/2019\/11\/question-2309040-300x300.jpg 300w, https:\/\/main.grauonline.de\/wp-content\/uploads\/2019\/11\/question-2309040-768x768.jpg 768w\" sizes=\"(max-width: 300px) 100vw, 300px\" \/><\/a><p id=\"caption-attachment-2532\" class=\"wp-caption-text\">Zeit f\u00fcr einige h\u00e4ufige Fragen zur Datenrettung mit MDGB!<\/p><\/div><h3>Wer kann MaxDataGenius Basic nutzen?<\/h3><ul><li>jeder, der verlorene Dateien und Ordner auf Windows-und Mac-Datentr\u00e4gern zur\u00fcckholen will<\/li><li>Nutzer ohne Erfahrung in der Datenrettung und im Datenmanagement<\/li><li>erfahrene Nutzer, die sich schon mit Datenrettung und Datenmanagement auskennen<\/li><li>jeder, der bekannte Datenprobleme schnell und einfach l\u00f6sen will<\/li><\/ul><h3>Was tut MaxDataGenius Basic f\u00fcr Sie?<\/h3><ul><li>durchsucht automatisch logische Volumen auf verlorene Dateien<\/li><li>stellt verlorene oder gel\u00f6schte Dateien wieder her<\/li><li>findet alle verlorenen Volumen auf einem Datentr\u00e4ger und stellt sie wieder her<\/li><li>stellt auch Dateien auf f\u00e4lschlich formatierten Datentr\u00e4gern wieder her<\/li><li>analysiert die Performance und den Zustand von Datentr\u00e4gern mithilfe eines Diagnosetools<\/li><\/ul><h3>Wie funktioniert Datrenrettung mit MaxDataGenius Basic?<\/h3><ul><li>scannt logische Volumen und physische Disks gr\u00fcndlich<\/li><li>sp\u00fcrt verlorenene und gel\u00f6schte Volumen und Dateien auf, um sie wiederherzustellen<\/li><li>analysiert im ersten Schritt den Datentr\u00e4ger, um Daten zu retten  und die Datenlr\u00e4gerleistung zu steigern<\/li><li>untersucht \"unsichtbare\" Datei- und Speicherstrukturen auf der betroffenen Disk<\/li><\/ul><h3>F\u00fcr welche Endger\u00e4te und Betriebssysteme eignet sich MaxDataGenius Basic?<\/h3><ul><li>alle gel\u00e4ufigen Betriebssysteme unter Windows und Mac<\/li><li>mechanische Festplatten, wie sie in \"veralteten\" Endger\u00e4ten vorkommen<\/li><li>SSD harddisks (integrated in \u201enewer\u201c Windows and Mac devices)<\/li><li>Flashmedien, z.B. Speicherkarten und USB-Sticks<\/li><\/ul><h3>Welche Vorteile bietet Datenrettung mit MaxDataGenius?<\/h3><ul><li>Allround-L\u00f6sung f\u00fcr h\u00e4ufige Szenarien in der Datenrettung<\/li><li>zuverl\u00e4ssiger und zeitnaher E-Mail-Support durch IT-Fachleute<\/li><li>high-quality performance which we have developed, proven, and tested for\u00a0 20 years<\/li><li>einfache Abl\u00e4ufe f\u00fcr Nutzer ohne Erfahrung in der Datenrettung und im Datenmanagement<\/li><\/ul>\t\t\t\t\t\t\t\t<\/div>\n\t\t\t\t<\/div>\n\t\t\t\t\t<\/div>\n\t\t<\/div>\n\t\t\t\t\t<\/div>\n\t\t<\/section>\n\t\t\t\t<section class=\"elementor-section elementor-top-section elementor-element elementor-element-056b4c2 elementor-section-boxed elementor-section-height-default elementor-section-height-default jltma-glass-effect-no\" data-id=\"056b4c2\" data-element_type=\"section\" data-e-type=\"section\">\n\t\t\t\t\t\t<div class=\"elementor-container elementor-column-gap-default\">\n\t\t\t\t\t<div class=\"elementor-column elementor-col-50 elementor-top-column elementor-element elementor-element-c6dafaa jltma-glass-effect-no\" data-id=\"c6dafaa\" data-element_type=\"column\" data-e-type=\"column\">\n\t\t\t<div class=\"elementor-widget-wrap elementor-element-populated\">\n\t\t\t\t\t\t<div class=\"elementor-element elementor-element-3ee0f0c elementor-align-center jltma-glass-effect-no elementor-widget elementor-widget-button\" data-id=\"3ee0f0c\" data-element_type=\"widget\" data-e-type=\"widget\" data-widget_type=\"button.default\">\n\t\t\t\t<div class=\"elementor-widget-container\">\n\t\t\t\t\t\t\t\t\t<div class=\"elementor-button-wrapper\">\n\t\t\t\t\t<a class=\"elementor-button elementor-button-link elementor-size-md\" href=\"\">\n\t\t\t\t\t\t<span class=\"elementor-button-content-wrapper\">\n\t\t\t\t\t\t<span class=\"elementor-button-icon\">\n\t\t\t\t<i aria-hidden=\"true\" class=\"far fa-arrow-alt-circle-left\"><\/i>\t\t\t<\/span>\n\t\t\t\t\t\t\t\t\t<span class=\"elementor-button-text\">Zur\u00fcck zur Produktseite!<\/span>\n\t\t\t\t\t<\/span>\n\t\t\t\t\t<\/a>\n\t\t\t\t<\/div>\n\t\t\t\t\t\t\t\t<\/div>\n\t\t\t\t<\/div>\n\t\t\t\t\t<\/div>\n\t\t<\/div>\n\t\t\t\t<div class=\"elementor-column elementor-col-50 elementor-top-column elementor-element elementor-element-d82135a jltma-glass-effect-no\" data-id=\"d82135a\" data-element_type=\"column\" data-e-type=\"column\">\n\t\t\t<div class=\"elementor-widget-wrap elementor-element-populated\">\n\t\t\t\t\t\t<div class=\"elementor-element elementor-element-d91035d elementor-align-center jltma-glass-effect-no elementor-widget elementor-widget-button\" data-id=\"d91035d\" data-element_type=\"widget\" data-e-type=\"widget\" data-widget_type=\"button.default\">\n\t\t\t\t<div class=\"elementor-widget-container\">\n\t\t\t\t\t\t\t\t\t<div class=\"elementor-button-wrapper\">\n\t\t\t\t\t<a class=\"elementor-button elementor-button-link elementor-size-md\" href=\"\">\n\t\t\t\t\t\t<span class=\"elementor-button-content-wrapper\">\n\t\t\t\t\t\t<span class=\"elementor-button-icon\">\n\t\t\t\t<i aria-hidden=\"true\" class=\"far fa-arrow-alt-circle-up\"><\/i>\t\t\t<\/span>\n\t\t\t\t\t\t\t\t\t<span class=\"elementor-button-text\">Zur\u00fcck zur Startseite!<\/span>\n\t\t\t\t\t<\/span>\n\t\t\t\t\t<\/a>\n\t\t\t\t<\/div>\n\t\t\t\t\t\t\t\t<\/div>\n\t\t\t\t<\/div>\n\t\t\t\t\t<\/div>\n\t\t<\/div>\n\t\t\t\t\t<\/div>\n\t\t<\/section>\n\t\t\t\t<\/div>","protected":false},"excerpt":{"rendered":"<p>Successful file recovery with a few clicks You are looking for a reliable file recovery programme after data loss and&hellip;<\/p>","protected":false},"author":3,"featured_media":0,"parent":0,"menu_order":0,"comment_status":"closed","ping_status":"closed","template":"","meta":{"footnotes":""},"class_list":["post-2068","page","type-page","status-publish","hentry"],"yoast_head":"<!-- This site is optimized with the Yoast SEO plugin v16.2 - https:\/\/yoast.com\/wordpress\/plugins\/seo\/ -->\n<title>File recovery with MaxDataGenius Basic (MDGB) in a nutshell - Grau GmbH Hardware &amp; Software Solutions<\/title>\n<meta name=\"description\" content=\"File recovery is easy and versatile with MaxDataGenius Basic. This short overview sums up the programme&#039;s properties, functions and advantages.\" \/>\n<meta name=\"robots\" content=\"index, follow, max-snippet:-1, max-image-preview:large, max-video-preview:-1\" \/>\n<link rel=\"canonical\" href=\"https:\/\/main.grauonline.de\/de\/file-recovery-maxdatagenius-basic-mdgb-nutshell\/\" \/>\n<meta property=\"og:locale\" content=\"de_DE\" \/>\n<meta property=\"og:type\" content=\"article\" \/>\n<meta property=\"og:title\" content=\"File recovery with MaxDataGenius Basic (MDGB) in a nutshell - Grau GmbH Hardware &amp; Software Solutions\" \/>\n<meta property=\"og:description\" content=\"File recovery is easy and versatile with MaxDataGenius Basic. This short overview sums up the programme&#039;s properties, functions and advantages.\" \/>\n<meta property=\"og:url\" content=\"https:\/\/main.grauonline.de\/de\/file-recovery-maxdatagenius-basic-mdgb-nutshell\/\" \/>\n<meta property=\"og:site_name\" content=\"Grau GmbH Hardware &amp; Software Solutions\" \/>\n<meta property=\"article:modified_time\" content=\"2023-08-25T10:19:58+00:00\" \/>\n<meta property=\"og:image\" content=\"https:\/\/main.grauonline.de\/wp-content\/uploads\/2019\/11\/question-2309040-1024x1024.jpg\" \/>\n<meta name=\"twitter:card\" content=\"summary\" \/>\n<meta name=\"twitter:label1\" content=\"Gesch\u00e4tzte Lesezeit\">\n\t<meta name=\"twitter:data1\" content=\"2\u00a0Minuten\">\n<script type=\"application\/ld+json\" class=\"yoast-schema-graph\">{\"@context\":\"https:\/\/schema.org\",\"@graph\":[{\"@type\":\"WebSite\",\"@id\":\"https:\/\/main.grauonline.de\/#website\",\"url\":\"https:\/\/main.grauonline.de\/\",\"name\":\"Grau GmbH Hardware &amp; Software Solutions\",\"description\":\"We make IT simple!\",\"potentialAction\":[{\"@type\":\"SearchAction\",\"target\":\"https:\/\/main.grauonline.de\/?s={search_term_string}\",\"query-input\":\"required name=search_term_string\"}],\"inLanguage\":\"de\"},{\"@type\":\"ImageObject\",\"@id\":\"https:\/\/main.grauonline.de\/file-recovery-maxdatagenius-basic-mdgb-nutshell\/#primaryimage\",\"inLanguage\":\"de\",\"url\":\"https:\/\/main.grauonline.de\/wp-content\/uploads\/2019\/11\/question-2309040.jpg\",\"contentUrl\":\"https:\/\/main.grauonline.de\/wp-content\/uploads\/2019\/11\/question-2309040.jpg\",\"width\":8000,\"height\":8000,\"caption\":\"Let us answer some common questions about file recovery with MDGB!\"},{\"@type\":\"WebPage\",\"@id\":\"https:\/\/main.grauonline.de\/file-recovery-maxdatagenius-basic-mdgb-nutshell\/#webpage\",\"url\":\"https:\/\/main.grauonline.de\/file-recovery-maxdatagenius-basic-mdgb-nutshell\/\",\"name\":\"File recovery with MaxDataGenius Basic (MDGB) in a nutshell - Grau GmbH Hardware &amp; Software Solutions\",\"isPartOf\":{\"@id\":\"https:\/\/main.grauonline.de\/#website\"},\"primaryImageOfPage\":{\"@id\":\"https:\/\/main.grauonline.de\/file-recovery-maxdatagenius-basic-mdgb-nutshell\/#primaryimage\"},\"datePublished\":\"2019-11-12T10:11:09+00:00\",\"dateModified\":\"2023-08-25T10:19:58+00:00\",\"description\":\"File recovery is easy and versatile with MaxDataGenius Basic. This short overview sums up the programme's properties, functions and advantages.\",\"breadcrumb\":{\"@id\":\"https:\/\/main.grauonline.de\/file-recovery-maxdatagenius-basic-mdgb-nutshell\/#breadcrumb\"},\"inLanguage\":\"de\",\"potentialAction\":[{\"@type\":\"ReadAction\",\"target\":[\"https:\/\/main.grauonline.de\/file-recovery-maxdatagenius-basic-mdgb-nutshell\/\"]}]},{\"@type\":\"BreadcrumbList\",\"@id\":\"https:\/\/main.grauonline.de\/file-recovery-maxdatagenius-basic-mdgb-nutshell\/#breadcrumb\",\"itemListElement\":[{\"@type\":\"ListItem\",\"position\":1,\"item\":{\"@id\":\"https:\/\/main.grauonline.de\/file-recovery-maxdatagenius-basic-mdgb-nutshell\/#webpage\"}}]}]}<\/script>\n<!-- \/ Yoast SEO plugin. -->","_links":{"self":[{"href":"https:\/\/main.grauonline.de\/de\/wp-json\/wp\/v2\/pages\/2068","targetHints":{"allow":["GET"]}}],"collection":[{"href":"https:\/\/main.grauonline.de\/de\/wp-json\/wp\/v2\/pages"}],"about":[{"href":"https:\/\/main.grauonline.de\/de\/wp-json\/wp\/v2\/types\/page"}],"author":[{"embeddable":true,"href":"https:\/\/main.grauonline.de\/de\/wp-json\/wp\/v2\/users\/3"}],"replies":[{"embeddable":true,"href":"https:\/\/main.grauonline.de\/de\/wp-json\/wp\/v2\/comments?post=2068"}],"version-history":[{"count":30,"href":"https:\/\/main.grauonline.de\/de\/wp-json\/wp\/v2\/pages\/2068\/revisions"}],"predecessor-version":[{"id":6147,"href":"https:\/\/main.grauonline.de\/de\/wp-json\/wp\/v2\/pages\/2068\/revisions\/6147"}],"wp:attachment":[{"href":"https:\/\/main.grauonline.de\/de\/wp-json\/wp\/v2\/media?parent=2068"}],"curies":[{"name":"wp","href":"https:\/\/api.w.org\/{rel}","templated":true}]}}