{"id":1241,"date":"2018-05-15T12:48:33","date_gmt":"2018-05-15T12:48:33","guid":{"rendered":"http:\/\/grauonline.de\/cms2\/?page_id=1241"},"modified":"2022-01-04T12:05:39","modified_gmt":"2022-01-04T12:05:39","slug":"widerruf","status":"publish","type":"page","link":"https:\/\/main.grauonline.de\/de\/widerruf\/","title":{"rendered":"Widerrufsrecht"},"content":{"rendered":"<div data-elementor-type=\"wp-page\" data-elementor-id=\"1241\" class=\"elementor elementor-1241\">\n\t\t\t\t\t\t<section class=\"elementor-section elementor-top-section elementor-element elementor-element-4e11c21e elementor-section-boxed elementor-section-height-default elementor-section-height-default jltma-glass-effect-no\" data-id=\"4e11c21e\" data-element_type=\"section\" data-e-type=\"section\">\n\t\t\t\t\t\t<div class=\"elementor-container elementor-column-gap-default\">\n\t\t\t\t\t<div class=\"elementor-column elementor-col-100 elementor-top-column elementor-element elementor-element-780ef40 jltma-glass-effect-no\" data-id=\"780ef40\" data-element_type=\"column\" data-e-type=\"column\">\n\t\t\t<div class=\"elementor-widget-wrap elementor-element-populated\">\n\t\t\t\t\t\t<div class=\"elementor-element elementor-element-5a1e0380 jltma-glass-effect-no elementor-widget elementor-widget-text-editor\" data-id=\"5a1e0380\" data-element_type=\"widget\" data-e-type=\"widget\" data-widget_type=\"text-editor.default\">\n\t\t\t\t<div class=\"elementor-widget-container\">\n\t\t\t\t\t\t\t\t\t<p><a href=\"#englishversion\">Please click here for an English version of this document.<\/a><\/p><p><span style=\"text-decoration: underline;\"><b>Widerrufsbelehrung und Muster-Widerrufsformular<\/b><\/span><\/p><p><strong>Widerrufsbelehrung<\/strong><\/p><p>Sie haben das Recht, binnen vierzehn Tagen ohne Angabe von Gr\u00fcnden diesen Vertrag zu widerrufen.<\/p><p>Die Widerrufsfrist betr\u00e4gt vierzehn Tage ab dem Tag an dem Sie oder ein von Ihnen benannter Dritter, der nicht der Bef\u00f6rderer ist, die Waren\/die letzte Ware in Besitz genommen haben bzw. hat.<br \/>Um Ihr Widerrufsrecht auszu\u00fcben, m\u00fcssen Sie uns (Grau GmbH, Riemekestr. 11, 33102 Paderborn, <a href=\"https:\/\/main.grauonline.de\/de\/?page_id=81\" target=\"_blank\" rel=\"noopener\">Kontaktformular<\/a><span style=\"font-family: monospace;\">)<\/span>\u00a0mittels einer eindeutigen Erkl\u00e4rung (z.B. ein mit der Post versandter Brief, Telefax oder E-Mail) \u00fcber Ihren Entschluss, diesen Vertrag zu widerrufen, informieren. Sie k\u00f6nnen daf\u00fcr das beigef\u00fcgte Muster-Widerrufsformular verwenden, das jedoch nicht vorgeschrieben ist.<br \/>Zur Wahrung der Widerrufsfrist reicht es aus, dass Sie die Mitteilung \u00fcber die Aus\u00fcbung des Widerrufsrechts vor Ablauf der Widerrufsfrist absenden und die Ware innerhalb von 3 Monaten nach Mitteilung an uns zur\u00fcckschicken. Sollte die widerrufene Ware nicht innerhalb von 3 Monaten bei uns eintreffen, so gilt der Widerruf als unvollendet und damit ung\u00fcltig.<\/p><p><strong>Folgen des Widerrufs<\/strong><\/p><p>Wenn Sie den Vertrag widerrufen und die Ware innerhalb von 3 Monaten zur\u00fcckgeschickt haben, werden wir Ihnen alle Zahlungen, die wir von Ihnen erhalten haben, einschlie\u00dflich der Lieferkosten (mit Ausnahme der zus\u00e4tzlichen Kosten, die sich daraus ergeben, dass Sie eine andere Art der Lieferung als die von uns angebotene, g\u00fcnstigste Standardlieferung gew\u00e4hlt haben), unverz\u00fcglich und sp\u00e4testens binnen vierzehn Tagen ab dem Tag zur\u00fcckzahlen, an dem die Ware bei uns eingegangen ist.<\/p><p>F\u00fcr diese R\u00fcckzahlung verwenden wir dasselbe Zahlungsmittel, das Sie bei der urspr\u00fcnglichen Transaktion eingesetzt haben, es sei denn, mit Ihnen wurde ausdr\u00fccklich etwas anderes vereinbart; in keinem Fall werden Ihnen wegen dieser R\u00fcckzahlung Entgelte berechnet.<\/p><p>Wir k\u00f6nnen die R\u00fcckzahlung verweigern, bis wir die Waren wieder zur\u00fcckerhalten haben oder falls die Ware sp\u00e4ter als 3 Monate nach Widerruf bei uns eintrifft.<\/p><p>Sie tragen in jedem Fall die unmittelbaren Kosten und Verlustrisiken f\u00fcr die R\u00fccksendung der Waren.<br \/>Sie m\u00fcssen f\u00fcr einen etwaigen Wertverlust der Waren aufkommen, wenn dieser Wertverlust auf einen zur Pr\u00fcfung der Beschaffenheit, Eigenschaften und Funktionsweise der Waren nicht notwendigen Umgang mit ihnen zur\u00fcckzuf\u00fchren ist.<\/p><p><b>Ausschluss des Widerrufsrechts<\/b><\/p><p>Das Widerrufsrecht besteht nicht bei Vertr\u00e4gen zur Lieferung von Waren, die nicht vorgefertigt sind und f\u00fcr deren Herstellung eine individuelle Auswahl oder Bestimmung durch den Verbraucher ma\u00dfgeblich ist oder die eindeutig auf die pers\u00f6nlichen Bed\u00fcrfnisse des Verbrauchers zugeschnitten sind. Ebenso besteht ein Widerrufsrecht nicht bei Vertr\u00e4gen zur Lieferung von Waren, die schnell verderben k\u00f6nnen oder deren Verfallsdatum schnell \u00fcberschritten w\u00fcrde.<br \/>Weiterhin besteht das Widerrufsrecht nicht f\u00fcr herunterladbare Software von uns, da ein einmal erworbener Software-Lizenzschl\u00fcssel aus technischen Gr\u00fcnden nicht mehr deaktiviert werden kann.<\/p><p><b>Besondere Hinweise zum vorzeitigen Erl\u00f6schen des Widerrufsrechts<\/b><\/p><p>Bei Vertr\u00e4gen zur Lieferung versiegelter Waren, die aus Gr\u00fcnden des Gesundheitsschutzes oder der Hygiene nicht zur R\u00fcckgabe geeignet sind, erlischt Ihr Widerrufsrecht vorzeitig, wenn die Versiegelung der Waren nach der Lieferung entfernt wurde. Bei Vertr\u00e4gen zur Lieferung von Ton- oder Videoaufnahmen oder Software in einer versiegelten Verpackung erlischt Ihr Widerrufsrecht vorzeitig, wenn die Versiegelung nach der Lieferung entfernt wurde.<\/p><p><strong><span style=\"text-decoration: underline;\">Widerrufsformular<\/span><\/strong><\/p><p>Wenn Sie den Vertrag widerrufen wollen, dann f\u00fcllen Sie bitte dieses Formular aus und senden<br \/>Sie es zur\u00fcck.<\/p><p>An: Grau GmbH, Gottfried-B\u00fcren-Weg 25, 33014 Bad Driburg, DE.<\/p><p><a href=\"https:\/\/main.grauonline.de\/de\/?page_id=81\" target=\"_blank\" rel=\"noopener\">Kontaktformular<\/a><\/p><p>Hiermit widerrufe(n) ich\/wir (*) den von mir\/uns (*) abgeschlossenen Vertrag \u00fcber den Kauf<br \/>der folgenden Waren (*)\/ die Erbringung der folgenden Dienstleistung (*):<\/p><p>_____________________________________________________________________<\/p><p>_____________________________________________________________________<\/p><p>_____________________________________________________________________<\/p><p>_____________________________________________________________________<\/p><p>_____________________________________________________________________<\/p><p>Erhalten am (Tag\/Monat\/Jahr): ________________________________________________<\/p><p>Rechnungsnummer: _____________________________________________________<\/p><p>Ihre vollst\u00e4ndige Adresse:<\/p><p>____________________________________________________________________________<\/p><p>____________________________________________________________________________<\/p><p>____________________________________________________________________________<\/p><p>____________________________________________________________________________<\/p><p>____________________________________________________________________________<\/p><p>____________________________________________________________________________<\/p><p>Ort, Datum, Unterschrift:<\/p><p>_____________________________________________________________________________<\/p><hr \/><p><span style=\"text-decoration: underline;\"><strong><a name=\"englishversion\"><\/a>Right of withdrawal and standard form<\/strong><\/span><\/p><p>You have the right to withdraw from purchase within 14 days after purchase without telling any reason. The 14 days period starts after receival of goods.<\/p><p>To exercise your right to withdraw form purchase, you MUST send us a note to: Grau GmbH, Riemekestr. 11, 33102 Paderborn-Germany, <a href=\"https:\/\/main.grauonline.de\/de\/?page_id=81\" target=\"_blank\" rel=\"noopener\">contact form<\/a>.<\/p><p>You have to tell us by Post, Telefax or E-Mail about your decision to withdraw from your purchase.<\/p><p>You may use the standard-form below.<\/p><p>You must send us the goods back to us within 3 months after your notification of your withdrawal from purchase.<br \/>If the goods do not arrive within 3 months at our address, your withdrawal is incomplete and will be rejected as not claimable.<\/p><p>IN ANY CASE, you have to bear the shipping costs for sending the goods back to our company.<br \/>You have to bear for the direct costs or problems due to shipping loss and other problems of returnment.<\/p><p>If you have notified us and sent back the goods within 3 months, we will reimburse all payments to you including shipping costs.<\/p><p>We will reimburse with the same payment method, you used for payment, except we have another made another agreement. We will not charge any costs for reimbursement.<\/p><p>You have to compensate for loss in value of the goods, if our checkings of quality, properties and function lead back to your uncareful handling of the goods.<\/p><p><strong>Exceptions for the right of withdrawal from purchase<\/strong><\/p><p>The right of withdrawal from purchase does NOT exist for individual contracts for shipping of goods, which are not individually manufactured and tailored for you by our company.<\/p><p>Futhermore the right of withdrawal from purchase does NOT exist for downloadable software from our company.<br \/>A purchased software license key cannot be deactivated due to technical reasons. Be sure to test our software DEMO versions carefully before you buy.<\/p><p><strong>Sealed goods<\/strong><\/p><p>For contracts containing the delivery of sealed goods (i.e. sanitary products), the right of withdrawal from purchase expires when removing the seal from the good.<\/p><p><strong>Standard form<\/strong><\/p><p>If you want to withdraw from purchase, please fill in this form and send it back to us: Grau GmbH, Gottfried-B\u00fcren-Weg 25, 33014 Bad Driburg, Germany.<\/p><p><a href=\"https:\/\/main.grauonline.de\/de\/?page_id=81\" target=\"_blank\" rel=\"noopener\">contact form<\/a><\/p><p>I\/we hereby withdraw from my\/our purchase contract regarding the following goods\/services:<\/p><p>_____________________________________________________________________<\/p><p>_____________________________________________________________________<\/p><p>_____________________________________________________________________<\/p><p>_____________________________________________________________________<\/p><p>_____________________________________________________________________<\/p><p>Received on (Day\/Month\/Year): ______________________________________________<\/p><p>Your invoice number: _____________________________________________________<\/p><p>Your complete address:<\/p><p>____________________________________________________________________________<\/p><p>____________________________________________________________________________<\/p><p>____________________________________________________________________________<\/p><p>____________________________________________________________________________<\/p><p>____________________________________________________________________________<\/p><p>____________________________________________________________________________<\/p><p>Location, date, signature:<\/p><p>_____________________________________________________________________________<\/p>\t\t\t\t\t\t\t\t<\/div>\n\t\t\t\t<\/div>\n\t\t\t\t\t<\/div>\n\t\t<\/div>\n\t\t\t\t\t<\/div>\n\t\t<\/section>\n\t\t\t\t<section class=\"elementor-section elementor-top-section elementor-element elementor-element-b1f2761 elementor-section-boxed elementor-section-height-default elementor-section-height-default jltma-glass-effect-no\" data-id=\"b1f2761\" data-element_type=\"section\" data-e-type=\"section\">\n\t\t\t\t\t\t<div class=\"elementor-container elementor-column-gap-default\">\n\t\t\t\t\t<div class=\"elementor-column elementor-col-100 elementor-top-column elementor-element elementor-element-74ab175 jltma-glass-effect-no\" data-id=\"74ab175\" data-element_type=\"column\" data-e-type=\"column\">\n\t\t\t<div class=\"elementor-widget-wrap elementor-element-populated\">\n\t\t\t\t\t\t<div class=\"elementor-element elementor-element-99865ff elementor-align-center jltma-glass-effect-no elementor-widget elementor-widget-button\" data-id=\"99865ff\" data-element_type=\"widget\" data-e-type=\"widget\" data-widget_type=\"button.default\">\n\t\t\t\t<div class=\"elementor-widget-container\">\n\t\t\t\t\t\t\t\t\t<div class=\"elementor-button-wrapper\">\n\t\t\t\t\t<a class=\"elementor-button elementor-button-link elementor-size-md\" href=\"https:\/\/main.grauonline.de\/de\/\">\n\t\t\t\t\t\t<span class=\"elementor-button-content-wrapper\">\n\t\t\t\t\t\t<span class=\"elementor-button-icon\">\n\t\t\t\t<i aria-hidden=\"true\" class=\"far fa-arrow-alt-circle-up\"><\/i>\t\t\t<\/span>\n\t\t\t\t\t\t\t\t\t<span class=\"elementor-button-text\">Zur\u00fcck zur Startseite!<\/span>\n\t\t\t\t\t<\/span>\n\t\t\t\t\t<\/a>\n\t\t\t\t<\/div>\n\t\t\t\t\t\t\t\t<\/div>\n\t\t\t\t<\/div>\n\t\t\t\t\t<\/div>\n\t\t<\/div>\n\t\t\t\t\t<\/div>\n\t\t<\/section>\n\t\t\t\t<\/div>","protected":false},"excerpt":{"rendered":"<p>Please click here for an English version of this document. Widerrufsbelehrung und Muster-Widerrufsformular Widerrufsbelehrung Sie haben das Recht, binnen vierzehn&hellip;<\/p>","protected":false},"author":1,"featured_media":0,"parent":0,"menu_order":0,"comment_status":"closed","ping_status":"closed","template":"","meta":{"footnotes":""},"class_list":["post-1241","page","type-page","status-publish","hentry"],"yoast_head":"<!-- This site is optimized with the Yoast SEO plugin v16.2 - https:\/\/yoast.com\/wordpress\/plugins\/seo\/ -->\n<title>Widerrufsrecht \/ right of withdrawal from purchase - Grau GmbH Hardware &amp; Software Solutions<\/title>\n<meta name=\"robots\" content=\"index, follow, max-snippet:-1, max-image-preview:large, max-video-preview:-1\" \/>\n<link rel=\"canonical\" href=\"https:\/\/main.grauonline.de\/de\/widerruf\/\" \/>\n<meta property=\"og:locale\" content=\"de_DE\" \/>\n<meta property=\"og:type\" content=\"article\" \/>\n<meta property=\"og:title\" content=\"Widerrufsrecht \/ right of withdrawal from purchase - Grau GmbH Hardware &amp; Software Solutions\" \/>\n<meta property=\"og:description\" content=\"Please click here for an English version of this document. Widerrufsbelehrung und Muster-Widerrufsformular Widerrufsbelehrung Sie haben das Recht, binnen vierzehn&hellip;\" \/>\n<meta property=\"og:url\" content=\"https:\/\/main.grauonline.de\/de\/widerruf\/\" \/>\n<meta property=\"og:site_name\" content=\"Grau GmbH Hardware &amp; Software Solutions\" \/>\n<meta property=\"article:modified_time\" content=\"2022-01-04T12:05:39+00:00\" \/>\n<meta name=\"twitter:card\" content=\"summary\" \/>\n<meta name=\"twitter:label1\" content=\"Gesch\u00e4tzte Lesezeit\">\n\t<meta name=\"twitter:data1\" content=\"5\u00a0Minuten\">\n<script type=\"application\/ld+json\" class=\"yoast-schema-graph\">{\"@context\":\"https:\/\/schema.org\",\"@graph\":[{\"@type\":\"WebSite\",\"@id\":\"https:\/\/main.grauonline.de\/#website\",\"url\":\"https:\/\/main.grauonline.de\/\",\"name\":\"Grau GmbH Hardware &amp; Software Solutions\",\"description\":\"We make IT simple!\",\"potentialAction\":[{\"@type\":\"SearchAction\",\"target\":\"https:\/\/main.grauonline.de\/?s={search_term_string}\",\"query-input\":\"required name=search_term_string\"}],\"inLanguage\":\"de\"},{\"@type\":\"WebPage\",\"@id\":\"https:\/\/main.grauonline.de\/widerruf\/#webpage\",\"url\":\"https:\/\/main.grauonline.de\/widerruf\/\",\"name\":\"Widerrufsrecht \/ right of withdrawal from purchase - Grau GmbH Hardware &amp; Software Solutions\",\"isPartOf\":{\"@id\":\"https:\/\/main.grauonline.de\/#website\"},\"datePublished\":\"2018-05-15T12:48:33+00:00\",\"dateModified\":\"2022-01-04T12:05:39+00:00\",\"breadcrumb\":{\"@id\":\"https:\/\/main.grauonline.de\/widerruf\/#breadcrumb\"},\"inLanguage\":\"de\",\"potentialAction\":[{\"@type\":\"ReadAction\",\"target\":[\"https:\/\/main.grauonline.de\/widerruf\/\"]}]},{\"@type\":\"BreadcrumbList\",\"@id\":\"https:\/\/main.grauonline.de\/widerruf\/#breadcrumb\",\"itemListElement\":[{\"@type\":\"ListItem\",\"position\":1,\"item\":{\"@id\":\"https:\/\/main.grauonline.de\/widerruf\/#webpage\"}}]}]}<\/script>\n<!-- \/ Yoast SEO plugin. -->","_links":{"self":[{"href":"https:\/\/main.grauonline.de\/de\/wp-json\/wp\/v2\/pages\/1241","targetHints":{"allow":["GET"]}}],"collection":[{"href":"https:\/\/main.grauonline.de\/de\/wp-json\/wp\/v2\/pages"}],"about":[{"href":"https:\/\/main.grauonline.de\/de\/wp-json\/wp\/v2\/types\/page"}],"author":[{"embeddable":true,"href":"https:\/\/main.grauonline.de\/de\/wp-json\/wp\/v2\/users\/1"}],"replies":[{"embeddable":true,"href":"https:\/\/main.grauonline.de\/de\/wp-json\/wp\/v2\/comments?post=1241"}],"version-history":[{"count":29,"href":"https:\/\/main.grauonline.de\/de\/wp-json\/wp\/v2\/pages\/1241\/revisions"}],"predecessor-version":[{"id":4149,"href":"https:\/\/main.grauonline.de\/de\/wp-json\/wp\/v2\/pages\/1241\/revisions\/4149"}],"wp:attachment":[{"href":"https:\/\/main.grauonline.de\/de\/wp-json\/wp\/v2\/media?parent=1241"}],"curies":[{"name":"wp","href":"https:\/\/api.w.org\/{rel}","templated":true}]}}